{"id":989,"date":"2025-10-01T20:12:01","date_gmt":"2025-10-01T18:12:01","guid":{"rendered":"https:\/\/srv113897.seohost.com.pl\/?post_type=product&#038;p=989"},"modified":"2026-05-03T23:44:18","modified_gmt":"2026-05-03T21:44:18","slug":"silnik-zaburtowy-mercury-3-5-km-rumpel-l-stopa","status":"publish","type":"product","link":"https:\/\/srv113897.seohost.com.pl\/index.php\/produkt\/silnik-zaburtowy-mercury-3-5-km-rumpel-l-stopa\/","title":{"rendered":"Silnik zaburtowy MERCURY 3.5 KM rumpel L stopa"},"content":{"rendered":"<p>Do sprzedania silnik zaburtowy MERCURY 3.5 KM , L stopa (standardowa),4-SUWOWY,sterowanie rumpel, wbudowany zbiornik paliwa.<\/p>\n<p>Silnik w pe\u0142ni sprawny po przegl\u0105dzie wykonanym przez nasz\u0105 firm\u0119. Przy odbiorze osobistym silniki odpalamy w celu przetestowania. Wy\u015blemy r\u00f3wnie\u017c kurierem zapakowane na palet\u0119.<\/p>\n<p>Na wszystkie silniki wystawiamy Faktur\u0119 i udzielamy gwaranc. rozruchowej.<\/p>\n","protected":false},"excerpt":{"rendered":"<p>Do sprzedania silnik zaburtowy MERCURY 3.5 KM , L stopa (standardowa),4-SUWOWY,sterowanie rumpel, wbudowany zbiornik paliwa. Silnik w pe\u0142ni sprawny po przegl\u0105dzie wykonanym przez nasz\u0105 firm\u0119. Przy odbiorze osobistym silniki odpalamy w celu przetestowania. Wy\u015blemy r\u00f3wnie\u017c kurierem zapakowane na palet\u0119. Na wszystkie silniki wystawiamy Faktur\u0119 i udzielamy gwaranc. rozruchowej.<\/p>\n","protected":false},"featured_media":5456,"comment_status":"open","ping_status":"closed","template":"","meta":[],"product_brand":[62],"product_cat":[51,55],"product_tag":[56],"class_list":{"0":"post-989","1":"product","2":"type-product","3":"status-publish","4":"has-post-thumbnail","6":"product_brand-mercury","7":"product_cat-silniki-zaburtowe","8":"product_cat-silniki-od-1-do-5-km","9":"product_tag-stopa-s","11":"first","12":"instock","13":"shipping-taxable","14":"purchasable","15":"product-type-simple"},"_links":{"self":[{"href":"https:\/\/srv113897.seohost.com.pl\/index.php\/wp-json\/wp\/v2\/product\/989","targetHints":{"allow":["GET"]}}],"collection":[{"href":"https:\/\/srv113897.seohost.com.pl\/index.php\/wp-json\/wp\/v2\/product"}],"about":[{"href":"https:\/\/srv113897.seohost.com.pl\/index.php\/wp-json\/wp\/v2\/types\/product"}],"replies":[{"embeddable":true,"href":"https:\/\/srv113897.seohost.com.pl\/index.php\/wp-json\/wp\/v2\/comments?post=989"}],"wp:featuredmedia":[{"embeddable":true,"href":"https:\/\/srv113897.seohost.com.pl\/index.php\/wp-json\/wp\/v2\/media\/5456"}],"wp:attachment":[{"href":"https:\/\/srv113897.seohost.com.pl\/index.php\/wp-json\/wp\/v2\/media?parent=989"}],"wp:term":[{"taxonomy":"product_brand","embeddable":true,"href":"https:\/\/srv113897.seohost.com.pl\/index.php\/wp-json\/wp\/v2\/product_brand?post=989"},{"taxonomy":"product_cat","embeddable":true,"href":"https:\/\/srv113897.seohost.com.pl\/index.php\/wp-json\/wp\/v2\/product_cat?post=989"},{"taxonomy":"product_tag","embeddable":true,"href":"https:\/\/srv113897.seohost.com.pl\/index.php\/wp-json\/wp\/v2\/product_tag?post=989"}],"curies":[{"name":"wp","href":"https:\/\/api.w.org\/{rel}","templated":true}]}}