{"id":981,"date":"2025-10-01T20:12:00","date_gmt":"2025-10-01T18:12:00","guid":{"rendered":"https:\/\/srv113897.seohost.com.pl\/?post_type=product&#038;p=981"},"modified":"2026-05-03T23:44:00","modified_gmt":"2026-05-03T21:44:00","slug":"lodz-sea-ray-180-bowrider","status":"publish","type":"product","link":"https:\/\/srv113897.seohost.com.pl\/index.php\/produkt\/lodz-sea-ray-180-bowrider\/","title":{"rendered":"\u0141\u00f3d\u017a Sea Ray 180 Bowrider"},"content":{"rendered":"<p>&nbsp;<\/p>\n<p>Sprzedam motor\u00f3wk\u0119 Sea Ray 180 bowrider.<br \/>\nKad\u0142ub w stanie idealnym, bez uszkodze\u0144. Silnik po kapitalnym remoncie benzynowy Mercury Mercruiser 3.0l, w bardzo dobrym stanie i przek\u0142adnia ZET nowa Alpha one. drugiej generacji.<br \/>\nTapicerka be\u017cowa, bez uszkodze\u0144. W zestawie plandeka portowa..<\/p>\n<p>Wymiary: d\u0142 5,49m, szer 2,24m.<br \/>\nRok produkcji 2001<\/p>\n<p>Motor\u00f3wka zadbana i doinwestowana.<br \/>\nSprzeda\u017c bez przyczepy<\/p>\n","protected":false},"excerpt":{"rendered":"<p>&nbsp; Sprzedam motor\u00f3wk\u0119 Sea Ray 180 bowrider. Kad\u0142ub w stanie idealnym, bez uszkodze\u0144. Silnik po kapitalnym remoncie benzynowy Mercury Mercruiser 3.0l, w bardzo dobrym stanie i przek\u0142adnia ZET nowa Alpha one. drugiej generacji. Tapicerka be\u017cowa, bez uszkodze\u0144. W zestawie plandeka portowa.. Wymiary: d\u0142 5,49m, szer 2,24m. Rok produkcji 2001 Motor\u00f3wka zadbana i doinwestowana. Sprzeda\u017c bez [&hellip;]<\/p>\n","protected":false},"featured_media":5410,"comment_status":"open","ping_status":"closed","template":"","meta":[],"product_brand":[],"product_cat":[46],"product_tag":[47],"class_list":{"0":"post-981","1":"product","2":"type-product","3":"status-publish","4":"has-post-thumbnail","6":"product_cat-lodzie-i-inne","7":"product_tag-lodz","9":"first","10":"instock","11":"shipping-taxable","12":"purchasable","13":"product-type-simple"},"_links":{"self":[{"href":"https:\/\/srv113897.seohost.com.pl\/index.php\/wp-json\/wp\/v2\/product\/981","targetHints":{"allow":["GET"]}}],"collection":[{"href":"https:\/\/srv113897.seohost.com.pl\/index.php\/wp-json\/wp\/v2\/product"}],"about":[{"href":"https:\/\/srv113897.seohost.com.pl\/index.php\/wp-json\/wp\/v2\/types\/product"}],"replies":[{"embeddable":true,"href":"https:\/\/srv113897.seohost.com.pl\/index.php\/wp-json\/wp\/v2\/comments?post=981"}],"wp:featuredmedia":[{"embeddable":true,"href":"https:\/\/srv113897.seohost.com.pl\/index.php\/wp-json\/wp\/v2\/media\/5410"}],"wp:attachment":[{"href":"https:\/\/srv113897.seohost.com.pl\/index.php\/wp-json\/wp\/v2\/media?parent=981"}],"wp:term":[{"taxonomy":"product_brand","embeddable":true,"href":"https:\/\/srv113897.seohost.com.pl\/index.php\/wp-json\/wp\/v2\/product_brand?post=981"},{"taxonomy":"product_cat","embeddable":true,"href":"https:\/\/srv113897.seohost.com.pl\/index.php\/wp-json\/wp\/v2\/product_cat?post=981"},{"taxonomy":"product_tag","embeddable":true,"href":"https:\/\/srv113897.seohost.com.pl\/index.php\/wp-json\/wp\/v2\/product_tag?post=981"}],"curies":[{"name":"wp","href":"https:\/\/api.w.org\/{rel}","templated":true}]}}