{"id":4640,"date":"2025-10-01T20:52:57","date_gmt":"2025-10-01T18:52:57","guid":{"rendered":"https:\/\/srv113897.seohost.com.pl\/?post_type=product&#038;p=4640"},"modified":"2026-05-04T00:19:05","modified_gmt":"2026-05-03T22:19:05","slug":"mercury-25km-2t-caly-na-czesci-spodzina","status":"publish","type":"product","link":"https:\/\/srv113897.seohost.com.pl\/index.php\/produkt\/mercury-25km-2t-caly-na-czesci-spodzina\/","title":{"rendered":"Mercury 25KM 2T ca\u0142y na cz\u0119\u015bci (spodzina)"},"content":{"rendered":"<p><b>W ofercie posiadamy<\/b><b>:<\/b><\/p>\n<p><strong>Mercury 25KM 2T ca\u0142y na cz\u0119\u015bci <\/strong><\/p>\n<p>nr.17<\/p>\n<p>Cena za spodzin\u0119, bez \u015bruby.<\/p>\n<p><strong>W przypadku w\u0105tpliwo\u015bci, czy dana cze\u015b\u0107 pasuje do danego silnika prosimy zada\u0107 pytanie.<\/strong><\/p>\n","protected":false},"excerpt":{"rendered":"<p>W ofercie posiadamy: Mercury 25KM 2T ca\u0142y na cz\u0119\u015bci nr.17 Cena za spodzin\u0119, bez \u015bruby. W przypadku w\u0105tpliwo\u015bci, czy dana cze\u015b\u0107 pasuje do danego silnika prosimy zada\u0107 pytanie.<\/p>\n","protected":false},"featured_media":8666,"comment_status":"open","ping_status":"closed","template":"","meta":[],"product_brand":[62],"product_cat":[48,125,104],"product_tag":[],"class_list":{"0":"post-4640","1":"product","2":"type-product","3":"status-publish","4":"has-post-thumbnail","6":"product_brand-mercury","7":"product_cat-czesci-silnikowe","8":"product_cat-silniki-na-czesci","9":"product_cat-spodziny","11":"first","12":"instock","13":"shipping-taxable","14":"purchasable","15":"product-type-simple"},"_links":{"self":[{"href":"https:\/\/srv113897.seohost.com.pl\/index.php\/wp-json\/wp\/v2\/product\/4640","targetHints":{"allow":["GET"]}}],"collection":[{"href":"https:\/\/srv113897.seohost.com.pl\/index.php\/wp-json\/wp\/v2\/product"}],"about":[{"href":"https:\/\/srv113897.seohost.com.pl\/index.php\/wp-json\/wp\/v2\/types\/product"}],"replies":[{"embeddable":true,"href":"https:\/\/srv113897.seohost.com.pl\/index.php\/wp-json\/wp\/v2\/comments?post=4640"}],"wp:featuredmedia":[{"embeddable":true,"href":"https:\/\/srv113897.seohost.com.pl\/index.php\/wp-json\/wp\/v2\/media\/8666"}],"wp:attachment":[{"href":"https:\/\/srv113897.seohost.com.pl\/index.php\/wp-json\/wp\/v2\/media?parent=4640"}],"wp:term":[{"taxonomy":"product_brand","embeddable":true,"href":"https:\/\/srv113897.seohost.com.pl\/index.php\/wp-json\/wp\/v2\/product_brand?post=4640"},{"taxonomy":"product_cat","embeddable":true,"href":"https:\/\/srv113897.seohost.com.pl\/index.php\/wp-json\/wp\/v2\/product_cat?post=4640"},{"taxonomy":"product_tag","embeddable":true,"href":"https:\/\/srv113897.seohost.com.pl\/index.php\/wp-json\/wp\/v2\/product_tag?post=4640"}],"curies":[{"name":"wp","href":"https:\/\/api.w.org\/{rel}","templated":true}]}}