{"id":4516,"date":"2025-10-01T20:51:23","date_gmt":"2025-10-01T18:51:23","guid":{"rendered":"https:\/\/srv113897.seohost.com.pl\/?post_type=product&#038;p=4516"},"modified":"2026-05-04T00:17:35","modified_gmt":"2026-05-03T22:17:35","slug":"silnik-zaburtowy-suzuki-300km-2016rok","status":"publish","type":"product","link":"https:\/\/srv113897.seohost.com.pl\/index.php\/produkt\/silnik-zaburtowy-suzuki-300km-2016rok\/","title":{"rendered":"Silnik zaburtowy Suzuki 300KM 2016rok"},"content":{"rendered":"<p>Do sprzedania silnik zaburtowy SUZUKI 300KM 4-suw, 2016 rok, 650 mth w zestawie 3 zegary, manetka elektroniczna, instrukcja obs\u0142ugi pe\u0142ne okablowanie.<\/p>\n<p>Silnik w pe\u0142ni sprawny po przegladzie wykonanym przez nasz\u0105 firm\u0119. Przy odbiorze osobistym silniki odpalamy w celu przetestowania. Wy\u015blemy r\u00f3wnie\u017c kurierem zapakowane na palet\u0119.<\/p>\n<p>Na ka\u017cdy silnik wystawiamy Faktur\u0119\u00a0\u00a0oraz udzielamy gwaranc. rozruchowej.<\/p>\n","protected":false},"excerpt":{"rendered":"<p>Do sprzedania silnik zaburtowy SUZUKI 300KM 4-suw, 2016 rok, 650 mth w zestawie 3 zegary, manetka elektroniczna, instrukcja obs\u0142ugi pe\u0142ne okablowanie. Silnik w pe\u0142ni sprawny po przegladzie wykonanym przez nasz\u0105 firm\u0119. Przy odbiorze osobistym silniki odpalamy w celu przetestowania. Wy\u015blemy r\u00f3wnie\u017c kurierem zapakowane na palet\u0119. Na ka\u017cdy silnik wystawiamy Faktur\u0119\u00a0\u00a0oraz udzielamy gwaranc. rozruchowej.<\/p>\n","protected":false},"featured_media":8510,"comment_status":"open","ping_status":"closed","template":"","meta":[],"product_brand":[63],"product_cat":[51,72],"product_tag":[],"class_list":{"0":"post-4516","1":"product","2":"type-product","3":"status-publish","4":"has-post-thumbnail","6":"product_brand-suzuki","7":"product_cat-silniki-zaburtowe","8":"product_cat-silniki-powyzej-201-koni","10":"first","11":"instock","12":"featured","13":"shipping-taxable","14":"purchasable","15":"product-type-simple"},"_links":{"self":[{"href":"https:\/\/srv113897.seohost.com.pl\/index.php\/wp-json\/wp\/v2\/product\/4516","targetHints":{"allow":["GET"]}}],"collection":[{"href":"https:\/\/srv113897.seohost.com.pl\/index.php\/wp-json\/wp\/v2\/product"}],"about":[{"href":"https:\/\/srv113897.seohost.com.pl\/index.php\/wp-json\/wp\/v2\/types\/product"}],"replies":[{"embeddable":true,"href":"https:\/\/srv113897.seohost.com.pl\/index.php\/wp-json\/wp\/v2\/comments?post=4516"}],"wp:featuredmedia":[{"embeddable":true,"href":"https:\/\/srv113897.seohost.com.pl\/index.php\/wp-json\/wp\/v2\/media\/8510"}],"wp:attachment":[{"href":"https:\/\/srv113897.seohost.com.pl\/index.php\/wp-json\/wp\/v2\/media?parent=4516"}],"wp:term":[{"taxonomy":"product_brand","embeddable":true,"href":"https:\/\/srv113897.seohost.com.pl\/index.php\/wp-json\/wp\/v2\/product_brand?post=4516"},{"taxonomy":"product_cat","embeddable":true,"href":"https:\/\/srv113897.seohost.com.pl\/index.php\/wp-json\/wp\/v2\/product_cat?post=4516"},{"taxonomy":"product_tag","embeddable":true,"href":"https:\/\/srv113897.seohost.com.pl\/index.php\/wp-json\/wp\/v2\/product_tag?post=4516"}],"curies":[{"name":"wp","href":"https:\/\/api.w.org\/{rel}","templated":true}]}}