{"id":4490,"date":"2025-10-01T20:51:00","date_gmt":"2025-10-01T18:51:00","guid":{"rendered":"https:\/\/srv113897.seohost.com.pl\/?post_type=product&#038;p=4490"},"modified":"2026-05-04T00:17:11","modified_gmt":"2026-05-03T22:17:11","slug":"silnik-zaburtowy-yamaha-130-km-stopa-xl-power-trim","status":"publish","type":"product","link":"https:\/\/srv113897.seohost.com.pl\/index.php\/produkt\/silnik-zaburtowy-yamaha-130-km-stopa-xl-power-trim\/","title":{"rendered":"Silnik zaburtowy YAMAHA 130 KM stopa XL Power Trim"},"content":{"rendered":"<p>Do sprzedania silnik zaburtowy YAMAHA 130 KM 4-suw, stopa XL, sterowanie pod manetk\u0119, rozruch elektryczny, pover trim,1000 motogodzin.<\/p>\n<p>Silnik w pe\u0142ni sprawny po przegladzie wykonanym przez nasz\u0105 firm\u0119. Przy odbiorze osobistym silniki odpalamy w celu przetestowania. Wy\u015blemy r\u00f3wnie\u017c kurierem zapakowane na palet\u0119.<\/p>\n<p>Na ka\u017cdy silnik wystawiamy Faktur\u0119\u00a0\u00a0oraz udzielamy gwaranc. rozruchowej.<\/p>\n","protected":false},"excerpt":{"rendered":"<p>Do sprzedania silnik zaburtowy YAMAHA 130 KM 4-suw, stopa XL, sterowanie pod manetk\u0119, rozruch elektryczny, pover trim,1000 motogodzin. Silnik w pe\u0142ni sprawny po przegladzie wykonanym przez nasz\u0105 firm\u0119. Przy odbiorze osobistym silniki odpalamy w celu przetestowania. Wy\u015blemy r\u00f3wnie\u017c kurierem zapakowane na palet\u0119. Na ka\u017cdy silnik wystawiamy Faktur\u0119\u00a0\u00a0oraz udzielamy gwaranc. rozruchowej.<\/p>\n","protected":false},"featured_media":8482,"comment_status":"open","ping_status":"closed","template":"","meta":[],"product_brand":[64],"product_cat":[51,58],"product_tag":[],"class_list":{"0":"post-4490","1":"product","2":"type-product","3":"status-publish","4":"has-post-thumbnail","6":"product_brand-yamaha","7":"product_cat-silniki-zaburtowe","8":"product_cat-silniki-od-101-do-200-km","10":"first","11":"instock","12":"shipping-taxable","13":"purchasable","14":"product-type-simple"},"_links":{"self":[{"href":"https:\/\/srv113897.seohost.com.pl\/index.php\/wp-json\/wp\/v2\/product\/4490","targetHints":{"allow":["GET"]}}],"collection":[{"href":"https:\/\/srv113897.seohost.com.pl\/index.php\/wp-json\/wp\/v2\/product"}],"about":[{"href":"https:\/\/srv113897.seohost.com.pl\/index.php\/wp-json\/wp\/v2\/types\/product"}],"replies":[{"embeddable":true,"href":"https:\/\/srv113897.seohost.com.pl\/index.php\/wp-json\/wp\/v2\/comments?post=4490"}],"wp:featuredmedia":[{"embeddable":true,"href":"https:\/\/srv113897.seohost.com.pl\/index.php\/wp-json\/wp\/v2\/media\/8482"}],"wp:attachment":[{"href":"https:\/\/srv113897.seohost.com.pl\/index.php\/wp-json\/wp\/v2\/media?parent=4490"}],"wp:term":[{"taxonomy":"product_brand","embeddable":true,"href":"https:\/\/srv113897.seohost.com.pl\/index.php\/wp-json\/wp\/v2\/product_brand?post=4490"},{"taxonomy":"product_cat","embeddable":true,"href":"https:\/\/srv113897.seohost.com.pl\/index.php\/wp-json\/wp\/v2\/product_cat?post=4490"},{"taxonomy":"product_tag","embeddable":true,"href":"https:\/\/srv113897.seohost.com.pl\/index.php\/wp-json\/wp\/v2\/product_tag?post=4490"}],"curies":[{"name":"wp","href":"https:\/\/api.w.org\/{rel}","templated":true}]}}