{"id":4435,"date":"2025-10-01T20:50:15","date_gmt":"2025-10-01T18:50:15","guid":{"rendered":"https:\/\/srv113897.seohost.com.pl\/?post_type=product&#038;p=4435"},"modified":"2026-05-04T00:16:39","modified_gmt":"2026-05-03T22:16:39","slug":"zespol-plyty-pawezy-mercruiser-alpha-one-gen-2-44116-c2","status":"publish","type":"product","link":"https:\/\/srv113897.seohost.com.pl\/index.php\/produkt\/zespol-plyty-pawezy-mercruiser-alpha-one-gen-2-44116-c2\/","title":{"rendered":"Zesp\u00f3\u0142 p\u0142yty paw\u0119\u017cy Mercruiser Alpha One Gen 2 # 44116 C2"},"content":{"rendered":"<pre id=\"tw-target-text\" class=\"tw-data-text tw-text-large tw-ta\" dir=\"ltr\" data-placeholder=\"T\u0142umaczenie\" data-ved=\"2ahUKEwjfw-nk8PCOAxUsHhAIHbnqDqcQ3ewLegQICRAV\" aria-label=\"Przet\u0142umaczony tekst: Zesp\u00f3\u0142 p\u0142yty paw\u0119\u017cy Mercruiser Alpha One Gen 2 # 44116 C2\"><span class=\"Y2IQFc\" lang=\"pl\">Zesp\u00f3\u0142 p\u0142yty paw\u0119\u017cy Mercruiser Alpha One Gen 2 # 44116 C2<\/span><\/pre>\n","protected":false},"excerpt":{"rendered":"<p>Zesp\u00f3\u0142 p\u0142yty paw\u0119\u017cy Mercruiser Alpha One Gen 2 # 44116 C2<\/p>\n","protected":false},"featured_media":8430,"comment_status":"open","ping_status":"closed","template":"","meta":[],"product_brand":[61],"product_cat":[115,124],"product_tag":[],"class_list":{"0":"post-4435","1":"product","2":"type-product","3":"status-publish","4":"has-post-thumbnail","6":"product_brand-mercruiser","7":"product_cat-osprzet-silnikow","8":"product_cat-przekladnie","10":"first","11":"instock","12":"shipping-taxable","13":"purchasable","14":"product-type-simple"},"_links":{"self":[{"href":"https:\/\/srv113897.seohost.com.pl\/index.php\/wp-json\/wp\/v2\/product\/4435","targetHints":{"allow":["GET"]}}],"collection":[{"href":"https:\/\/srv113897.seohost.com.pl\/index.php\/wp-json\/wp\/v2\/product"}],"about":[{"href":"https:\/\/srv113897.seohost.com.pl\/index.php\/wp-json\/wp\/v2\/types\/product"}],"replies":[{"embeddable":true,"href":"https:\/\/srv113897.seohost.com.pl\/index.php\/wp-json\/wp\/v2\/comments?post=4435"}],"wp:featuredmedia":[{"embeddable":true,"href":"https:\/\/srv113897.seohost.com.pl\/index.php\/wp-json\/wp\/v2\/media\/8430"}],"wp:attachment":[{"href":"https:\/\/srv113897.seohost.com.pl\/index.php\/wp-json\/wp\/v2\/media?parent=4435"}],"wp:term":[{"taxonomy":"product_brand","embeddable":true,"href":"https:\/\/srv113897.seohost.com.pl\/index.php\/wp-json\/wp\/v2\/product_brand?post=4435"},{"taxonomy":"product_cat","embeddable":true,"href":"https:\/\/srv113897.seohost.com.pl\/index.php\/wp-json\/wp\/v2\/product_cat?post=4435"},{"taxonomy":"product_tag","embeddable":true,"href":"https:\/\/srv113897.seohost.com.pl\/index.php\/wp-json\/wp\/v2\/product_tag?post=4435"}],"curies":[{"name":"wp","href":"https:\/\/api.w.org\/{rel}","templated":true}]}}