{"id":4433,"date":"2025-10-01T20:50:14","date_gmt":"2025-10-01T18:50:14","guid":{"rendered":"https:\/\/srv113897.seohost.com.pl\/?post_type=product&#038;p=4433"},"modified":"2026-05-04T00:16:34","modified_gmt":"2026-05-03T22:16:34","slug":"ultra-flex-sterociag-hydrauliczny-do-duzych-silnikow","status":"publish","type":"product","link":"https:\/\/srv113897.seohost.com.pl\/index.php\/produkt\/ultra-flex-sterociag-hydrauliczny-do-duzych-silnikow\/","title":{"rendered":"Ultra flex steroci\u0105g hydrauliczny do du\u017cych silnik\u00f3w"},"content":{"rendered":"<p>Ultra flex steroci\u0105g hydrauliczny do du\u017cych silnik\u00f3w<\/p>\n","protected":false},"excerpt":{"rendered":"<p>Ultra flex steroci\u0105g hydrauliczny do du\u017cych silnik\u00f3w<\/p>\n","protected":false},"featured_media":8423,"comment_status":"open","ping_status":"closed","template":"","meta":[],"product_brand":[136],"product_cat":[48,150],"product_tag":[],"class_list":{"0":"post-4433","1":"product","2":"type-product","3":"status-publish","4":"has-post-thumbnail","6":"product_brand-inna","7":"product_cat-czesci-silnikowe","8":"product_cat-silowniki-ukladu-kierowniczego","10":"first","11":"instock","12":"shipping-taxable","13":"purchasable","14":"product-type-simple"},"_links":{"self":[{"href":"https:\/\/srv113897.seohost.com.pl\/index.php\/wp-json\/wp\/v2\/product\/4433","targetHints":{"allow":["GET"]}}],"collection":[{"href":"https:\/\/srv113897.seohost.com.pl\/index.php\/wp-json\/wp\/v2\/product"}],"about":[{"href":"https:\/\/srv113897.seohost.com.pl\/index.php\/wp-json\/wp\/v2\/types\/product"}],"replies":[{"embeddable":true,"href":"https:\/\/srv113897.seohost.com.pl\/index.php\/wp-json\/wp\/v2\/comments?post=4433"}],"wp:featuredmedia":[{"embeddable":true,"href":"https:\/\/srv113897.seohost.com.pl\/index.php\/wp-json\/wp\/v2\/media\/8423"}],"wp:attachment":[{"href":"https:\/\/srv113897.seohost.com.pl\/index.php\/wp-json\/wp\/v2\/media?parent=4433"}],"wp:term":[{"taxonomy":"product_brand","embeddable":true,"href":"https:\/\/srv113897.seohost.com.pl\/index.php\/wp-json\/wp\/v2\/product_brand?post=4433"},{"taxonomy":"product_cat","embeddable":true,"href":"https:\/\/srv113897.seohost.com.pl\/index.php\/wp-json\/wp\/v2\/product_cat?post=4433"},{"taxonomy":"product_tag","embeddable":true,"href":"https:\/\/srv113897.seohost.com.pl\/index.php\/wp-json\/wp\/v2\/product_tag?post=4433"}],"curies":[{"name":"wp","href":"https:\/\/api.w.org\/{rel}","templated":true}]}}