{"id":4342,"date":"2025-10-01T20:49:00","date_gmt":"2025-10-01T18:49:00","guid":{"rendered":"https:\/\/srv113897.seohost.com.pl\/?post_type=product&#038;p=4342"},"modified":"2026-05-04T00:15:17","modified_gmt":"2026-05-03T22:15:17","slug":"czapa-obudowa-silnik-zaburtowy-mercury-4km","status":"publish","type":"product","link":"https:\/\/srv113897.seohost.com.pl\/index.php\/produkt\/czapa-obudowa-silnik-zaburtowy-mercury-4km\/","title":{"rendered":"Czapa Obudowa silnik zaburtowy Mercury 4KM"},"content":{"rendered":"<p><b>W ofercie posiadamy<\/b><b>:<\/b><\/p>\n<p>Czapa Obudowa silnik zaburtowy Mercury 4KM<\/p>\n<p><b>Produkt oryginalny.<\/b><\/p>\n<p><b>Zapraszamy r\u00f3wnie\u017c na inne nasze aukcje,<\/b>\u00a0<b>posiadamy szeroki wyb\u00f3r cz\u0119\u015bci do silnik\u00f3w zaburtowych oraz stacjonarnych.<\/b><\/p>\n","protected":false},"excerpt":{"rendered":"<p>W ofercie posiadamy: Czapa Obudowa silnik zaburtowy Mercury 4KM Produkt oryginalny. Zapraszamy r\u00f3wnie\u017c na inne nasze aukcje,\u00a0posiadamy szeroki wyb\u00f3r cz\u0119\u015bci do silnik\u00f3w zaburtowych oraz stacjonarnych.<\/p>\n","protected":false},"featured_media":8316,"comment_status":"open","ping_status":"closed","template":"","meta":[],"product_brand":[62],"product_cat":[48,98],"product_tag":[],"class_list":{"0":"post-4342","1":"product","2":"type-product","3":"status-publish","4":"has-post-thumbnail","6":"product_brand-mercury","7":"product_cat-czesci-silnikowe","8":"product_cat-obudowy-silnika","10":"first","11":"instock","12":"shipping-taxable","13":"purchasable","14":"product-type-simple"},"_links":{"self":[{"href":"https:\/\/srv113897.seohost.com.pl\/index.php\/wp-json\/wp\/v2\/product\/4342","targetHints":{"allow":["GET"]}}],"collection":[{"href":"https:\/\/srv113897.seohost.com.pl\/index.php\/wp-json\/wp\/v2\/product"}],"about":[{"href":"https:\/\/srv113897.seohost.com.pl\/index.php\/wp-json\/wp\/v2\/types\/product"}],"replies":[{"embeddable":true,"href":"https:\/\/srv113897.seohost.com.pl\/index.php\/wp-json\/wp\/v2\/comments?post=4342"}],"wp:featuredmedia":[{"embeddable":true,"href":"https:\/\/srv113897.seohost.com.pl\/index.php\/wp-json\/wp\/v2\/media\/8316"}],"wp:attachment":[{"href":"https:\/\/srv113897.seohost.com.pl\/index.php\/wp-json\/wp\/v2\/media?parent=4342"}],"wp:term":[{"taxonomy":"product_brand","embeddable":true,"href":"https:\/\/srv113897.seohost.com.pl\/index.php\/wp-json\/wp\/v2\/product_brand?post=4342"},{"taxonomy":"product_cat","embeddable":true,"href":"https:\/\/srv113897.seohost.com.pl\/index.php\/wp-json\/wp\/v2\/product_cat?post=4342"},{"taxonomy":"product_tag","embeddable":true,"href":"https:\/\/srv113897.seohost.com.pl\/index.php\/wp-json\/wp\/v2\/product_tag?post=4342"}],"curies":[{"name":"wp","href":"https:\/\/api.w.org\/{rel}","templated":true}]}}