{"id":4214,"date":"2025-10-01T20:47:16","date_gmt":"2025-10-01T18:47:16","guid":{"rendered":"https:\/\/srv113897.seohost.com.pl\/?post_type=product&#038;p=4214"},"modified":"2026-05-04T00:14:02","modified_gmt":"2026-05-03T22:14:02","slug":"lacznik-walu-25mm-omega-rex-4-2gd-c-t5-yanmar","status":"publish","type":"product","link":"https:\/\/srv113897.seohost.com.pl\/index.php\/produkt\/lacznik-walu-25mm-omega-rex-4-2gd-c-t5-yanmar\/","title":{"rendered":"\u0141\u0105cznik wa\u0142u 25mm Omega REX 4 2GD c T5 Yanmar"},"content":{"rendered":"<p>W ofercie posiadamy:<\/p>\n<h3>Sprz\u0119g\u0142o elastyczne Omega REX 4<\/h3>\n<p>\u0141\u0105cznik wa\u0142u nap\u0119dowego z silnikiem. Do wa\u0142\u00f3w nap\u0119dowych o \u015brednicy 25 mm.<\/p>\n<p>Pasuje do silnika Yanmar<\/p>\n<p>Zapraszamy r\u00f3wnie\u017c na inne nasze aukcje,\u00a0posiadamy szeroki wyb\u00f3r cz\u0119\u015bci do silnik\u00f3w zaburtowych oraz stacjonarnych.<\/p>\n","protected":false},"excerpt":{"rendered":"<p>W ofercie posiadamy: Sprz\u0119g\u0142o elastyczne Omega REX 4 \u0141\u0105cznik wa\u0142u nap\u0119dowego z silnikiem. Do wa\u0142\u00f3w nap\u0119dowych o \u015brednicy 25 mm. Pasuje do silnika Yanmar Zapraszamy r\u00f3wnie\u017c na inne nasze aukcje,\u00a0posiadamy szeroki wyb\u00f3r cz\u0119\u015bci do silnik\u00f3w zaburtowych oraz stacjonarnych.<\/p>\n","protected":false},"featured_media":8230,"comment_status":"open","ping_status":"closed","template":"","meta":[],"product_brand":[65],"product_cat":[48,151],"product_tag":[],"class_list":{"0":"post-4214","1":"product","2":"type-product","3":"status-publish","4":"has-post-thumbnail","6":"product_brand-yanmar","7":"product_cat-czesci-silnikowe","8":"product_cat-laczniki-walu-napedowego-sprzegla-elastyczne","10":"first","11":"instock","12":"shipping-taxable","13":"purchasable","14":"product-type-simple"},"_links":{"self":[{"href":"https:\/\/srv113897.seohost.com.pl\/index.php\/wp-json\/wp\/v2\/product\/4214","targetHints":{"allow":["GET"]}}],"collection":[{"href":"https:\/\/srv113897.seohost.com.pl\/index.php\/wp-json\/wp\/v2\/product"}],"about":[{"href":"https:\/\/srv113897.seohost.com.pl\/index.php\/wp-json\/wp\/v2\/types\/product"}],"replies":[{"embeddable":true,"href":"https:\/\/srv113897.seohost.com.pl\/index.php\/wp-json\/wp\/v2\/comments?post=4214"}],"wp:featuredmedia":[{"embeddable":true,"href":"https:\/\/srv113897.seohost.com.pl\/index.php\/wp-json\/wp\/v2\/media\/8230"}],"wp:attachment":[{"href":"https:\/\/srv113897.seohost.com.pl\/index.php\/wp-json\/wp\/v2\/media?parent=4214"}],"wp:term":[{"taxonomy":"product_brand","embeddable":true,"href":"https:\/\/srv113897.seohost.com.pl\/index.php\/wp-json\/wp\/v2\/product_brand?post=4214"},{"taxonomy":"product_cat","embeddable":true,"href":"https:\/\/srv113897.seohost.com.pl\/index.php\/wp-json\/wp\/v2\/product_cat?post=4214"},{"taxonomy":"product_tag","embeddable":true,"href":"https:\/\/srv113897.seohost.com.pl\/index.php\/wp-json\/wp\/v2\/product_tag?post=4214"}],"curies":[{"name":"wp","href":"https:\/\/api.w.org\/{rel}","templated":true}]}}