{"id":4182,"date":"2025-10-01T20:46:53","date_gmt":"2025-10-01T18:46:53","guid":{"rendered":"https:\/\/srv113897.seohost.com.pl\/?post_type=product&#038;p=4182"},"modified":"2026-05-04T00:13:54","modified_gmt":"2026-05-03T22:13:54","slug":"zestaw-immobilizera-yamaha-y-cop-6y8-02-2-piloty","status":"publish","type":"product","link":"https:\/\/srv113897.seohost.com.pl\/index.php\/produkt\/zestaw-immobilizera-yamaha-y-cop-6y8-02-2-piloty\/","title":{"rendered":"Zestaw immobilizera Yamaha Y-COP 6Y8-02 2-Piloty"},"content":{"rendered":"<p><b>W ofercie posiadamy<\/b><b>:<\/b><\/p>\n<p>Zestaw immobilizera Y-COP Numer cz\u0119\u015bci Yamaha: 6Y8-02 Zestaw zawiera Procesor Y-COP 2 bezprzewodowe breloki Kabel sieciowy do po\u0142\u0105czenia z koncentratorem \u0142\u0105czy polece\u0144 Nadajnik immobilizera Yamaha Y-COP \u2014 brelok \u2014 pilot \u2014 silnik zaburtowy \u2014 morski<\/p>\n<p><b>Produkt oryginalny.<\/b><\/p>\n<p><b>Stan jak na zdj\u0119ciu.<\/b><\/p>\n<p>Cze\u015b\u0107 w 100% sprawna.<\/p>\n<p>W przypadku w\u0105tpliwo\u015bci, czy dana cze\u015b\u0107 pasuje do danego silnika prosimy wys\u0142a\u0107 zapytanie.<\/p>\n<p><b>Zapraszamy r\u00f3wnie\u017c na inne nasze aukcje,<\/b>\u00a0<b>posiadamy szeroki wyb\u00f3r cz\u0119\u015bci do silnik\u00f3w zaburtowych oraz stacjonarnych.<\/b><\/p>\n","protected":false},"excerpt":{"rendered":"<p>W ofercie posiadamy: Zestaw immobilizera Y-COP Numer cz\u0119\u015bci Yamaha: 6Y8-02 Zestaw zawiera Procesor Y-COP 2 bezprzewodowe breloki Kabel sieciowy do po\u0142\u0105czenia z koncentratorem \u0142\u0105czy polece\u0144 Nadajnik immobilizera Yamaha Y-COP \u2014 brelok \u2014 pilot \u2014 silnik zaburtowy \u2014 morski Produkt oryginalny. Stan jak na zdj\u0119ciu. Cze\u015b\u0107 w 100% sprawna. W przypadku w\u0105tpliwo\u015bci, czy dana cze\u015b\u0107 pasuje [&hellip;]<\/p>\n","protected":false},"featured_media":8223,"comment_status":"open","ping_status":"closed","template":"","meta":[],"product_brand":[64],"product_cat":[48,112],"product_tag":[],"class_list":{"0":"post-4182","1":"product","2":"type-product","3":"status-publish","4":"has-post-thumbnail","6":"product_brand-yamaha","7":"product_cat-czesci-silnikowe","8":"product_cat-moduly-silnika","10":"first","11":"instock","12":"shipping-taxable","13":"purchasable","14":"product-type-simple"},"_links":{"self":[{"href":"https:\/\/srv113897.seohost.com.pl\/index.php\/wp-json\/wp\/v2\/product\/4182","targetHints":{"allow":["GET"]}}],"collection":[{"href":"https:\/\/srv113897.seohost.com.pl\/index.php\/wp-json\/wp\/v2\/product"}],"about":[{"href":"https:\/\/srv113897.seohost.com.pl\/index.php\/wp-json\/wp\/v2\/types\/product"}],"replies":[{"embeddable":true,"href":"https:\/\/srv113897.seohost.com.pl\/index.php\/wp-json\/wp\/v2\/comments?post=4182"}],"wp:featuredmedia":[{"embeddable":true,"href":"https:\/\/srv113897.seohost.com.pl\/index.php\/wp-json\/wp\/v2\/media\/8223"}],"wp:attachment":[{"href":"https:\/\/srv113897.seohost.com.pl\/index.php\/wp-json\/wp\/v2\/media?parent=4182"}],"wp:term":[{"taxonomy":"product_brand","embeddable":true,"href":"https:\/\/srv113897.seohost.com.pl\/index.php\/wp-json\/wp\/v2\/product_brand?post=4182"},{"taxonomy":"product_cat","embeddable":true,"href":"https:\/\/srv113897.seohost.com.pl\/index.php\/wp-json\/wp\/v2\/product_cat?post=4182"},{"taxonomy":"product_tag","embeddable":true,"href":"https:\/\/srv113897.seohost.com.pl\/index.php\/wp-json\/wp\/v2\/product_tag?post=4182"}],"curies":[{"name":"wp","href":"https:\/\/api.w.org\/{rel}","templated":true}]}}