{"id":4177,"date":"2025-10-01T20:46:52","date_gmt":"2025-10-01T18:46:52","guid":{"rendered":"https:\/\/srv113897.seohost.com.pl\/?post_type=product&#038;p=4177"},"modified":"2026-05-04T00:13:39","modified_gmt":"2026-05-03T22:13:39","slug":"yamaha-25-km-glowica-silnik-zaburtowy","status":"publish","type":"product","link":"https:\/\/srv113897.seohost.com.pl\/index.php\/produkt\/yamaha-25-km-glowica-silnik-zaburtowy\/","title":{"rendered":"Yamaha 25 KM G\u0142owica silnik zaburtowy"},"content":{"rendered":"<p>W ofercie posiadamy:<\/p>\n<p>Stopa G\u0142owica do silnika zaburtowego: Yamaha 25 KM<\/p>\n<p>Stan jak na zdj\u0119ciu.<\/p>\n<p>Cze\u015b\u0107 w 100% sprawna.<\/p>\n<p>W przypadku w\u0105tpliwo\u015bci, czy dana cze\u015b\u0107 pasuje do danego silnika prosimy o kontakt. Aukcja dotyczy jednej sztuki.<\/p>\n<p>Zapraszamy r\u00f3wnie\u017c na inne nasze aukcje, posiadamy szeroki wyb\u00f3r cz\u0119\u015bci do silnik\u00f3w zaburtowych oraz stacjonarnych.<\/p>\n","protected":false},"excerpt":{"rendered":"<p>W ofercie posiadamy: Stopa G\u0142owica do silnika zaburtowego: Yamaha 25 KM Stan jak na zdj\u0119ciu. Cze\u015b\u0107 w 100% sprawna. W przypadku w\u0105tpliwo\u015bci, czy dana cze\u015b\u0107 pasuje do danego silnika prosimy o kontakt. Aukcja dotyczy jednej sztuki. Zapraszamy r\u00f3wnie\u017c na inne nasze aukcje, posiadamy szeroki wyb\u00f3r cz\u0119\u015bci do silnik\u00f3w zaburtowych oraz stacjonarnych.<\/p>\n","protected":false},"featured_media":8205,"comment_status":"open","ping_status":"closed","template":"","meta":[],"product_brand":[64],"product_cat":[48,107],"product_tag":[],"class_list":{"0":"post-4177","1":"product","2":"type-product","3":"status-publish","4":"has-post-thumbnail","6":"product_brand-yamaha","7":"product_cat-czesci-silnikowe","8":"product_cat-glowice","10":"first","11":"instock","12":"shipping-taxable","13":"purchasable","14":"product-type-simple"},"_links":{"self":[{"href":"https:\/\/srv113897.seohost.com.pl\/index.php\/wp-json\/wp\/v2\/product\/4177","targetHints":{"allow":["GET"]}}],"collection":[{"href":"https:\/\/srv113897.seohost.com.pl\/index.php\/wp-json\/wp\/v2\/product"}],"about":[{"href":"https:\/\/srv113897.seohost.com.pl\/index.php\/wp-json\/wp\/v2\/types\/product"}],"replies":[{"embeddable":true,"href":"https:\/\/srv113897.seohost.com.pl\/index.php\/wp-json\/wp\/v2\/comments?post=4177"}],"wp:featuredmedia":[{"embeddable":true,"href":"https:\/\/srv113897.seohost.com.pl\/index.php\/wp-json\/wp\/v2\/media\/8205"}],"wp:attachment":[{"href":"https:\/\/srv113897.seohost.com.pl\/index.php\/wp-json\/wp\/v2\/media?parent=4177"}],"wp:term":[{"taxonomy":"product_brand","embeddable":true,"href":"https:\/\/srv113897.seohost.com.pl\/index.php\/wp-json\/wp\/v2\/product_brand?post=4177"},{"taxonomy":"product_cat","embeddable":true,"href":"https:\/\/srv113897.seohost.com.pl\/index.php\/wp-json\/wp\/v2\/product_cat?post=4177"},{"taxonomy":"product_tag","embeddable":true,"href":"https:\/\/srv113897.seohost.com.pl\/index.php\/wp-json\/wp\/v2\/product_tag?post=4177"}],"curies":[{"name":"wp","href":"https:\/\/api.w.org\/{rel}","templated":true}]}}