{"id":4140,"date":"2025-10-01T20:46:29","date_gmt":"2025-10-01T18:46:29","guid":{"rendered":"https:\/\/srv113897.seohost.com.pl\/?post_type=product&#038;p=4140"},"modified":"2026-05-04T00:13:09","modified_gmt":"2026-05-03T22:13:09","slug":"wiazka-do-silnika-yamaha-5-metrow","status":"publish","type":"product","link":"https:\/\/srv113897.seohost.com.pl\/index.php\/produkt\/wiazka-do-silnika-yamaha-5-metrow\/","title":{"rendered":"Wi\u0105zka do silnika Yamaha 5 metr\u00f3w"},"content":{"rendered":"<p><b>W ofercie posiadamy<\/b><b>:<\/b><\/p>\n<p>Oryginalna wi\u0105zka do silnika Yamaha d\u0142ugo\u015b\u0107 5 metr\u00f3w<\/p>\n<p>Produkt nowy oryginalny<\/p>\n<p>Do silnika zaburtowego: Yamaha FT60, Yamaha FT50, akcesoria Yamaha, Yamaha 115, Yamaha 130, Yamaha 140, Yamaha 150, Yamaha 175, Yamaha 200, Yamaha 225, Yamaha 25, Yamaha 30, Yamaha 40, Yamaha 50, Yamaha 60, Yamaha 70 , Yamaha 75, Yamaha 80, Yamaha 85, Yamaha 90, Yamaha F250<\/p>\n<p><b>Stan jak na zdj\u0119ciu.<\/b><\/p>\n<p><b>Nowy<\/b><\/p>\n<p>Cze\u015b\u0107 w 100% sprawna.<\/p>\n<p>W przypadku w\u0105tpliwo\u015bci, czy dana cze\u015b\u0107 pasuje do danego silnika prosz\u0119 zada\u0107 pytanie. Aukcja dotyczy jednej sztuki.<\/p>\n<p><b>Zapraszamy r\u00f3wnie\u017c na inne nasze aukcje,<\/b>\u00a0<b>posiadamy szeroki wyb\u00f3r cz\u0119\u015bci do silnik\u00f3w zaburtowych oraz stacjonarnych.<\/b><\/p>\n","protected":false},"excerpt":{"rendered":"<p>W ofercie posiadamy: Oryginalna wi\u0105zka do silnika Yamaha d\u0142ugo\u015b\u0107 5 metr\u00f3w Produkt nowy oryginalny Do silnika zaburtowego: Yamaha FT60, Yamaha FT50, akcesoria Yamaha, Yamaha 115, Yamaha 130, Yamaha 140, Yamaha 150, Yamaha 175, Yamaha 200, Yamaha 225, Yamaha 25, Yamaha 30, Yamaha 40, Yamaha 50, Yamaha 60, Yamaha 70 , Yamaha 75, Yamaha 80, Yamaha [&hellip;]<\/p>\n","protected":false},"featured_media":8155,"comment_status":"open","ping_status":"closed","template":"","meta":[],"product_brand":[64],"product_cat":[115,133],"product_tag":[],"class_list":{"0":"post-4140","1":"product","2":"type-product","3":"status-publish","4":"has-post-thumbnail","6":"product_brand-yamaha","7":"product_cat-osprzet-silnikow","8":"product_cat-wiazki-elektryczne","10":"first","11":"instock","12":"shipping-taxable","13":"purchasable","14":"product-type-simple"},"_links":{"self":[{"href":"https:\/\/srv113897.seohost.com.pl\/index.php\/wp-json\/wp\/v2\/product\/4140","targetHints":{"allow":["GET"]}}],"collection":[{"href":"https:\/\/srv113897.seohost.com.pl\/index.php\/wp-json\/wp\/v2\/product"}],"about":[{"href":"https:\/\/srv113897.seohost.com.pl\/index.php\/wp-json\/wp\/v2\/types\/product"}],"replies":[{"embeddable":true,"href":"https:\/\/srv113897.seohost.com.pl\/index.php\/wp-json\/wp\/v2\/comments?post=4140"}],"wp:featuredmedia":[{"embeddable":true,"href":"https:\/\/srv113897.seohost.com.pl\/index.php\/wp-json\/wp\/v2\/media\/8155"}],"wp:attachment":[{"href":"https:\/\/srv113897.seohost.com.pl\/index.php\/wp-json\/wp\/v2\/media?parent=4140"}],"wp:term":[{"taxonomy":"product_brand","embeddable":true,"href":"https:\/\/srv113897.seohost.com.pl\/index.php\/wp-json\/wp\/v2\/product_brand?post=4140"},{"taxonomy":"product_cat","embeddable":true,"href":"https:\/\/srv113897.seohost.com.pl\/index.php\/wp-json\/wp\/v2\/product_cat?post=4140"},{"taxonomy":"product_tag","embeddable":true,"href":"https:\/\/srv113897.seohost.com.pl\/index.php\/wp-json\/wp\/v2\/product_tag?post=4140"}],"curies":[{"name":"wp","href":"https:\/\/api.w.org\/{rel}","templated":true}]}}