{"id":4040,"date":"2025-10-01T20:45:25","date_gmt":"2025-10-01T18:45:25","guid":{"rendered":"https:\/\/srv113897.seohost.com.pl\/?post_type=product&#038;p=4040"},"modified":"2026-05-04T00:12:21","modified_gmt":"2026-05-03T22:12:21","slug":"sruba-napedowa-yamaha-70hp-130hp-11-6-8-x11-nr-112","status":"publish","type":"product","link":"https:\/\/srv113897.seohost.com.pl\/index.php\/produkt\/sruba-napedowa-yamaha-70hp-130hp-11-6-8-x11-nr-112\/","title":{"rendered":"\u015aruba nap\u0119dowa YAMAHA 70HP-130HP 11 6\/8 x11 nr.112"},"content":{"rendered":"<p><b>W ofercie posiadamy<\/b><b>:<\/b><\/p>\n<p><b>\u015aruba nap\u0119dowa 11 6\/8 x11-G<\/b><\/p>\n<p>Yamaha 40-60 km<\/p>\n<p><b>Prawa, Aluminium<\/b><\/p>\n<p><b>Z\u0119by\/Frezy-13szt.<\/b><\/p>\n<p><b>\u015arednica-26,6cm<\/b><\/p>\n<p><b>wa\u0142ek-21mm<\/b><\/p>\n<p>Dla Yamaha silniki zaburtowe<\/p>\n<p>30B wszystkie lata<\/p>\n<p>40hp 2 suwowy silnik 1984-<\/p>\n<p>48hp 1995-<\/p>\n<p>50hp (nie T50) 1984-<\/p>\n<p>55hp1976-1995<\/p>\n<p>60hp 2 suwowy silnik 1976-1991<\/p>\n<p>F40hp (4 suwowy) 1999-<\/p>\n<p>F50hp (4 suwowy) 1995-<\/p>\n<p>F60hp (4 suwowy) 1999-<\/p>\n<p><b>Produkt oryginalny.<\/b><\/p>\n<p><b>Stan jak na zdj\u0119ciu.<\/b><\/p>\n<p>Cze\u015b\u0107 w 100% sprawna.<\/p>\n<p>W przypadku w\u0105tpliwo\u015bci, czy dana cze\u015b\u0107 pasuje do danego silnika prosimy o zadanie pytania.<\/p>\n<p><b>Zapraszamy r\u00f3wnie\u017c na inne nasze aukcje,<\/b>\u00a0<b>posiadamy szeroki wyb\u00f3r cz\u0119\u015bci do silnik\u00f3w zaburtowych oraz stacjonarnych.<\/b><\/p>\n","protected":false},"excerpt":{"rendered":"<p>W ofercie posiadamy: \u015aruba nap\u0119dowa 11 6\/8 x11-G Yamaha 40-60 km Prawa, Aluminium Z\u0119by\/Frezy-13szt. \u015arednica-26,6cm wa\u0142ek-21mm Dla Yamaha silniki zaburtowe 30B wszystkie lata 40hp 2 suwowy silnik 1984- 48hp 1995- 50hp (nie T50) 1984- 55hp1976-1995 60hp 2 suwowy silnik 1976-1991 F40hp (4 suwowy) 1999- F50hp (4 suwowy) 1995- F60hp (4 suwowy) 1999- Produkt oryginalny. Stan [&hellip;]<\/p>\n","protected":false},"featured_media":8084,"comment_status":"open","ping_status":"closed","template":"","meta":[],"product_brand":[64],"product_cat":[48,49],"product_tag":[],"class_list":{"0":"post-4040","1":"product","2":"type-product","3":"status-publish","4":"has-post-thumbnail","6":"product_brand-yamaha","7":"product_cat-czesci-silnikowe","8":"product_cat-sruby-napedowe","10":"first","11":"instock","12":"shipping-taxable","13":"purchasable","14":"product-type-simple"},"_links":{"self":[{"href":"https:\/\/srv113897.seohost.com.pl\/index.php\/wp-json\/wp\/v2\/product\/4040","targetHints":{"allow":["GET"]}}],"collection":[{"href":"https:\/\/srv113897.seohost.com.pl\/index.php\/wp-json\/wp\/v2\/product"}],"about":[{"href":"https:\/\/srv113897.seohost.com.pl\/index.php\/wp-json\/wp\/v2\/types\/product"}],"replies":[{"embeddable":true,"href":"https:\/\/srv113897.seohost.com.pl\/index.php\/wp-json\/wp\/v2\/comments?post=4040"}],"wp:featuredmedia":[{"embeddable":true,"href":"https:\/\/srv113897.seohost.com.pl\/index.php\/wp-json\/wp\/v2\/media\/8084"}],"wp:attachment":[{"href":"https:\/\/srv113897.seohost.com.pl\/index.php\/wp-json\/wp\/v2\/media?parent=4040"}],"wp:term":[{"taxonomy":"product_brand","embeddable":true,"href":"https:\/\/srv113897.seohost.com.pl\/index.php\/wp-json\/wp\/v2\/product_brand?post=4040"},{"taxonomy":"product_cat","embeddable":true,"href":"https:\/\/srv113897.seohost.com.pl\/index.php\/wp-json\/wp\/v2\/product_cat?post=4040"},{"taxonomy":"product_tag","embeddable":true,"href":"https:\/\/srv113897.seohost.com.pl\/index.php\/wp-json\/wp\/v2\/product_tag?post=4040"}],"curies":[{"name":"wp","href":"https:\/\/api.w.org\/{rel}","templated":true}]}}