{"id":4004,"date":"2025-10-01T20:45:04","date_gmt":"2025-10-01T18:45:04","guid":{"rendered":"https:\/\/srv113897.seohost.com.pl\/?post_type=product&#038;p=4004"},"modified":"2026-05-04T00:12:06","modified_gmt":"2026-05-03T22:12:06","slug":"sruba-napedowa-volvo-penta-15x17-nr-2","status":"publish","type":"product","link":"https:\/\/srv113897.seohost.com.pl\/index.php\/produkt\/sruba-napedowa-volvo-penta-15x17-nr-2\/","title":{"rendered":"\u015aruba nap\u0119dowa Volvo Penta 15&#215;17 nr.2"},"content":{"rendered":"<p>W ofercie posiadamy:<\/p>\n<p>\u015arub\u0119 nap\u0119dow\u0105: Volvo Penta -prawa<\/p>\n<p>\u015arednica\u00a0 \u015bruby :35cm<\/p>\n<p>Frezy\/Z\u0119by:15szt<\/p>\n<p>Wa\u0142ek \u015brednica:25mm<\/p>\n<p>Rozmiar: 15&#215;17<\/p>\n<p>Stan jak na zdj\u0119ciu.<\/p>\n<p>Cze\u015b\u0107 w 100% sprawna.<\/p>\n<p>W przypadku w\u0105tpliwo\u015bci, czy dana cze\u015b\u0107 pasuje do danego silnika prosimy o kontakt.<\/p>\n<p>Zapraszamy r\u00f3wnie\u017c na inne nasze aukcje,\u00a0posiadamy szeroki wyb\u00f3r cz\u0119\u015bci do silnik\u00f3w zaburtowych oraz stacjonarnych.<\/p>\n","protected":false},"excerpt":{"rendered":"<p>W ofercie posiadamy: \u015arub\u0119 nap\u0119dow\u0105: Volvo Penta -prawa \u015arednica\u00a0 \u015bruby :35cm Frezy\/Z\u0119by:15szt Wa\u0142ek \u015brednica:25mm Rozmiar: 15&#215;17 Stan jak na zdj\u0119ciu. Cze\u015b\u0107 w 100% sprawna. W przypadku w\u0105tpliwo\u015bci, czy dana cze\u015b\u0107 pasuje do danego silnika prosimy o kontakt. Zapraszamy r\u00f3wnie\u017c na inne nasze aukcje,\u00a0posiadamy szeroki wyb\u00f3r cz\u0119\u015bci do silnik\u00f3w zaburtowych oraz stacjonarnych.<\/p>\n","protected":false},"featured_media":8057,"comment_status":"open","ping_status":"closed","template":"","meta":[],"product_brand":[79],"product_cat":[48,49],"product_tag":[],"class_list":{"0":"post-4004","1":"product","2":"type-product","3":"status-publish","4":"has-post-thumbnail","6":"product_brand-volvo-penta","7":"product_cat-czesci-silnikowe","8":"product_cat-sruby-napedowe","10":"first","11":"instock","12":"shipping-taxable","13":"purchasable","14":"product-type-simple"},"_links":{"self":[{"href":"https:\/\/srv113897.seohost.com.pl\/index.php\/wp-json\/wp\/v2\/product\/4004","targetHints":{"allow":["GET"]}}],"collection":[{"href":"https:\/\/srv113897.seohost.com.pl\/index.php\/wp-json\/wp\/v2\/product"}],"about":[{"href":"https:\/\/srv113897.seohost.com.pl\/index.php\/wp-json\/wp\/v2\/types\/product"}],"replies":[{"embeddable":true,"href":"https:\/\/srv113897.seohost.com.pl\/index.php\/wp-json\/wp\/v2\/comments?post=4004"}],"wp:featuredmedia":[{"embeddable":true,"href":"https:\/\/srv113897.seohost.com.pl\/index.php\/wp-json\/wp\/v2\/media\/8057"}],"wp:attachment":[{"href":"https:\/\/srv113897.seohost.com.pl\/index.php\/wp-json\/wp\/v2\/media?parent=4004"}],"wp:term":[{"taxonomy":"product_brand","embeddable":true,"href":"https:\/\/srv113897.seohost.com.pl\/index.php\/wp-json\/wp\/v2\/product_brand?post=4004"},{"taxonomy":"product_cat","embeddable":true,"href":"https:\/\/srv113897.seohost.com.pl\/index.php\/wp-json\/wp\/v2\/product_cat?post=4004"},{"taxonomy":"product_tag","embeddable":true,"href":"https:\/\/srv113897.seohost.com.pl\/index.php\/wp-json\/wp\/v2\/product_tag?post=4004"}],"curies":[{"name":"wp","href":"https:\/\/api.w.org\/{rel}","templated":true}]}}