{"id":4003,"date":"2025-10-01T20:45:04","date_gmt":"2025-10-01T18:45:04","guid":{"rendered":"https:\/\/srv113897.seohost.com.pl\/?post_type=product&#038;p=4003"},"modified":"2026-05-04T00:12:05","modified_gmt":"2026-05-03T22:12:05","slug":"sruba-napedowa-volvo-penta-15x17-391200-prawa","status":"publish","type":"product","link":"https:\/\/srv113897.seohost.com.pl\/index.php\/produkt\/sruba-napedowa-volvo-penta-15x17-391200-prawa\/","title":{"rendered":"\u015aruba nap\u0119dowa Volvo Penta 15&#215;17 391200 Prawa"},"content":{"rendered":"<p>Do zaoferowania mamy w naszej ofercie:<\/p>\n<p>\u015aruba nap\u0119dowa Volvo Penta Prawa 15&#215;17 391200<\/p>\n<p>\u015brednica wa\u0142ka- 24mm<\/p>\n<p>ilo\u015b\u0107 z\u0119b\u00f3w\/frez\u00f3w-15szt.<\/p>\n<p>\u015brednica \u015bruby-35cm<\/p>\n","protected":false},"excerpt":{"rendered":"<p>Do zaoferowania mamy w naszej ofercie: \u015aruba nap\u0119dowa Volvo Penta Prawa 15&#215;17 391200 \u015brednica wa\u0142ka- 24mm ilo\u015b\u0107 z\u0119b\u00f3w\/frez\u00f3w-15szt. \u015brednica \u015bruby-35cm<\/p>\n","protected":false},"featured_media":8055,"comment_status":"open","ping_status":"closed","template":"","meta":[],"product_brand":[136],"product_cat":[48,49],"product_tag":[],"class_list":{"0":"post-4003","1":"product","2":"type-product","3":"status-publish","4":"has-post-thumbnail","6":"product_brand-inna","7":"product_cat-czesci-silnikowe","8":"product_cat-sruby-napedowe","10":"first","11":"instock","12":"shipping-taxable","13":"purchasable","14":"product-type-simple"},"_links":{"self":[{"href":"https:\/\/srv113897.seohost.com.pl\/index.php\/wp-json\/wp\/v2\/product\/4003","targetHints":{"allow":["GET"]}}],"collection":[{"href":"https:\/\/srv113897.seohost.com.pl\/index.php\/wp-json\/wp\/v2\/product"}],"about":[{"href":"https:\/\/srv113897.seohost.com.pl\/index.php\/wp-json\/wp\/v2\/types\/product"}],"replies":[{"embeddable":true,"href":"https:\/\/srv113897.seohost.com.pl\/index.php\/wp-json\/wp\/v2\/comments?post=4003"}],"wp:featuredmedia":[{"embeddable":true,"href":"https:\/\/srv113897.seohost.com.pl\/index.php\/wp-json\/wp\/v2\/media\/8055"}],"wp:attachment":[{"href":"https:\/\/srv113897.seohost.com.pl\/index.php\/wp-json\/wp\/v2\/media?parent=4003"}],"wp:term":[{"taxonomy":"product_brand","embeddable":true,"href":"https:\/\/srv113897.seohost.com.pl\/index.php\/wp-json\/wp\/v2\/product_brand?post=4003"},{"taxonomy":"product_cat","embeddable":true,"href":"https:\/\/srv113897.seohost.com.pl\/index.php\/wp-json\/wp\/v2\/product_cat?post=4003"},{"taxonomy":"product_tag","embeddable":true,"href":"https:\/\/srv113897.seohost.com.pl\/index.php\/wp-json\/wp\/v2\/product_tag?post=4003"}],"curies":[{"name":"wp","href":"https:\/\/api.w.org\/{rel}","templated":true}]}}