{"id":4002,"date":"2025-10-01T20:45:03","date_gmt":"2025-10-01T18:45:03","guid":{"rendered":"https:\/\/srv113897.seohost.com.pl\/?post_type=product&#038;p=4002"},"modified":"2026-05-04T00:12:03","modified_gmt":"2026-05-03T22:12:03","slug":"sruba-napedowa-viper-v4-johnson-evinrude-omc-13-875-x-17p-13-spline","status":"publish","type":"product","link":"https:\/\/srv113897.seohost.com.pl\/index.php\/produkt\/sruba-napedowa-viper-v4-johnson-evinrude-omc-13-875-x-17p-13-spline\/","title":{"rendered":"\u015aruba nap\u0119dowa VIPER V4 JOHNSON\/EVINRUDE\/OMC 13.875 X 17P 13 Spline"},"content":{"rendered":"<p><b>W ofercie posiadamy<\/b><b>:<\/b><\/p>\n<p><b>\u015aruba nap\u0119dowa<\/b><\/p>\n<p><b>763930 VIPER V4 JOHNSON\/EVINRU<\/b><\/p>\n<p><b>DE\/OMC 13.875 X 17P Prop 4.25&#8243; Hub 13 Spline<\/b><\/p>\n<p><b>Prawa<\/b><\/p>\n<p><b>Stan jak na zdj\u0119ciu.<\/b><\/p>\n<p>Uszkodzona<\/p>\n<p><b>Zapraszamy r\u00f3wnie\u017c na inne nasze aukcje,<\/b>\u00a0<b>posiadamy szeroki wyb\u00f3r cz\u0119\u015bci do silnik\u00f3w zaburtowych oraz stacjonarnych.<\/b><\/p>\n","protected":false},"excerpt":{"rendered":"<p>W ofercie posiadamy: \u015aruba nap\u0119dowa 763930 VIPER V4 JOHNSON\/EVINRU DE\/OMC 13.875 X 17P Prop 4.25&#8243; Hub 13 Spline Prawa Stan jak na zdj\u0119ciu. Uszkodzona Zapraszamy r\u00f3wnie\u017c na inne nasze aukcje,\u00a0posiadamy szeroki wyb\u00f3r cz\u0119\u015bci do silnik\u00f3w zaburtowych oraz stacjonarnych.<\/p>\n","protected":false},"featured_media":8052,"comment_status":"open","ping_status":"closed","template":"","meta":[],"product_brand":[67],"product_cat":[48,49],"product_tag":[],"class_list":{"0":"post-4002","1":"product","2":"type-product","3":"status-publish","4":"has-post-thumbnail","6":"product_brand-johnson","7":"product_cat-czesci-silnikowe","8":"product_cat-sruby-napedowe","10":"first","11":"instock","12":"shipping-taxable","13":"purchasable","14":"product-type-simple"},"_links":{"self":[{"href":"https:\/\/srv113897.seohost.com.pl\/index.php\/wp-json\/wp\/v2\/product\/4002","targetHints":{"allow":["GET"]}}],"collection":[{"href":"https:\/\/srv113897.seohost.com.pl\/index.php\/wp-json\/wp\/v2\/product"}],"about":[{"href":"https:\/\/srv113897.seohost.com.pl\/index.php\/wp-json\/wp\/v2\/types\/product"}],"replies":[{"embeddable":true,"href":"https:\/\/srv113897.seohost.com.pl\/index.php\/wp-json\/wp\/v2\/comments?post=4002"}],"wp:featuredmedia":[{"embeddable":true,"href":"https:\/\/srv113897.seohost.com.pl\/index.php\/wp-json\/wp\/v2\/media\/8052"}],"wp:attachment":[{"href":"https:\/\/srv113897.seohost.com.pl\/index.php\/wp-json\/wp\/v2\/media?parent=4002"}],"wp:term":[{"taxonomy":"product_brand","embeddable":true,"href":"https:\/\/srv113897.seohost.com.pl\/index.php\/wp-json\/wp\/v2\/product_brand?post=4002"},{"taxonomy":"product_cat","embeddable":true,"href":"https:\/\/srv113897.seohost.com.pl\/index.php\/wp-json\/wp\/v2\/product_cat?post=4002"},{"taxonomy":"product_tag","embeddable":true,"href":"https:\/\/srv113897.seohost.com.pl\/index.php\/wp-json\/wp\/v2\/product_tag?post=4002"}],"curies":[{"name":"wp","href":"https:\/\/api.w.org\/{rel}","templated":true}]}}