{"id":3964,"date":"2025-10-01T20:44:38","date_gmt":"2025-10-01T18:44:38","guid":{"rendered":"https:\/\/srv113897.seohost.com.pl\/?post_type=product&#038;p=3964"},"modified":"2026-05-04T00:12:00","modified_gmt":"2026-05-03T22:12:00","slug":"sruba-napedowa-suzuki-14-1-4x18-zerwana","status":"publish","type":"product","link":"https:\/\/srv113897.seohost.com.pl\/index.php\/produkt\/sruba-napedowa-suzuki-14-1-4x18-zerwana\/","title":{"rendered":"\u015aruba nap\u0119dowa Suzuki 14 1\/4&#215;18 (Zerwana)"},"content":{"rendered":"<p>Do zaoferowania posiadamy \u015brub\u0119 nap\u0119dow\u0105\u00a0 Suzuki 14 1\/4&#215;18 (Zerwana)<\/p>\n<p>Suzuki Prawa Uwaga- \u015bruba Zerwana<\/p>\n","protected":false},"excerpt":{"rendered":"<p>Do zaoferowania posiadamy \u015brub\u0119 nap\u0119dow\u0105\u00a0 Suzuki 14 1\/4&#215;18 (Zerwana) Suzuki Prawa Uwaga- \u015bruba Zerwana<\/p>\n","protected":false},"featured_media":8042,"comment_status":"open","ping_status":"closed","template":"","meta":[],"product_brand":[136],"product_cat":[48,49],"product_tag":[],"class_list":{"0":"post-3964","1":"product","2":"type-product","3":"status-publish","4":"has-post-thumbnail","6":"product_brand-inna","7":"product_cat-czesci-silnikowe","8":"product_cat-sruby-napedowe","10":"first","11":"instock","12":"shipping-taxable","13":"purchasable","14":"product-type-simple"},"_links":{"self":[{"href":"https:\/\/srv113897.seohost.com.pl\/index.php\/wp-json\/wp\/v2\/product\/3964","targetHints":{"allow":["GET"]}}],"collection":[{"href":"https:\/\/srv113897.seohost.com.pl\/index.php\/wp-json\/wp\/v2\/product"}],"about":[{"href":"https:\/\/srv113897.seohost.com.pl\/index.php\/wp-json\/wp\/v2\/types\/product"}],"replies":[{"embeddable":true,"href":"https:\/\/srv113897.seohost.com.pl\/index.php\/wp-json\/wp\/v2\/comments?post=3964"}],"wp:featuredmedia":[{"embeddable":true,"href":"https:\/\/srv113897.seohost.com.pl\/index.php\/wp-json\/wp\/v2\/media\/8042"}],"wp:attachment":[{"href":"https:\/\/srv113897.seohost.com.pl\/index.php\/wp-json\/wp\/v2\/media?parent=3964"}],"wp:term":[{"taxonomy":"product_brand","embeddable":true,"href":"https:\/\/srv113897.seohost.com.pl\/index.php\/wp-json\/wp\/v2\/product_brand?post=3964"},{"taxonomy":"product_cat","embeddable":true,"href":"https:\/\/srv113897.seohost.com.pl\/index.php\/wp-json\/wp\/v2\/product_cat?post=3964"},{"taxonomy":"product_tag","embeddable":true,"href":"https:\/\/srv113897.seohost.com.pl\/index.php\/wp-json\/wp\/v2\/product_tag?post=3964"}],"curies":[{"name":"wp","href":"https:\/\/api.w.org\/{rel}","templated":true}]}}