{"id":3963,"date":"2025-10-01T20:44:38","date_gmt":"2025-10-01T18:44:38","guid":{"rendered":"https:\/\/srv113897.seohost.com.pl\/?post_type=product&#038;p=3963"},"modified":"2026-05-04T00:11:57","modified_gmt":"2026-05-03T22:11:57","slug":"sruba-napedowa-suzuki-10-1-4x9-nr-42","status":"publish","type":"product","link":"https:\/\/srv113897.seohost.com.pl\/index.php\/produkt\/sruba-napedowa-suzuki-10-1-4x9-nr-42\/","title":{"rendered":"\u015aruba nap\u0119dowa Suzuki 10-1\/4&#215;9 nr.42"},"content":{"rendered":"<p>W ofercie posiadamy:<\/p>\n<p>\u015amig\u0142o do Silnika Suzuki 10-1\/4&#215;9.<\/p>\n<p>Numer cz\u0119\u015bci: suzuki 58100-96370-01T<\/p>\n<p>Suzuki Outboard Propeller 2-suwowy 10-wypustowy piasta piasta wydechowa 25 do 30 KM.\u00a0Numer cz\u0119\u015bci 58100-96370-019 Numer cz\u0119\u015bci wymiennej 58100-96371-019 2-suwowy 20 KM.\u00a01983 do 1988 2-suwowy 25 KM.\u00a01983 do 1988 2-suwowy 30 KM.\u00a01983 do 1988. 2-suwowy 25c KM.\u00a0Model z wtryskiem oleju 1989-1996.\u00a02-suwowy 30c KM.\u00a0Model z wtryskiem oleju 1987-1996.\u00a04-suwowy 25-30, 25 V-Twin, 2000 w g\u00f3r\u0119 Rozmiar \u2014 3 X 10 \u00bc&#8221; X 9&#8243;<\/p>\n<p>Stan jak na zdj\u0119ciu. Nowy<\/p>\n<p>Cze\u015b\u0107 w 100% sprawna.<\/p>\n<p>W przypadku w\u0105tpliwo\u015bci, czy dana cze\u015b\u0107 pasuje do danego silnika napisz wiadomo\u015b\u0107.<\/p>\n<p>Zapraszamy r\u00f3wnie\u017c na inne nasze aukcje,\u00a0posiadamy szeroki wyb\u00f3r cz\u0119\u015bci do silnik\u00f3w zaburtowych oraz stacjonarnych.<\/p>\n","protected":false},"excerpt":{"rendered":"<p>W ofercie posiadamy: \u015amig\u0142o do Silnika Suzuki 10-1\/4&#215;9. Numer cz\u0119\u015bci: suzuki 58100-96370-01T Suzuki Outboard Propeller 2-suwowy 10-wypustowy piasta piasta wydechowa 25 do 30 KM.\u00a0Numer cz\u0119\u015bci 58100-96370-019 Numer cz\u0119\u015bci wymiennej 58100-96371-019 2-suwowy 20 KM.\u00a01983 do 1988 2-suwowy 25 KM.\u00a01983 do 1988 2-suwowy 30 KM.\u00a01983 do 1988. 2-suwowy 25c KM.\u00a0Model z wtryskiem oleju 1989-1996.\u00a02-suwowy 30c KM.\u00a0Model z [&hellip;]<\/p>\n","protected":false},"featured_media":8036,"comment_status":"open","ping_status":"closed","template":"","meta":[],"product_brand":[63],"product_cat":[48,49],"product_tag":[],"class_list":{"0":"post-3963","1":"product","2":"type-product","3":"status-publish","4":"has-post-thumbnail","6":"product_brand-suzuki","7":"product_cat-czesci-silnikowe","8":"product_cat-sruby-napedowe","10":"first","11":"instock","12":"shipping-taxable","13":"purchasable","14":"product-type-simple"},"_links":{"self":[{"href":"https:\/\/srv113897.seohost.com.pl\/index.php\/wp-json\/wp\/v2\/product\/3963","targetHints":{"allow":["GET"]}}],"collection":[{"href":"https:\/\/srv113897.seohost.com.pl\/index.php\/wp-json\/wp\/v2\/product"}],"about":[{"href":"https:\/\/srv113897.seohost.com.pl\/index.php\/wp-json\/wp\/v2\/types\/product"}],"replies":[{"embeddable":true,"href":"https:\/\/srv113897.seohost.com.pl\/index.php\/wp-json\/wp\/v2\/comments?post=3963"}],"wp:featuredmedia":[{"embeddable":true,"href":"https:\/\/srv113897.seohost.com.pl\/index.php\/wp-json\/wp\/v2\/media\/8036"}],"wp:attachment":[{"href":"https:\/\/srv113897.seohost.com.pl\/index.php\/wp-json\/wp\/v2\/media?parent=3963"}],"wp:term":[{"taxonomy":"product_brand","embeddable":true,"href":"https:\/\/srv113897.seohost.com.pl\/index.php\/wp-json\/wp\/v2\/product_brand?post=3963"},{"taxonomy":"product_cat","embeddable":true,"href":"https:\/\/srv113897.seohost.com.pl\/index.php\/wp-json\/wp\/v2\/product_cat?post=3963"},{"taxonomy":"product_tag","embeddable":true,"href":"https:\/\/srv113897.seohost.com.pl\/index.php\/wp-json\/wp\/v2\/product_tag?post=3963"}],"curies":[{"name":"wp","href":"https:\/\/api.w.org\/{rel}","templated":true}]}}