{"id":3891,"date":"2025-10-01T20:43:53","date_gmt":"2025-10-01T18:43:53","guid":{"rendered":"https:\/\/srv113897.seohost.com.pl\/?post_type=product&#038;p=3891"},"modified":"2026-05-04T00:11:11","modified_gmt":"2026-05-03T22:11:11","slug":"sruba-napedowa-mercury-mariner-10x13-nowa-nr-45","status":"publish","type":"product","link":"https:\/\/srv113897.seohost.com.pl\/index.php\/produkt\/sruba-napedowa-mercury-mariner-10x13-nowa-nr-45\/","title":{"rendered":"\u015aruba nap\u0119dowa Mercury\/Mariner 10&#215;13 NOWA nr.45"},"content":{"rendered":"<p>W ofercie posiadamy:<\/p>\n<p>\u015aruba nap\u0119dowa plastikowa cztery ostrza\u00a0 do silnik\u00f3w zaburtowych :<\/p>\n<p>Mercury &#8211; 79rok 35-70HP<\/p>\n<p>70-73rok 40\/50HP<\/p>\n<p>Mariner &#8211; 77rok 60\/70HP<\/p>\n<p>79rok 40-48HP<\/p>\n<p>Suzuki &#8211; 83-88rok\u00a0 20\/25\/30HP<\/p>\n<p>Tohatsu\/Nissan &#8211; 84 rok 40HP<\/p>\n<p>Yamaha &#8211; 83rok 40\/50HP<\/p>\n<p>Stan jak na zdj\u0119ciu.<\/p>\n<p>Nowy<\/p>\n<p>Cze\u015b\u0107 w 100% sprawna.<\/p>\n<p>W przypadku w\u0105tpliwo\u015bci, czy dana cze\u015b\u0107 pasuje do danego silnika wy\u015blij zapytanie. Aukcja dotyczy kompletu.<\/p>\n<p>Zapraszamy r\u00f3wnie\u017c na inne nasze aukcje,\u00a0posiadamy szeroki wyb\u00f3r cz\u0119\u015bci do silnik\u00f3w zaburtowych oraz stacjonarnych.<\/p>\n","protected":false},"excerpt":{"rendered":"<p>W ofercie posiadamy: \u015aruba nap\u0119dowa plastikowa cztery ostrza\u00a0 do silnik\u00f3w zaburtowych : Mercury &#8211; 79rok 35-70HP 70-73rok 40\/50HP Mariner &#8211; 77rok 60\/70HP 79rok 40-48HP Suzuki &#8211; 83-88rok\u00a0 20\/25\/30HP Tohatsu\/Nissan &#8211; 84 rok 40HP Yamaha &#8211; 83rok 40\/50HP Stan jak na zdj\u0119ciu. Nowy Cze\u015b\u0107 w 100% sprawna. W przypadku w\u0105tpliwo\u015bci, czy dana cze\u015b\u0107 pasuje do danego [&hellip;]<\/p>\n","protected":false},"featured_media":7964,"comment_status":"open","ping_status":"closed","template":"","meta":[],"product_brand":[62],"product_cat":[48,49],"product_tag":[],"class_list":{"0":"post-3891","1":"product","2":"type-product","3":"status-publish","4":"has-post-thumbnail","6":"product_brand-mercury","7":"product_cat-czesci-silnikowe","8":"product_cat-sruby-napedowe","10":"first","11":"instock","12":"shipping-taxable","13":"purchasable","14":"product-type-simple"},"_links":{"self":[{"href":"https:\/\/srv113897.seohost.com.pl\/index.php\/wp-json\/wp\/v2\/product\/3891","targetHints":{"allow":["GET"]}}],"collection":[{"href":"https:\/\/srv113897.seohost.com.pl\/index.php\/wp-json\/wp\/v2\/product"}],"about":[{"href":"https:\/\/srv113897.seohost.com.pl\/index.php\/wp-json\/wp\/v2\/types\/product"}],"replies":[{"embeddable":true,"href":"https:\/\/srv113897.seohost.com.pl\/index.php\/wp-json\/wp\/v2\/comments?post=3891"}],"wp:featuredmedia":[{"embeddable":true,"href":"https:\/\/srv113897.seohost.com.pl\/index.php\/wp-json\/wp\/v2\/media\/7964"}],"wp:attachment":[{"href":"https:\/\/srv113897.seohost.com.pl\/index.php\/wp-json\/wp\/v2\/media?parent=3891"}],"wp:term":[{"taxonomy":"product_brand","embeddable":true,"href":"https:\/\/srv113897.seohost.com.pl\/index.php\/wp-json\/wp\/v2\/product_brand?post=3891"},{"taxonomy":"product_cat","embeddable":true,"href":"https:\/\/srv113897.seohost.com.pl\/index.php\/wp-json\/wp\/v2\/product_cat?post=3891"},{"taxonomy":"product_tag","embeddable":true,"href":"https:\/\/srv113897.seohost.com.pl\/index.php\/wp-json\/wp\/v2\/product_tag?post=3891"}],"curies":[{"name":"wp","href":"https:\/\/api.w.org\/{rel}","templated":true}]}}