{"id":3889,"date":"2025-10-01T20:43:53","date_gmt":"2025-10-01T18:43:53","guid":{"rendered":"https:\/\/srv113897.seohost.com.pl\/?post_type=product&#038;p=3889"},"modified":"2026-05-04T00:11:08","modified_gmt":"2026-05-03T22:11:08","slug":"sruba-napedowa-mercury-mercruiser-14-1-4x21-nr-11","status":"publish","type":"product","link":"https:\/\/srv113897.seohost.com.pl\/index.php\/produkt\/sruba-napedowa-mercury-mercruiser-14-1-4x21-nr-11\/","title":{"rendered":"\u015aruba nap\u0119dowa Mercury MerCruiser 14 1\/4&#215;21 nr.11"},"content":{"rendered":"<p>W ofercie posiadamy:<br \/>\nAluminiowa \u015bruba nap\u0119dowa Mercury MerCruiser 14 1\/4&#8243; x 21&#8243;<\/p>\n<p>Numer produktu: 48-36012-21<\/p>\n<p>\u015brednica wa\u0142ka- 25mm<\/p>\n<p>ilo\u015b\u0107 z\u0119b\u00f3w\/frez\u00f3w-15szt.<\/p>\n<p>\u015brednica \u015bruby-35cm<\/p>\n<p>Produkt oryginalny.<\/p>\n<p>Stan jak na zdj\u0119ciu. Nosi normalne \u015blady u\u017cytkowania, czasu.<\/p>\n<p>Cze\u015b\u0107 w 100% sprawna.<\/p>\n<p>W przypadku w\u0105tpliwo\u015bci, czy dana cze\u015b\u0107 pasuje do danego silnika prosimy o kontakt.<\/p>\n<p>Zapraszamy r\u00f3wnie\u017c na inne nasze aukcje, posiadamy szeroki wyb\u00f3r cz\u0119\u015bci do silnik\u00f3w zaburtowych oraz stacjonarnych.<br \/>\nNumer 11<\/p>\n","protected":false},"excerpt":{"rendered":"<p>W ofercie posiadamy: Aluminiowa \u015bruba nap\u0119dowa Mercury MerCruiser 14 1\/4&#8243; x 21&#8243; Numer produktu: 48-36012-21 \u015brednica wa\u0142ka- 25mm ilo\u015b\u0107 z\u0119b\u00f3w\/frez\u00f3w-15szt. \u015brednica \u015bruby-35cm Produkt oryginalny. Stan jak na zdj\u0119ciu. Nosi normalne \u015blady u\u017cytkowania, czasu. Cze\u015b\u0107 w 100% sprawna. W przypadku w\u0105tpliwo\u015bci, czy dana cze\u015b\u0107 pasuje do danego silnika prosimy o kontakt. Zapraszamy r\u00f3wnie\u017c na inne nasze [&hellip;]<\/p>\n","protected":false},"featured_media":7953,"comment_status":"open","ping_status":"closed","template":"","meta":[],"product_brand":[62],"product_cat":[48,49],"product_tag":[],"class_list":{"0":"post-3889","1":"product","2":"type-product","3":"status-publish","4":"has-post-thumbnail","6":"product_brand-mercury","7":"product_cat-czesci-silnikowe","8":"product_cat-sruby-napedowe","10":"first","11":"instock","12":"shipping-taxable","13":"purchasable","14":"product-type-simple"},"_links":{"self":[{"href":"https:\/\/srv113897.seohost.com.pl\/index.php\/wp-json\/wp\/v2\/product\/3889","targetHints":{"allow":["GET"]}}],"collection":[{"href":"https:\/\/srv113897.seohost.com.pl\/index.php\/wp-json\/wp\/v2\/product"}],"about":[{"href":"https:\/\/srv113897.seohost.com.pl\/index.php\/wp-json\/wp\/v2\/types\/product"}],"replies":[{"embeddable":true,"href":"https:\/\/srv113897.seohost.com.pl\/index.php\/wp-json\/wp\/v2\/comments?post=3889"}],"wp:featuredmedia":[{"embeddable":true,"href":"https:\/\/srv113897.seohost.com.pl\/index.php\/wp-json\/wp\/v2\/media\/7953"}],"wp:attachment":[{"href":"https:\/\/srv113897.seohost.com.pl\/index.php\/wp-json\/wp\/v2\/media?parent=3889"}],"wp:term":[{"taxonomy":"product_brand","embeddable":true,"href":"https:\/\/srv113897.seohost.com.pl\/index.php\/wp-json\/wp\/v2\/product_brand?post=3889"},{"taxonomy":"product_cat","embeddable":true,"href":"https:\/\/srv113897.seohost.com.pl\/index.php\/wp-json\/wp\/v2\/product_cat?post=3889"},{"taxonomy":"product_tag","embeddable":true,"href":"https:\/\/srv113897.seohost.com.pl\/index.php\/wp-json\/wp\/v2\/product_tag?post=3889"}],"curies":[{"name":"wp","href":"https:\/\/api.w.org\/{rel}","templated":true}]}}