{"id":3854,"date":"2025-10-01T20:43:32","date_gmt":"2025-10-01T18:43:32","guid":{"rendered":"https:\/\/srv113897.seohost.com.pl\/?post_type=product&#038;p=3854"},"modified":"2026-05-04T00:10:56","modified_gmt":"2026-05-03T22:10:56","slug":"sruba-napedowa-johnson-evinrude-105-11-nowa-nr-52","status":"publish","type":"product","link":"https:\/\/srv113897.seohost.com.pl\/index.php\/produkt\/sruba-napedowa-johnson-evinrude-105-11-nowa-nr-52\/","title":{"rendered":"\u015aruba nap\u0119dowa Johnson\/Evinrude 10,5-11 NOWA nr.52"},"content":{"rendered":"<p>W ofercie posiadamy:<\/p>\n<p>\u015aruba nap\u0119dowa plastikowa cztery ostrza\u00a0 do silnik\u00f3w:<\/p>\n<p>Evinrude\/Johnson &#8211; 69rok V4 85-135<\/p>\n<p>77-84rok V4 140HP<\/p>\n<p>OMC Cobra &#8211; 79-89rok 3-cyl 130\/140HP<\/p>\n<p>78rok 120\/128HP<\/p>\n<p>OMC Spa Drive -83rok V4 115\/140HP<\/p>\n<p>Suzuki -78rok\u00a0 V4 75\/85\/115\/140HP<\/p>\n<p>Tohatsu\/Nissan &#8211; 84 rok 40HP<\/p>\n<p>Yamaha &#8211; 83rok 40\/50HP<\/p>\n<p>Stan jak na zdj\u0119ciu.<\/p>\n<p>Nowy<\/p>\n<p>Cze\u015b\u0107 w 100% sprawna.<\/p>\n<p>W przypadku w\u0105tpliwo\u015bci, czy dana cze\u015b\u0107 pasuje do danego silnika wy\u015blij zapytanie. Aukcja dotyczy kompletu.<\/p>\n<p>Zapraszamy r\u00f3wnie\u017c na inne nasze aukcje,\u00a0posiadamy szeroki wyb\u00f3r cz\u0119\u015bci do silnik\u00f3w zaburtowych oraz stacjonarnych.<\/p>\n","protected":false},"excerpt":{"rendered":"<p>W ofercie posiadamy: \u015aruba nap\u0119dowa plastikowa cztery ostrza\u00a0 do silnik\u00f3w: Evinrude\/Johnson &#8211; 69rok V4 85-135 77-84rok V4 140HP OMC Cobra &#8211; 79-89rok 3-cyl 130\/140HP 78rok 120\/128HP OMC Spa Drive -83rok V4 115\/140HP Suzuki -78rok\u00a0 V4 75\/85\/115\/140HP Tohatsu\/Nissan &#8211; 84 rok 40HP Yamaha &#8211; 83rok 40\/50HP Stan jak na zdj\u0119ciu. Nowy Cze\u015b\u0107 w 100% sprawna. W [&hellip;]<\/p>\n","protected":false},"featured_media":7927,"comment_status":"open","ping_status":"closed","template":"","meta":[],"product_brand":[67],"product_cat":[48,49],"product_tag":[],"class_list":{"0":"post-3854","1":"product","2":"type-product","3":"status-publish","4":"has-post-thumbnail","6":"product_brand-johnson","7":"product_cat-czesci-silnikowe","8":"product_cat-sruby-napedowe","10":"first","11":"instock","12":"shipping-taxable","13":"purchasable","14":"product-type-simple"},"_links":{"self":[{"href":"https:\/\/srv113897.seohost.com.pl\/index.php\/wp-json\/wp\/v2\/product\/3854","targetHints":{"allow":["GET"]}}],"collection":[{"href":"https:\/\/srv113897.seohost.com.pl\/index.php\/wp-json\/wp\/v2\/product"}],"about":[{"href":"https:\/\/srv113897.seohost.com.pl\/index.php\/wp-json\/wp\/v2\/types\/product"}],"replies":[{"embeddable":true,"href":"https:\/\/srv113897.seohost.com.pl\/index.php\/wp-json\/wp\/v2\/comments?post=3854"}],"wp:featuredmedia":[{"embeddable":true,"href":"https:\/\/srv113897.seohost.com.pl\/index.php\/wp-json\/wp\/v2\/media\/7927"}],"wp:attachment":[{"href":"https:\/\/srv113897.seohost.com.pl\/index.php\/wp-json\/wp\/v2\/media?parent=3854"}],"wp:term":[{"taxonomy":"product_brand","embeddable":true,"href":"https:\/\/srv113897.seohost.com.pl\/index.php\/wp-json\/wp\/v2\/product_brand?post=3854"},{"taxonomy":"product_cat","embeddable":true,"href":"https:\/\/srv113897.seohost.com.pl\/index.php\/wp-json\/wp\/v2\/product_cat?post=3854"},{"taxonomy":"product_tag","embeddable":true,"href":"https:\/\/srv113897.seohost.com.pl\/index.php\/wp-json\/wp\/v2\/product_tag?post=3854"}],"curies":[{"name":"wp","href":"https:\/\/api.w.org\/{rel}","templated":true}]}}