{"id":3852,"date":"2025-10-01T20:43:31","date_gmt":"2025-10-01T18:43:31","guid":{"rendered":"https:\/\/srv113897.seohost.com.pl\/?post_type=product&#038;p=3852"},"modified":"2026-05-04T00:10:46","modified_gmt":"2026-05-03T22:10:46","slug":"sruba-napedowa-johnson-evinrude-omc-13-1-4-x-17-nr-10","status":"publish","type":"product","link":"https:\/\/srv113897.seohost.com.pl\/index.php\/produkt\/sruba-napedowa-johnson-evinrude-omc-13-1-4-x-17-nr-10\/","title":{"rendered":"\u015aruba nap\u0119dowa Johnson Evinrude OMC (13-1\/4 x 17) nr.10"},"content":{"rendered":"<p>W ofercie posiadamy:<br \/>\nAluminiowa \u015bruba nap\u0119dowa Johnson Evinrude OMC (13-1 \/ 4 x 17) Wydech przez piast\u0119.<\/p>\n<p>Numer produktu: 391199<\/p>\n<p>\u015brednica wa\u0142ka- 23mm<\/p>\n<p>ilo\u015b\u0107 z\u0119b\u00f3w\/frez\u00f3w-13szt.<\/p>\n<p>\u015brednica \u015bruby-30cm<\/p>\n<p>Produkt oryginalny.<\/p>\n<p>Stan jak na zdj\u0119ciu. Nosi normalne \u015blady u\u017cytkowania, czasu.<\/p>\n<p>Cze\u015b\u0107 w 100% sprawna.<\/p>\n<p>W przypadku w\u0105tpliwo\u015bci, czy dana cze\u015b\u0107 pasuje do danego silnika prosimy o kontakt.<\/p>\n<p>Zapraszamy r\u00f3wnie\u017c na inne nasze aukcje, posiadamy szeroki wyb\u00f3r cz\u0119\u015bci do silnik\u00f3w zaburtowych oraz stacjonarnych.<\/p>\n<p>Numer 10<\/p>\n","protected":false},"excerpt":{"rendered":"<p>W ofercie posiadamy: Aluminiowa \u015bruba nap\u0119dowa Johnson Evinrude OMC (13-1 \/ 4 x 17) Wydech przez piast\u0119. Numer produktu: 391199 \u015brednica wa\u0142ka- 23mm ilo\u015b\u0107 z\u0119b\u00f3w\/frez\u00f3w-13szt. \u015brednica \u015bruby-30cm Produkt oryginalny. Stan jak na zdj\u0119ciu. Nosi normalne \u015blady u\u017cytkowania, czasu. Cze\u015b\u0107 w 100% sprawna. W przypadku w\u0105tpliwo\u015bci, czy dana cze\u015b\u0107 pasuje do danego silnika prosimy o kontakt. [&hellip;]<\/p>\n","protected":false},"featured_media":7916,"comment_status":"open","ping_status":"closed","template":"","meta":[],"product_brand":[67],"product_cat":[48,49],"product_tag":[],"class_list":{"0":"post-3852","1":"product","2":"type-product","3":"status-publish","4":"has-post-thumbnail","6":"product_brand-johnson","7":"product_cat-czesci-silnikowe","8":"product_cat-sruby-napedowe","10":"first","11":"instock","12":"shipping-taxable","13":"purchasable","14":"product-type-simple"},"_links":{"self":[{"href":"https:\/\/srv113897.seohost.com.pl\/index.php\/wp-json\/wp\/v2\/product\/3852","targetHints":{"allow":["GET"]}}],"collection":[{"href":"https:\/\/srv113897.seohost.com.pl\/index.php\/wp-json\/wp\/v2\/product"}],"about":[{"href":"https:\/\/srv113897.seohost.com.pl\/index.php\/wp-json\/wp\/v2\/types\/product"}],"replies":[{"embeddable":true,"href":"https:\/\/srv113897.seohost.com.pl\/index.php\/wp-json\/wp\/v2\/comments?post=3852"}],"wp:featuredmedia":[{"embeddable":true,"href":"https:\/\/srv113897.seohost.com.pl\/index.php\/wp-json\/wp\/v2\/media\/7916"}],"wp:attachment":[{"href":"https:\/\/srv113897.seohost.com.pl\/index.php\/wp-json\/wp\/v2\/media?parent=3852"}],"wp:term":[{"taxonomy":"product_brand","embeddable":true,"href":"https:\/\/srv113897.seohost.com.pl\/index.php\/wp-json\/wp\/v2\/product_brand?post=3852"},{"taxonomy":"product_cat","embeddable":true,"href":"https:\/\/srv113897.seohost.com.pl\/index.php\/wp-json\/wp\/v2\/product_cat?post=3852"},{"taxonomy":"product_tag","embeddable":true,"href":"https:\/\/srv113897.seohost.com.pl\/index.php\/wp-json\/wp\/v2\/product_tag?post=3852"}],"curies":[{"name":"wp","href":"https:\/\/api.w.org\/{rel}","templated":true}]}}