{"id":3850,"date":"2025-10-01T20:43:31","date_gmt":"2025-10-01T18:43:31","guid":{"rendered":"https:\/\/srv113897.seohost.com.pl\/?post_type=product&#038;p=3850"},"modified":"2026-05-04T00:10:43","modified_gmt":"2026-05-03T22:10:43","slug":"sruba-napedowa-johnson-omc-13-3-4-x13p-nr-131","status":"publish","type":"product","link":"https:\/\/srv113897.seohost.com.pl\/index.php\/produkt\/sruba-napedowa-johnson-omc-13-3-4-x13p-nr-131\/","title":{"rendered":"\u015aruba nap\u0119dowa Johnson OMC 13 3\/4 X13p nr.131"},"content":{"rendered":"<p><b>W ofercie posiadamy<\/b><b>:<\/b><\/p>\n<h3>13 3\/4 X13<\/h3>\n<p>\u015bmig\u0142o ze stopu nierdzewnej dla Johnson EVINRUDE OMC<\/p>\n<p>Cz\u0119\u015b\u0107 # 392261<\/p>\n<p>Zastosowania og\u00f3lne (wymienione poni\u017cej i prawdopodobnie inne&#8230; Je\u015bli nie masz pewno\u015bci, zapytaj): Nap\u0119dy OMC Cobra (1986-1991) i Stringer 400 (1978-1985) 4cyl 2.3L Ford 4cyl 2.5L 120KM 4cyl 3.0L 140KM Silnik zaburtowy V4 (z nap\u0119dem morskim) 1,6 litra 1,8L Prawie wszystkie silniki zaburtowe V4 Johnson \/ Evinrude z uk\u0142adem wydechowym z piast\u0105 w latach 70.-1980 \/ wczesne 90. 85 KM-115 KM)<\/p>\n<p><b>Stan jak na zdj\u0119ciu.<\/b><\/p>\n<p>Cze\u015b\u0107 w 100% sprawna.<\/p>\n<p>W przypadku w\u0105tpliwo\u015bci, czy dana cze\u015b\u0107 pasuje do danego silnika wy\u015blij zapytanie. Aukcja dotyczy kompletu.<\/p>\n<p><b>Zapraszamy r\u00f3wnie\u017c na inne nasze aukcje,<\/b>\u00a0<b>posiadamy szeroki wyb\u00f3r cz\u0119\u015bci do silnik\u00f3w zaburtowych oraz stacjonarnych.<\/b><\/p>\n","protected":false},"excerpt":{"rendered":"<p>W ofercie posiadamy: 13 3\/4 X13 \u015bmig\u0142o ze stopu nierdzewnej dla Johnson EVINRUDE OMC Cz\u0119\u015b\u0107 # 392261 Zastosowania og\u00f3lne (wymienione poni\u017cej i prawdopodobnie inne&#8230; Je\u015bli nie masz pewno\u015bci, zapytaj): Nap\u0119dy OMC Cobra (1986-1991) i Stringer 400 (1978-1985) 4cyl 2.3L Ford 4cyl 2.5L 120KM 4cyl 3.0L 140KM Silnik zaburtowy V4 (z nap\u0119dem morskim) 1,6 litra 1,8L [&hellip;]<\/p>\n","protected":false},"featured_media":7903,"comment_status":"open","ping_status":"closed","template":"","meta":[],"product_brand":[105],"product_cat":[48,49],"product_tag":[],"class_list":{"0":"post-3850","1":"product","2":"type-product","3":"status-publish","4":"has-post-thumbnail","6":"product_brand-omc","7":"product_cat-czesci-silnikowe","8":"product_cat-sruby-napedowe","10":"first","11":"instock","12":"shipping-taxable","13":"purchasable","14":"product-type-simple"},"_links":{"self":[{"href":"https:\/\/srv113897.seohost.com.pl\/index.php\/wp-json\/wp\/v2\/product\/3850","targetHints":{"allow":["GET"]}}],"collection":[{"href":"https:\/\/srv113897.seohost.com.pl\/index.php\/wp-json\/wp\/v2\/product"}],"about":[{"href":"https:\/\/srv113897.seohost.com.pl\/index.php\/wp-json\/wp\/v2\/types\/product"}],"replies":[{"embeddable":true,"href":"https:\/\/srv113897.seohost.com.pl\/index.php\/wp-json\/wp\/v2\/comments?post=3850"}],"wp:featuredmedia":[{"embeddable":true,"href":"https:\/\/srv113897.seohost.com.pl\/index.php\/wp-json\/wp\/v2\/media\/7903"}],"wp:attachment":[{"href":"https:\/\/srv113897.seohost.com.pl\/index.php\/wp-json\/wp\/v2\/media?parent=3850"}],"wp:term":[{"taxonomy":"product_brand","embeddable":true,"href":"https:\/\/srv113897.seohost.com.pl\/index.php\/wp-json\/wp\/v2\/product_brand?post=3850"},{"taxonomy":"product_cat","embeddable":true,"href":"https:\/\/srv113897.seohost.com.pl\/index.php\/wp-json\/wp\/v2\/product_cat?post=3850"},{"taxonomy":"product_tag","embeddable":true,"href":"https:\/\/srv113897.seohost.com.pl\/index.php\/wp-json\/wp\/v2\/product_tag?post=3850"}],"curies":[{"name":"wp","href":"https:\/\/api.w.org\/{rel}","templated":true}]}}