{"id":3827,"date":"2025-10-01T20:43:10","date_gmt":"2025-10-01T18:43:10","guid":{"rendered":"https:\/\/srv113897.seohost.com.pl\/?post_type=product&#038;p=3827"},"modified":"2026-05-04T00:10:40","modified_gmt":"2026-05-03T22:10:40","slug":"sruba-napedowa-honda-bf-75-130-13-3-4-x-15-nr-132","status":"publish","type":"product","link":"https:\/\/srv113897.seohost.com.pl\/index.php\/produkt\/sruba-napedowa-honda-bf-75-130-13-3-4-x-15-nr-132\/","title":{"rendered":"\u015aruba nap\u0119dowa Honda BF 75-130 13 3\/4 X 15 nr.132"},"content":{"rendered":"<p><b>W ofercie posiadamy<\/b><b>:<\/b><\/p>\n<h3>13 3\/4 X 15<\/h3>\n<p>\u015bmig\u0142o ze stopu aluminium dla Volvo Penta Lewe<\/p>\n<p>Honda 75-90 HP 1998<\/p>\n<p>onda 75-90 HP 1999 and Newer, 115-130 HP<\/p>\n<p><b>Stan jak na zdj\u0119ciu.<\/b><\/p>\n<p>Cze\u015b\u0107 w 100% sprawna.<\/p>\n<p>W przypadku w\u0105tpliwo\u015bci, czy dana cze\u015b\u0107 pasuje do danego silnika wy\u015blij zapytanie. Aukcja dotyczy kompletu.<\/p>\n<p><b>Zapraszamy r\u00f3wnie\u017c na inne nasze aukcje,<\/b>\u00a0<b>posiadamy szeroki wyb\u00f3r cz\u0119\u015bci do silnik\u00f3w zaburtowych oraz stacjonarnych.<\/b><\/p>\n","protected":false},"excerpt":{"rendered":"<p>W ofercie posiadamy: 13 3\/4 X 15 \u015bmig\u0142o ze stopu aluminium dla Volvo Penta Lewe Honda 75-90 HP 1998 onda 75-90 HP 1999 and Newer, 115-130 HP Stan jak na zdj\u0119ciu. Cze\u015b\u0107 w 100% sprawna. W przypadku w\u0105tpliwo\u015bci, czy dana cze\u015b\u0107 pasuje do danego silnika wy\u015blij zapytanie. Aukcja dotyczy kompletu. Zapraszamy r\u00f3wnie\u017c na inne nasze [&hellip;]<\/p>\n","protected":false},"featured_media":7899,"comment_status":"open","ping_status":"closed","template":"","meta":[],"product_brand":[60],"product_cat":[48,49],"product_tag":[],"class_list":{"0":"post-3827","1":"product","2":"type-product","3":"status-publish","4":"has-post-thumbnail","6":"product_brand-honda","7":"product_cat-czesci-silnikowe","8":"product_cat-sruby-napedowe","10":"first","11":"instock","12":"shipping-taxable","13":"purchasable","14":"product-type-simple"},"_links":{"self":[{"href":"https:\/\/srv113897.seohost.com.pl\/index.php\/wp-json\/wp\/v2\/product\/3827","targetHints":{"allow":["GET"]}}],"collection":[{"href":"https:\/\/srv113897.seohost.com.pl\/index.php\/wp-json\/wp\/v2\/product"}],"about":[{"href":"https:\/\/srv113897.seohost.com.pl\/index.php\/wp-json\/wp\/v2\/types\/product"}],"replies":[{"embeddable":true,"href":"https:\/\/srv113897.seohost.com.pl\/index.php\/wp-json\/wp\/v2\/comments?post=3827"}],"wp:featuredmedia":[{"embeddable":true,"href":"https:\/\/srv113897.seohost.com.pl\/index.php\/wp-json\/wp\/v2\/media\/7899"}],"wp:attachment":[{"href":"https:\/\/srv113897.seohost.com.pl\/index.php\/wp-json\/wp\/v2\/media?parent=3827"}],"wp:term":[{"taxonomy":"product_brand","embeddable":true,"href":"https:\/\/srv113897.seohost.com.pl\/index.php\/wp-json\/wp\/v2\/product_brand?post=3827"},{"taxonomy":"product_cat","embeddable":true,"href":"https:\/\/srv113897.seohost.com.pl\/index.php\/wp-json\/wp\/v2\/product_cat?post=3827"},{"taxonomy":"product_tag","embeddable":true,"href":"https:\/\/srv113897.seohost.com.pl\/index.php\/wp-json\/wp\/v2\/product_tag?post=3827"}],"curies":[{"name":"wp","href":"https:\/\/api.w.org\/{rel}","templated":true}]}}