{"id":3826,"date":"2025-10-01T20:43:10","date_gmt":"2025-10-01T18:43:10","guid":{"rendered":"https:\/\/srv113897.seohost.com.pl\/?post_type=product&#038;p=3826"},"modified":"2026-05-04T00:10:38","modified_gmt":"2026-05-03T22:10:38","slug":"sruba-napedowa-evinrude-johnson-115x12-16-nr-54","status":"publish","type":"product","link":"https:\/\/srv113897.seohost.com.pl\/index.php\/produkt\/sruba-napedowa-evinrude-johnson-115x12-16-nr-54\/","title":{"rendered":"\u015aruba nap\u0119dowa Evinrude\/Johnson 11,5&#215;12-16 nr.54"},"content":{"rendered":"<p>W ofercie posiadamy:<\/p>\n<p>\u015aruba nap\u0119dowa cztery ostrza\u00a0 nastawna 10,5&#215;12-16 do silnik\u00f3w:<\/p>\n<p>Evinrude\/Johnson rok 84 40HP<\/p>\n<p>rok 87 48HP<\/p>\n<p>rok 75 50HP 2-cyl<\/p>\n<p>rok 76-79 55HP 2-cyl<\/p>\n<p>rok 80-85 60HP 2-cyl<\/p>\n<p>rok 75-85 75HP 2-cyl<\/p>\n<p>rok 86-90 Sprint\/formule E<\/p>\n<p>Stan jak na zdj\u0119ciu.<\/p>\n<p>Nowy<\/p>\n<p>Cze\u015b\u0107 w 100% sprawna.<\/p>\n<p>W przypadku w\u0105tpliwo\u015bci, czy dana cze\u015b\u0107 pasuje do danego silnika wy\u015blij zapytanie. Aukcja dotyczy kompletu.<\/p>\n<p>Zapraszamy r\u00f3wnie\u017c na inne nasze aukcje,\u00a0posiadamy szeroki wyb\u00f3r cz\u0119\u015bci do silnik\u00f3w zaburtowych oraz stacjonarnych.<\/p>\n","protected":false},"excerpt":{"rendered":"<p>W ofercie posiadamy: \u015aruba nap\u0119dowa cztery ostrza\u00a0 nastawna 10,5&#215;12-16 do silnik\u00f3w: Evinrude\/Johnson rok 84 40HP rok 87 48HP rok 75 50HP 2-cyl rok 76-79 55HP 2-cyl rok 80-85 60HP 2-cyl rok 75-85 75HP 2-cyl rok 86-90 Sprint\/formule E Stan jak na zdj\u0119ciu. Nowy Cze\u015b\u0107 w 100% sprawna. W przypadku w\u0105tpliwo\u015bci, czy dana cze\u015b\u0107 pasuje do [&hellip;]<\/p>\n","protected":false},"featured_media":7891,"comment_status":"open","ping_status":"closed","template":"","meta":[],"product_brand":[71],"product_cat":[48,49],"product_tag":[],"class_list":{"0":"post-3826","1":"product","2":"type-product","3":"status-publish","4":"has-post-thumbnail","6":"product_brand-evinrude","7":"product_cat-czesci-silnikowe","8":"product_cat-sruby-napedowe","10":"first","11":"instock","12":"shipping-taxable","13":"purchasable","14":"product-type-simple"},"_links":{"self":[{"href":"https:\/\/srv113897.seohost.com.pl\/index.php\/wp-json\/wp\/v2\/product\/3826","targetHints":{"allow":["GET"]}}],"collection":[{"href":"https:\/\/srv113897.seohost.com.pl\/index.php\/wp-json\/wp\/v2\/product"}],"about":[{"href":"https:\/\/srv113897.seohost.com.pl\/index.php\/wp-json\/wp\/v2\/types\/product"}],"replies":[{"embeddable":true,"href":"https:\/\/srv113897.seohost.com.pl\/index.php\/wp-json\/wp\/v2\/comments?post=3826"}],"wp:featuredmedia":[{"embeddable":true,"href":"https:\/\/srv113897.seohost.com.pl\/index.php\/wp-json\/wp\/v2\/media\/7891"}],"wp:attachment":[{"href":"https:\/\/srv113897.seohost.com.pl\/index.php\/wp-json\/wp\/v2\/media?parent=3826"}],"wp:term":[{"taxonomy":"product_brand","embeddable":true,"href":"https:\/\/srv113897.seohost.com.pl\/index.php\/wp-json\/wp\/v2\/product_brand?post=3826"},{"taxonomy":"product_cat","embeddable":true,"href":"https:\/\/srv113897.seohost.com.pl\/index.php\/wp-json\/wp\/v2\/product_cat?post=3826"},{"taxonomy":"product_tag","embeddable":true,"href":"https:\/\/srv113897.seohost.com.pl\/index.php\/wp-json\/wp\/v2\/product_tag?post=3826"}],"curies":[{"name":"wp","href":"https:\/\/api.w.org\/{rel}","templated":true}]}}