{"id":3777,"date":"2025-10-01T20:42:33","date_gmt":"2025-10-01T18:42:33","guid":{"rendered":"https:\/\/srv113897.seohost.com.pl\/?post_type=product&#038;p=3777"},"modified":"2026-05-04T00:10:05","modified_gmt":"2026-05-03T22:10:05","slug":"sruba-napedowa-alu-13-1-4-x-17p-mercury-nr-24","status":"publish","type":"product","link":"https:\/\/srv113897.seohost.com.pl\/index.php\/produkt\/sruba-napedowa-alu-13-1-4-x-17p-mercury-nr-24\/","title":{"rendered":"\u015aruba nap\u0119dowa Alu 13 1\/4&#8243; X 17P MERCURY nr.24"},"content":{"rendered":"<p>W ofercie posiadamy:<\/p>\n<p>\u015aruba nap\u0119dowa Aluminiowa Mercury<\/p>\n<p>Numer produktu: 48-77344-C1-17<\/p>\n<p>YAMAHA 70KM-130KM, HONDA 90-130, SUZUKI 90-140 CZTERY suwy<\/p>\n<p>Stan jak na zdj\u0119ciu.<\/p>\n<p>Cze\u015b\u0107 w 100% sprawna.<\/p>\n<p>W przypadku w\u0105tpliwo\u015bci, czy dana cze\u015b\u0107 pasuje do danego silnika prosimy o kontakt.<\/p>\n<p>Zapraszamy r\u00f3wnie\u017c na inne nasze aukcje, posiadamy szeroki wyb\u00f3r cz\u0119\u015bci do silnik\u00f3w zaburtowych oraz stacjonarnych.<\/p>\n<p>NUMER: 24<\/p>\n","protected":false},"excerpt":{"rendered":"<p>W ofercie posiadamy: \u015aruba nap\u0119dowa Aluminiowa Mercury Numer produktu: 48-77344-C1-17 YAMAHA 70KM-130KM, HONDA 90-130, SUZUKI 90-140 CZTERY suwy Stan jak na zdj\u0119ciu. Cze\u015b\u0107 w 100% sprawna. W przypadku w\u0105tpliwo\u015bci, czy dana cze\u015b\u0107 pasuje do danego silnika prosimy o kontakt. Zapraszamy r\u00f3wnie\u017c na inne nasze aukcje, posiadamy szeroki wyb\u00f3r cz\u0119\u015bci do silnik\u00f3w zaburtowych oraz stacjonarnych. NUMER: [&hellip;]<\/p>\n","protected":false},"featured_media":7843,"comment_status":"open","ping_status":"closed","template":"","meta":[],"product_brand":[62],"product_cat":[48,49],"product_tag":[],"class_list":{"0":"post-3777","1":"product","2":"type-product","3":"status-publish","4":"has-post-thumbnail","6":"product_brand-mercury","7":"product_cat-czesci-silnikowe","8":"product_cat-sruby-napedowe","10":"first","11":"instock","12":"shipping-taxable","13":"purchasable","14":"product-type-simple"},"_links":{"self":[{"href":"https:\/\/srv113897.seohost.com.pl\/index.php\/wp-json\/wp\/v2\/product\/3777","targetHints":{"allow":["GET"]}}],"collection":[{"href":"https:\/\/srv113897.seohost.com.pl\/index.php\/wp-json\/wp\/v2\/product"}],"about":[{"href":"https:\/\/srv113897.seohost.com.pl\/index.php\/wp-json\/wp\/v2\/types\/product"}],"replies":[{"embeddable":true,"href":"https:\/\/srv113897.seohost.com.pl\/index.php\/wp-json\/wp\/v2\/comments?post=3777"}],"wp:featuredmedia":[{"embeddable":true,"href":"https:\/\/srv113897.seohost.com.pl\/index.php\/wp-json\/wp\/v2\/media\/7843"}],"wp:attachment":[{"href":"https:\/\/srv113897.seohost.com.pl\/index.php\/wp-json\/wp\/v2\/media?parent=3777"}],"wp:term":[{"taxonomy":"product_brand","embeddable":true,"href":"https:\/\/srv113897.seohost.com.pl\/index.php\/wp-json\/wp\/v2\/product_brand?post=3777"},{"taxonomy":"product_cat","embeddable":true,"href":"https:\/\/srv113897.seohost.com.pl\/index.php\/wp-json\/wp\/v2\/product_cat?post=3777"},{"taxonomy":"product_tag","embeddable":true,"href":"https:\/\/srv113897.seohost.com.pl\/index.php\/wp-json\/wp\/v2\/product_tag?post=3777"}],"curies":[{"name":"wp","href":"https:\/\/api.w.org\/{rel}","templated":true}]}}