{"id":3752,"date":"2025-10-01T20:42:11","date_gmt":"2025-10-01T18:42:11","guid":{"rendered":"https:\/\/srv113897.seohost.com.pl\/?post_type=product&#038;p=3752"},"modified":"2026-05-04T00:10:01","modified_gmt":"2026-05-03T22:10:01","slug":"sruba-napedowa-14x14-volvo-penta-381185-prawa","status":"publish","type":"product","link":"https:\/\/srv113897.seohost.com.pl\/index.php\/produkt\/sruba-napedowa-14x14-volvo-penta-381185-prawa\/","title":{"rendered":"\u015aruba nap\u0119dowa 14&#215;14 Volvo Penta 381185 Prawa"},"content":{"rendered":"<p>Do zaoferowania posiadamy \u015brub\u0119 nap\u0119dow\u0105 nr\u00a0 381185 Prawa<\/p>\n<p>14&#215;14 Volvo Penta<\/p>\n<p>\u015brednica \u015bruby 31,5cm<\/p>\n","protected":false},"excerpt":{"rendered":"<p>Do zaoferowania posiadamy \u015brub\u0119 nap\u0119dow\u0105 nr\u00a0 381185 Prawa 14&#215;14 Volvo Penta \u015brednica \u015bruby 31,5cm<\/p>\n","protected":false},"featured_media":7833,"comment_status":"open","ping_status":"closed","template":"","meta":[],"product_brand":[79],"product_cat":[48,49],"product_tag":[],"class_list":{"0":"post-3752","1":"product","2":"type-product","3":"status-publish","4":"has-post-thumbnail","6":"product_brand-volvo-penta","7":"product_cat-czesci-silnikowe","8":"product_cat-sruby-napedowe","10":"first","11":"instock","12":"shipping-taxable","13":"purchasable","14":"product-type-simple"},"_links":{"self":[{"href":"https:\/\/srv113897.seohost.com.pl\/index.php\/wp-json\/wp\/v2\/product\/3752","targetHints":{"allow":["GET"]}}],"collection":[{"href":"https:\/\/srv113897.seohost.com.pl\/index.php\/wp-json\/wp\/v2\/product"}],"about":[{"href":"https:\/\/srv113897.seohost.com.pl\/index.php\/wp-json\/wp\/v2\/types\/product"}],"replies":[{"embeddable":true,"href":"https:\/\/srv113897.seohost.com.pl\/index.php\/wp-json\/wp\/v2\/comments?post=3752"}],"wp:featuredmedia":[{"embeddable":true,"href":"https:\/\/srv113897.seohost.com.pl\/index.php\/wp-json\/wp\/v2\/media\/7833"}],"wp:attachment":[{"href":"https:\/\/srv113897.seohost.com.pl\/index.php\/wp-json\/wp\/v2\/media?parent=3752"}],"wp:term":[{"taxonomy":"product_brand","embeddable":true,"href":"https:\/\/srv113897.seohost.com.pl\/index.php\/wp-json\/wp\/v2\/product_brand?post=3752"},{"taxonomy":"product_cat","embeddable":true,"href":"https:\/\/srv113897.seohost.com.pl\/index.php\/wp-json\/wp\/v2\/product_cat?post=3752"},{"taxonomy":"product_tag","embeddable":true,"href":"https:\/\/srv113897.seohost.com.pl\/index.php\/wp-json\/wp\/v2\/product_tag?post=3752"}],"curies":[{"name":"wp","href":"https:\/\/api.w.org\/{rel}","templated":true}]}}