{"id":3751,"date":"2025-10-01T20:42:11","date_gmt":"2025-10-01T18:42:11","guid":{"rendered":"https:\/\/srv113897.seohost.com.pl\/?post_type=product&#038;p=3751"},"modified":"2026-05-04T00:09:58","modified_gmt":"2026-05-03T22:09:58","slug":"sruba-napedowa-13-3-4-x-15-mercury-nr-57","status":"publish","type":"product","link":"https:\/\/srv113897.seohost.com.pl\/index.php\/produkt\/sruba-napedowa-13-3-4-x-15-mercury-nr-57\/","title":{"rendered":"\u015aruba nap\u0119dowa 13 3\/4 X 15 MERCURY nr.57"},"content":{"rendered":"<p>W ofercie posiadamy:<\/p>\n<p>\u015aruba nap\u0119dowa Aluminiowa: do silnika zaburtowego Mercury<\/p>\n<p>40-60 KM<\/p>\n<p>75-125 KM 1978 i nowsze<\/p>\n<p>15 z\u0119b\u00f3w Spline<\/p>\n<p>Silnik zaburtowy (przek\u0142adnia 4-1\/4 cala)<\/p>\n<p>Suzuki\/Johnson 90-115 KM 4-suw 2001-2008 &#8211; u\u017cyj zestawu piasty 835283Q1<\/p>\n<p>Suzuki\/Johnson 100-115 4-suw 2009 i nowsze 140 KM 4-suw &#8211; u\u017cyj zestawu piasty 835283Q2<\/p>\n<p>Suzuki 70-90 KM 4-Stroke 2009 i nowsze &#8211; u\u017cyj zestawu piasty 835283Q03<\/p>\n<p>Honda 75-90 KM 1998 i starsze &#8211; u\u017cyj zestawu piast 835277Q1<\/p>\n<p>Honda 75-90 KM 1999 i nowsze, 115-130 KM &#8211; u\u017cyj zestawu piasty 835279Q2<\/p>\n<p>Yamaha 50-100 KM &#8211; u\u017cyj zestawu piast 835272Q1<\/p>\n<p>Yamaha 115-130 KM &#8211; u\u017cyj zestawu piast 835271Q2<\/p>\n<p>Stan jak na zdj\u0119ciu.<\/p>\n<p>Cze\u015b\u0107 w 100% sprawna.<\/p>\n<p>W przypadku w\u0105tpliwo\u015bci, czy dana cze\u015b\u0107 pasuje do danego silnika prosimy wy\u015blij zapytanie.<\/p>\n<p>Zapraszamy r\u00f3wnie\u017c na inne nasze aukcje,\u00a0posiadamy szeroki wyb\u00f3r cz\u0119\u015bci do silnik\u00f3w zaburtowych oraz stacjonarnych.<\/p>\n<p>NUMER: 56<\/p>\n","protected":false},"excerpt":{"rendered":"<p>W ofercie posiadamy: \u015aruba nap\u0119dowa Aluminiowa: do silnika zaburtowego Mercury 40-60 KM 75-125 KM 1978 i nowsze 15 z\u0119b\u00f3w Spline Silnik zaburtowy (przek\u0142adnia 4-1\/4 cala) Suzuki\/Johnson 90-115 KM 4-suw 2001-2008 &#8211; u\u017cyj zestawu piasty 835283Q1 Suzuki\/Johnson 100-115 4-suw 2009 i nowsze 140 KM 4-suw &#8211; u\u017cyj zestawu piasty 835283Q2 Suzuki 70-90 KM 4-Stroke 2009 i [&hellip;]<\/p>\n","protected":false},"featured_media":7828,"comment_status":"open","ping_status":"closed","template":"","meta":[],"product_brand":[62],"product_cat":[48,49],"product_tag":[],"class_list":{"0":"post-3751","1":"product","2":"type-product","3":"status-publish","4":"has-post-thumbnail","6":"product_brand-mercury","7":"product_cat-czesci-silnikowe","8":"product_cat-sruby-napedowe","10":"first","11":"instock","12":"shipping-taxable","13":"purchasable","14":"product-type-simple"},"_links":{"self":[{"href":"https:\/\/srv113897.seohost.com.pl\/index.php\/wp-json\/wp\/v2\/product\/3751","targetHints":{"allow":["GET"]}}],"collection":[{"href":"https:\/\/srv113897.seohost.com.pl\/index.php\/wp-json\/wp\/v2\/product"}],"about":[{"href":"https:\/\/srv113897.seohost.com.pl\/index.php\/wp-json\/wp\/v2\/types\/product"}],"replies":[{"embeddable":true,"href":"https:\/\/srv113897.seohost.com.pl\/index.php\/wp-json\/wp\/v2\/comments?post=3751"}],"wp:featuredmedia":[{"embeddable":true,"href":"https:\/\/srv113897.seohost.com.pl\/index.php\/wp-json\/wp\/v2\/media\/7828"}],"wp:attachment":[{"href":"https:\/\/srv113897.seohost.com.pl\/index.php\/wp-json\/wp\/v2\/media?parent=3751"}],"wp:term":[{"taxonomy":"product_brand","embeddable":true,"href":"https:\/\/srv113897.seohost.com.pl\/index.php\/wp-json\/wp\/v2\/product_brand?post=3751"},{"taxonomy":"product_cat","embeddable":true,"href":"https:\/\/srv113897.seohost.com.pl\/index.php\/wp-json\/wp\/v2\/product_cat?post=3751"},{"taxonomy":"product_tag","embeddable":true,"href":"https:\/\/srv113897.seohost.com.pl\/index.php\/wp-json\/wp\/v2\/product_tag?post=3751"}],"curies":[{"name":"wp","href":"https:\/\/api.w.org\/{rel}","templated":true}]}}