{"id":3580,"date":"2025-10-01T20:39:57","date_gmt":"2025-10-01T18:39:57","guid":{"rendered":"https:\/\/srv113897.seohost.com.pl\/?post_type=product&#038;p=3580"},"modified":"2026-05-04T00:08:15","modified_gmt":"2026-05-03T22:08:15","slug":"silnik-zaburtowy-evinrude-6-km-krotka-stopa-s-nr-3","status":"publish","type":"product","link":"https:\/\/srv113897.seohost.com.pl\/index.php\/produkt\/silnik-zaburtowy-evinrude-6-km-krotka-stopa-s-nr-3\/","title":{"rendered":"silnik zaburtowy EVINRUDE 6 KM kr\u00f3tka stopa S nr.3"},"content":{"rendered":"<p>Do sprzedania stopa spodzina zdemontowana z\u00a0 silnika zaburtowego EVINRUDE 6 KM ,S (kr\u00f3tka) stopa,sterowanie rumpel,rozruch szarpanka,bardzo dobry stan.<\/p>\n<p>Silnik by\u0142 pe\u0142ni sprawny po serwisie wykonanym przez nasz\u0105 firm\u0119. Do zaoferowania wszystko co na zdj\u0119ciach cena dotyczy spodziny.<\/p>\n<p><b>Maszy w\u0105tpliwo\u015bci wy\u015blij zapytanie<\/b><\/p>\n","protected":false},"excerpt":{"rendered":"<p>Do sprzedania stopa spodzina zdemontowana z\u00a0 silnika zaburtowego EVINRUDE 6 KM ,S (kr\u00f3tka) stopa,sterowanie rumpel,rozruch szarpanka,bardzo dobry stan. Silnik by\u0142 pe\u0142ni sprawny po serwisie wykonanym przez nasz\u0105 firm\u0119. Do zaoferowania wszystko co na zdj\u0119ciach cena dotyczy spodziny. Maszy w\u0105tpliwo\u015bci wy\u015blij zapytanie<\/p>\n","protected":false},"featured_media":7680,"comment_status":"open","ping_status":"closed","template":"","meta":[],"product_brand":[71],"product_cat":[48,125,51],"product_tag":[56],"class_list":{"0":"post-3580","1":"product","2":"type-product","3":"status-publish","4":"has-post-thumbnail","6":"product_brand-evinrude","7":"product_cat-czesci-silnikowe","8":"product_cat-silniki-na-czesci","9":"product_cat-silniki-zaburtowe","10":"product_tag-stopa-s","12":"first","13":"instock","14":"shipping-taxable","15":"purchasable","16":"product-type-simple"},"_links":{"self":[{"href":"https:\/\/srv113897.seohost.com.pl\/index.php\/wp-json\/wp\/v2\/product\/3580","targetHints":{"allow":["GET"]}}],"collection":[{"href":"https:\/\/srv113897.seohost.com.pl\/index.php\/wp-json\/wp\/v2\/product"}],"about":[{"href":"https:\/\/srv113897.seohost.com.pl\/index.php\/wp-json\/wp\/v2\/types\/product"}],"replies":[{"embeddable":true,"href":"https:\/\/srv113897.seohost.com.pl\/index.php\/wp-json\/wp\/v2\/comments?post=3580"}],"wp:featuredmedia":[{"embeddable":true,"href":"https:\/\/srv113897.seohost.com.pl\/index.php\/wp-json\/wp\/v2\/media\/7680"}],"wp:attachment":[{"href":"https:\/\/srv113897.seohost.com.pl\/index.php\/wp-json\/wp\/v2\/media?parent=3580"}],"wp:term":[{"taxonomy":"product_brand","embeddable":true,"href":"https:\/\/srv113897.seohost.com.pl\/index.php\/wp-json\/wp\/v2\/product_brand?post=3580"},{"taxonomy":"product_cat","embeddable":true,"href":"https:\/\/srv113897.seohost.com.pl\/index.php\/wp-json\/wp\/v2\/product_cat?post=3580"},{"taxonomy":"product_tag","embeddable":true,"href":"https:\/\/srv113897.seohost.com.pl\/index.php\/wp-json\/wp\/v2\/product_tag?post=3580"}],"curies":[{"name":"wp","href":"https:\/\/api.w.org\/{rel}","templated":true}]}}