{"id":3578,"date":"2025-10-01T20:39:57","date_gmt":"2025-10-01T18:39:57","guid":{"rendered":"https:\/\/srv113897.seohost.com.pl\/?post_type=product&#038;p=3578"},"modified":"2026-05-04T00:08:11","modified_gmt":"2026-05-03T22:08:11","slug":"silnik-zaburtowy-evinrude-15-km-sportwin-nr-7","status":"publish","type":"product","link":"https:\/\/srv113897.seohost.com.pl\/index.php\/produkt\/silnik-zaburtowy-evinrude-15-km-sportwin-nr-7\/","title":{"rendered":"silnik zaburtowy Evinrude 15 KM Sportwin nr.7"},"content":{"rendered":"<p>Do sprzedania czapa pokrywa\u00a0 zdemontowana z\u00a0 silnika zaburtowego EVINRUDE 15 KM ,sterowanie rumpel,rozruch\u00a0 szarpanka,bardzo dobry stan.<\/p>\n<p>Do zaoferowania wszystko co na zdj\u0119ciach cena dotyczy czapy\/pokrywy.<\/p>\n<p><b>Maszy w\u0105tpliwo\u015bci wy\u015blij zapytanie<\/b><\/p>\n","protected":false},"excerpt":{"rendered":"<p>Do sprzedania czapa pokrywa\u00a0 zdemontowana z\u00a0 silnika zaburtowego EVINRUDE 15 KM ,sterowanie rumpel,rozruch\u00a0 szarpanka,bardzo dobry stan. Do zaoferowania wszystko co na zdj\u0119ciach cena dotyczy czapy\/pokrywy. Maszy w\u0105tpliwo\u015bci wy\u015blij zapytanie<\/p>\n","protected":false},"featured_media":7673,"comment_status":"open","ping_status":"closed","template":"","meta":[],"product_brand":[71],"product_cat":[48,125,51],"product_tag":[],"class_list":{"0":"post-3578","1":"product","2":"type-product","3":"status-publish","4":"has-post-thumbnail","6":"product_brand-evinrude","7":"product_cat-czesci-silnikowe","8":"product_cat-silniki-na-czesci","9":"product_cat-silniki-zaburtowe","11":"first","12":"instock","13":"shipping-taxable","14":"purchasable","15":"product-type-simple"},"_links":{"self":[{"href":"https:\/\/srv113897.seohost.com.pl\/index.php\/wp-json\/wp\/v2\/product\/3578","targetHints":{"allow":["GET"]}}],"collection":[{"href":"https:\/\/srv113897.seohost.com.pl\/index.php\/wp-json\/wp\/v2\/product"}],"about":[{"href":"https:\/\/srv113897.seohost.com.pl\/index.php\/wp-json\/wp\/v2\/types\/product"}],"replies":[{"embeddable":true,"href":"https:\/\/srv113897.seohost.com.pl\/index.php\/wp-json\/wp\/v2\/comments?post=3578"}],"wp:featuredmedia":[{"embeddable":true,"href":"https:\/\/srv113897.seohost.com.pl\/index.php\/wp-json\/wp\/v2\/media\/7673"}],"wp:attachment":[{"href":"https:\/\/srv113897.seohost.com.pl\/index.php\/wp-json\/wp\/v2\/media?parent=3578"}],"wp:term":[{"taxonomy":"product_brand","embeddable":true,"href":"https:\/\/srv113897.seohost.com.pl\/index.php\/wp-json\/wp\/v2\/product_brand?post=3578"},{"taxonomy":"product_cat","embeddable":true,"href":"https:\/\/srv113897.seohost.com.pl\/index.php\/wp-json\/wp\/v2\/product_cat?post=3578"},{"taxonomy":"product_tag","embeddable":true,"href":"https:\/\/srv113897.seohost.com.pl\/index.php\/wp-json\/wp\/v2\/product_tag?post=3578"}],"curies":[{"name":"wp","href":"https:\/\/api.w.org\/{rel}","templated":true}]}}