{"id":3443,"date":"2025-10-01T20:38:12","date_gmt":"2025-10-01T18:38:12","guid":{"rendered":"https:\/\/srv113897.seohost.com.pl\/?post_type=product&#038;p=3443"},"modified":"2026-05-04T00:06:49","modified_gmt":"2026-05-03T22:06:49","slug":"pompa-wspomagania-omc-cobra-2-5-3-0-5-0-5-7-5-8-7-4l-nr-7","status":"publish","type":"product","link":"https:\/\/srv113897.seohost.com.pl\/index.php\/produkt\/pompa-wspomagania-omc-cobra-2-5-3-0-5-0-5-7-5-8-7-4l-nr-7\/","title":{"rendered":"Pompa wspomagania OMC Cobra 2.5 3.0 5.0 5.7 5.8 7.4L nr.7"},"content":{"rendered":"<p><b>W ofercie posiadamy<\/b><b>:<\/b><\/p>\n<p><b>Pompa wspomagania OMC Cobra 0983791 983839 Pompa wspomagania uk\u0142adu kierowniczego 1984-1998 2,5 3,0 5,0 5,7 5,8 7,4 l<\/b><\/p>\n<p><b>Produkt oryginalny.<\/b><\/p>\n<p><b>Nosi normalne \u015blady u\u017cytkowania, czasu.<\/b><\/p>\n<p>W przypadku w\u0105tpliwo\u015bci, czy dana cze\u015b\u0107 pasuje do danego silnika prosimy wys\u0142a\u0107 zapytanie.<\/p>\n<p><b>Zapraszamy r\u00f3wnie\u017c na inne nasze aukcje,<\/b>\u00a0<b>posiadamy szeroki wyb\u00f3r cz\u0119\u015bci do silnik\u00f3w zaburtowych oraz stacjonarnych.<\/b><\/p>\n","protected":false},"excerpt":{"rendered":"<p>W ofercie posiadamy: Pompa wspomagania OMC Cobra 0983791 983839 Pompa wspomagania uk\u0142adu kierowniczego 1984-1998 2,5 3,0 5,0 5,7 5,8 7,4 l Produkt oryginalny. Nosi normalne \u015blady u\u017cytkowania, czasu. W przypadku w\u0105tpliwo\u015bci, czy dana cze\u015b\u0107 pasuje do danego silnika prosimy wys\u0142a\u0107 zapytanie. Zapraszamy r\u00f3wnie\u017c na inne nasze aukcje,\u00a0posiadamy szeroki wyb\u00f3r cz\u0119\u015bci do silnik\u00f3w zaburtowych oraz stacjonarnych.<\/p>\n","protected":false},"featured_media":7591,"comment_status":"open","ping_status":"closed","template":"","meta":[],"product_brand":[105],"product_cat":[48,142],"product_tag":[],"class_list":{"0":"post-3443","1":"product","2":"type-product","3":"status-publish","4":"has-post-thumbnail","6":"product_brand-omc","7":"product_cat-czesci-silnikowe","8":"product_cat-pompy-wspomagania","10":"first","11":"instock","12":"shipping-taxable","13":"purchasable","14":"product-type-simple"},"_links":{"self":[{"href":"https:\/\/srv113897.seohost.com.pl\/index.php\/wp-json\/wp\/v2\/product\/3443","targetHints":{"allow":["GET"]}}],"collection":[{"href":"https:\/\/srv113897.seohost.com.pl\/index.php\/wp-json\/wp\/v2\/product"}],"about":[{"href":"https:\/\/srv113897.seohost.com.pl\/index.php\/wp-json\/wp\/v2\/types\/product"}],"replies":[{"embeddable":true,"href":"https:\/\/srv113897.seohost.com.pl\/index.php\/wp-json\/wp\/v2\/comments?post=3443"}],"wp:featuredmedia":[{"embeddable":true,"href":"https:\/\/srv113897.seohost.com.pl\/index.php\/wp-json\/wp\/v2\/media\/7591"}],"wp:attachment":[{"href":"https:\/\/srv113897.seohost.com.pl\/index.php\/wp-json\/wp\/v2\/media?parent=3443"}],"wp:term":[{"taxonomy":"product_brand","embeddable":true,"href":"https:\/\/srv113897.seohost.com.pl\/index.php\/wp-json\/wp\/v2\/product_brand?post=3443"},{"taxonomy":"product_cat","embeddable":true,"href":"https:\/\/srv113897.seohost.com.pl\/index.php\/wp-json\/wp\/v2\/product_cat?post=3443"},{"taxonomy":"product_tag","embeddable":true,"href":"https:\/\/srv113897.seohost.com.pl\/index.php\/wp-json\/wp\/v2\/product_tag?post=3443"}],"curies":[{"name":"wp","href":"https:\/\/api.w.org\/{rel}","templated":true}]}}