{"id":3410,"date":"2025-10-01T20:37:52","date_gmt":"2025-10-01T18:37:52","guid":{"rendered":"https:\/\/srv113897.seohost.com.pl\/?post_type=product&#038;p=3410"},"modified":"2026-05-04T00:06:28","modified_gmt":"2026-05-03T22:06:28","slug":"piasta-sruby-napedowej-mercury-mariner-40-60-hp","status":"publish","type":"product","link":"https:\/\/srv113897.seohost.com.pl\/index.php\/produkt\/piasta-sruby-napedowej-mercury-mariner-40-60-hp\/","title":{"rendered":"Piasta \u015bruby nap\u0119dowej Mercury \/ Mariner 40-60 HP"},"content":{"rendered":"<p><b>W ofercie posiadamy<\/b><b>:<\/b><\/p>\n<p>Mercury \/ Mariner 40-60 HP Bigfoot \/ Command Thrust, 70-300 HP 2-suwowy i 4-suwowy, Force 90-120, Mercury Mercruiser, Alpha i Alpha One, Bravo One (mniej ni\u017c 400 HP)<\/p>\n<p>Cze\u015b\u0107 sprawna.<\/p>\n<p><b>Zapraszamy r\u00f3wnie\u017c na inne nasze aukcje,<\/b>\u00a0<b>posiadamy szeroki wyb\u00f3r cz\u0119\u015bci do silnik\u00f3w zaburtowych oraz stacjonarnych.<\/b><\/p>\n","protected":false},"excerpt":{"rendered":"<p>W ofercie posiadamy: Mercury \/ Mariner 40-60 HP Bigfoot \/ Command Thrust, 70-300 HP 2-suwowy i 4-suwowy, Force 90-120, Mercury Mercruiser, Alpha i Alpha One, Bravo One (mniej ni\u017c 400 HP) Cze\u015b\u0107 sprawna. Zapraszamy r\u00f3wnie\u017c na inne nasze aukcje,\u00a0posiadamy szeroki wyb\u00f3r cz\u0119\u015bci do silnik\u00f3w zaburtowych oraz stacjonarnych.<\/p>\n","protected":false},"featured_media":7567,"comment_status":"open","ping_status":"closed","template":"","meta":[],"product_brand":[62],"product_cat":[48,49],"product_tag":[],"class_list":{"0":"post-3410","1":"product","2":"type-product","3":"status-publish","4":"has-post-thumbnail","6":"product_brand-mercury","7":"product_cat-czesci-silnikowe","8":"product_cat-sruby-napedowe","10":"first","11":"instock","12":"shipping-taxable","13":"purchasable","14":"product-type-simple"},"_links":{"self":[{"href":"https:\/\/srv113897.seohost.com.pl\/index.php\/wp-json\/wp\/v2\/product\/3410","targetHints":{"allow":["GET"]}}],"collection":[{"href":"https:\/\/srv113897.seohost.com.pl\/index.php\/wp-json\/wp\/v2\/product"}],"about":[{"href":"https:\/\/srv113897.seohost.com.pl\/index.php\/wp-json\/wp\/v2\/types\/product"}],"replies":[{"embeddable":true,"href":"https:\/\/srv113897.seohost.com.pl\/index.php\/wp-json\/wp\/v2\/comments?post=3410"}],"wp:featuredmedia":[{"embeddable":true,"href":"https:\/\/srv113897.seohost.com.pl\/index.php\/wp-json\/wp\/v2\/media\/7567"}],"wp:attachment":[{"href":"https:\/\/srv113897.seohost.com.pl\/index.php\/wp-json\/wp\/v2\/media?parent=3410"}],"wp:term":[{"taxonomy":"product_brand","embeddable":true,"href":"https:\/\/srv113897.seohost.com.pl\/index.php\/wp-json\/wp\/v2\/product_brand?post=3410"},{"taxonomy":"product_cat","embeddable":true,"href":"https:\/\/srv113897.seohost.com.pl\/index.php\/wp-json\/wp\/v2\/product_cat?post=3410"},{"taxonomy":"product_tag","embeddable":true,"href":"https:\/\/srv113897.seohost.com.pl\/index.php\/wp-json\/wp\/v2\/product_tag?post=3410"}],"curies":[{"name":"wp","href":"https:\/\/api.w.org\/{rel}","templated":true}]}}