{"id":3365,"date":"2025-10-01T20:37:29","date_gmt":"2025-10-01T18:37:29","guid":{"rendered":"https:\/\/srv113897.seohost.com.pl\/?post_type=product&#038;p=3365"},"modified":"2026-05-04T00:06:11","modified_gmt":"2026-05-03T22:06:11","slug":"obudowa-rozrzadu-mercruiser-38l-43l-50l-57l","status":"publish","type":"product","link":"https:\/\/srv113897.seohost.com.pl\/index.php\/produkt\/obudowa-rozrzadu-mercruiser-38l-43l-50l-57l\/","title":{"rendered":"Obudowa rozrz\u0105du MerCruiser 3,8L 4,3L 5,0L 5,7L"},"content":{"rendered":"<p><b>W ofercie posiadamy:<\/b><\/p>\n<p><b>Obow\u0119 rorz\u0105du\u00a0 U\u017cywana w latach 1983-1984 w silnikach MerCruiser Alpha One 3.8L V6 185hp 4bbl 229CID S\u0105 one bardzo podobne do innych os\u0142on rozrz\u0105du 4,3L \/ 5,0L \/ 5,7L,<\/b><\/p>\n<p><b>Zapraszamy r\u00f3wnie\u017c na inne nasze aukcje,<\/b>\u00a0<b>posiadamy szeroki wyb\u00f3r cz\u0119\u015bci do silnik\u00f3w zaburtowych oraz stacjonarnych.<\/b><\/p>\n","protected":false},"excerpt":{"rendered":"<p>W ofercie posiadamy: Obow\u0119 rorz\u0105du\u00a0 U\u017cywana w latach 1983-1984 w silnikach MerCruiser Alpha One 3.8L V6 185hp 4bbl 229CID S\u0105 one bardzo podobne do innych os\u0142on rozrz\u0105du 4,3L \/ 5,0L \/ 5,7L, Zapraszamy r\u00f3wnie\u017c na inne nasze aukcje,\u00a0posiadamy szeroki wyb\u00f3r cz\u0119\u015bci do silnik\u00f3w zaburtowych oraz stacjonarnych.<\/p>\n","protected":false},"featured_media":7539,"comment_status":"open","ping_status":"closed","template":"","meta":[],"product_brand":[61],"product_cat":[48,98],"product_tag":[],"class_list":{"0":"post-3365","1":"product","2":"type-product","3":"status-publish","4":"has-post-thumbnail","6":"product_brand-mercruiser","7":"product_cat-czesci-silnikowe","8":"product_cat-obudowy-silnika","10":"first","11":"instock","12":"shipping-taxable","13":"purchasable","14":"product-type-simple"},"_links":{"self":[{"href":"https:\/\/srv113897.seohost.com.pl\/index.php\/wp-json\/wp\/v2\/product\/3365","targetHints":{"allow":["GET"]}}],"collection":[{"href":"https:\/\/srv113897.seohost.com.pl\/index.php\/wp-json\/wp\/v2\/product"}],"about":[{"href":"https:\/\/srv113897.seohost.com.pl\/index.php\/wp-json\/wp\/v2\/types\/product"}],"replies":[{"embeddable":true,"href":"https:\/\/srv113897.seohost.com.pl\/index.php\/wp-json\/wp\/v2\/comments?post=3365"}],"wp:featuredmedia":[{"embeddable":true,"href":"https:\/\/srv113897.seohost.com.pl\/index.php\/wp-json\/wp\/v2\/media\/7539"}],"wp:attachment":[{"href":"https:\/\/srv113897.seohost.com.pl\/index.php\/wp-json\/wp\/v2\/media?parent=3365"}],"wp:term":[{"taxonomy":"product_brand","embeddable":true,"href":"https:\/\/srv113897.seohost.com.pl\/index.php\/wp-json\/wp\/v2\/product_brand?post=3365"},{"taxonomy":"product_cat","embeddable":true,"href":"https:\/\/srv113897.seohost.com.pl\/index.php\/wp-json\/wp\/v2\/product_cat?post=3365"},{"taxonomy":"product_tag","embeddable":true,"href":"https:\/\/srv113897.seohost.com.pl\/index.php\/wp-json\/wp\/v2\/product_tag?post=3365"}],"curies":[{"name":"wp","href":"https:\/\/api.w.org\/{rel}","templated":true}]}}