{"id":3332,"date":"2025-10-01T20:37:05","date_gmt":"2025-10-01T18:37:05","guid":{"rendered":"https:\/\/srv113897.seohost.com.pl\/?post_type=product&#038;p=3332"},"modified":"2026-05-04T00:05:50","modified_gmt":"2026-05-03T22:05:50","slug":"mariner-175-2-5l-caly-na-czesci","status":"publish","type":"product","link":"https:\/\/srv113897.seohost.com.pl\/index.php\/produkt\/mariner-175-2-5l-caly-na-czesci\/","title":{"rendered":"Mariner 175 2.5L Ca\u0142y na cz\u0119\u015bci"},"content":{"rendered":"<p>Do zaoferowania mamy cz\u0119\u015bci z demonta\u017cu z silnika Mariner 175 KM 2.5L (brak bloku silnika) wi\u0119cej informacji udzielimy telefonicznie lub poprzez formularza\u00a0 kontaktowy na stronie. Zapraszamy<\/p>\n","protected":false},"excerpt":{"rendered":"<p>Do zaoferowania mamy cz\u0119\u015bci z demonta\u017cu z silnika Mariner 175 KM 2.5L (brak bloku silnika) wi\u0119cej informacji udzielimy telefonicznie lub poprzez formularza\u00a0 kontaktowy na stronie. Zapraszamy<\/p>\n","protected":false},"featured_media":7509,"comment_status":"open","ping_status":"closed","template":"","meta":[],"product_brand":[70],"product_cat":[48,125,51],"product_tag":[],"class_list":{"0":"post-3332","1":"product","2":"type-product","3":"status-publish","4":"has-post-thumbnail","6":"product_brand-mariner","7":"product_cat-czesci-silnikowe","8":"product_cat-silniki-na-czesci","9":"product_cat-silniki-zaburtowe","11":"first","12":"instock","13":"shipping-taxable","14":"product-type-simple"},"_links":{"self":[{"href":"https:\/\/srv113897.seohost.com.pl\/index.php\/wp-json\/wp\/v2\/product\/3332","targetHints":{"allow":["GET"]}}],"collection":[{"href":"https:\/\/srv113897.seohost.com.pl\/index.php\/wp-json\/wp\/v2\/product"}],"about":[{"href":"https:\/\/srv113897.seohost.com.pl\/index.php\/wp-json\/wp\/v2\/types\/product"}],"replies":[{"embeddable":true,"href":"https:\/\/srv113897.seohost.com.pl\/index.php\/wp-json\/wp\/v2\/comments?post=3332"}],"wp:featuredmedia":[{"embeddable":true,"href":"https:\/\/srv113897.seohost.com.pl\/index.php\/wp-json\/wp\/v2\/media\/7509"}],"wp:attachment":[{"href":"https:\/\/srv113897.seohost.com.pl\/index.php\/wp-json\/wp\/v2\/media?parent=3332"}],"wp:term":[{"taxonomy":"product_brand","embeddable":true,"href":"https:\/\/srv113897.seohost.com.pl\/index.php\/wp-json\/wp\/v2\/product_brand?post=3332"},{"taxonomy":"product_cat","embeddable":true,"href":"https:\/\/srv113897.seohost.com.pl\/index.php\/wp-json\/wp\/v2\/product_cat?post=3332"},{"taxonomy":"product_tag","embeddable":true,"href":"https:\/\/srv113897.seohost.com.pl\/index.php\/wp-json\/wp\/v2\/product_tag?post=3332"}],"curies":[{"name":"wp","href":"https:\/\/api.w.org\/{rel}","templated":true}]}}