{"id":3330,"date":"2025-10-01T20:37:05","date_gmt":"2025-10-01T18:37:05","guid":{"rendered":"https:\/\/srv113897.seohost.com.pl\/?post_type=product&#038;p=3330"},"modified":"2026-05-04T00:05:25","modified_gmt":"2026-05-03T22:05:25","slug":"zestaw-zegarow-bayliner-paliwo-rpm-temp-fuel-volt","status":"publish","type":"product","link":"https:\/\/srv113897.seohost.com.pl\/index.php\/produkt\/zestaw-zegarow-bayliner-paliwo-rpm-temp-fuel-volt\/","title":{"rendered":"Zestaw zegar\u00f3w Bayliner Paliwo RPM Temp Fuel Volt"},"content":{"rendered":"<p><b>W ofercie posiadamy<\/b><b>:<\/b><\/p>\n<p><b>Zestaw zegar\u00f3w do \u0142odzi jachtu Bayliner w sk\u0142ad zestawu<\/b><\/p>\n<p><b>Obrotomierz, palio, volt, motogodziny, temp, oil,\u00a0 plus stacyjka.<\/b><\/p>\n<p><b>Produkt oryginalny.<\/b><\/p>\n<p><b>Stan jak na zdj\u0119ciu. Nosi normalne \u015blady u\u017cytkowania, czasu.<\/b><\/p>\n<p>Cze\u015b\u0107 w 100% sprawna.<\/p>\n<p>W przypadku w\u0105tpliwo\u015bci, czy dana cze\u015b\u0107 pasuje do danego silnika prosimy o zadanie pytania.<\/p>\n<p><b>Zapraszamy r\u00f3wnie\u017c na inne nasze aukcje,<\/b>\u00a0<b>posiadamy szeroki wyb\u00f3r cz\u0119\u015bci do silnik\u00f3w zaburtowych oraz stacjonarnych.<\/b><\/p>\n","protected":false},"excerpt":{"rendered":"<p>W ofercie posiadamy: Zestaw zegar\u00f3w do \u0142odzi jachtu Bayliner w sk\u0142ad zestawu Obrotomierz, palio, volt, motogodziny, temp, oil,\u00a0 plus stacyjka. Produkt oryginalny. Stan jak na zdj\u0119ciu. Nosi normalne \u015blady u\u017cytkowania, czasu. Cze\u015b\u0107 w 100% sprawna. W przypadku w\u0105tpliwo\u015bci, czy dana cze\u015b\u0107 pasuje do danego silnika prosimy o zadanie pytania. Zapraszamy r\u00f3wnie\u017c na inne nasze aukcje,\u00a0posiadamy [&hellip;]<\/p>\n","protected":false},"featured_media":7499,"comment_status":"open","ping_status":"closed","template":"","meta":[],"product_brand":[100],"product_cat":[115,119],"product_tag":[],"class_list":{"0":"post-3330","1":"product","2":"type-product","3":"status-publish","4":"has-post-thumbnail","6":"product_brand-bayliner","7":"product_cat-osprzet-silnikow","8":"product_cat-zegary","10":"first","11":"instock","12":"shipping-taxable","13":"purchasable","14":"product-type-simple"},"_links":{"self":[{"href":"https:\/\/srv113897.seohost.com.pl\/index.php\/wp-json\/wp\/v2\/product\/3330","targetHints":{"allow":["GET"]}}],"collection":[{"href":"https:\/\/srv113897.seohost.com.pl\/index.php\/wp-json\/wp\/v2\/product"}],"about":[{"href":"https:\/\/srv113897.seohost.com.pl\/index.php\/wp-json\/wp\/v2\/types\/product"}],"replies":[{"embeddable":true,"href":"https:\/\/srv113897.seohost.com.pl\/index.php\/wp-json\/wp\/v2\/comments?post=3330"}],"wp:featuredmedia":[{"embeddable":true,"href":"https:\/\/srv113897.seohost.com.pl\/index.php\/wp-json\/wp\/v2\/media\/7499"}],"wp:attachment":[{"href":"https:\/\/srv113897.seohost.com.pl\/index.php\/wp-json\/wp\/v2\/media?parent=3330"}],"wp:term":[{"taxonomy":"product_brand","embeddable":true,"href":"https:\/\/srv113897.seohost.com.pl\/index.php\/wp-json\/wp\/v2\/product_brand?post=3330"},{"taxonomy":"product_cat","embeddable":true,"href":"https:\/\/srv113897.seohost.com.pl\/index.php\/wp-json\/wp\/v2\/product_cat?post=3330"},{"taxonomy":"product_tag","embeddable":true,"href":"https:\/\/srv113897.seohost.com.pl\/index.php\/wp-json\/wp\/v2\/product_tag?post=3330"}],"curies":[{"name":"wp","href":"https:\/\/api.w.org\/{rel}","templated":true}]}}