{"id":3329,"date":"2025-10-01T20:37:05","date_gmt":"2025-10-01T18:37:05","guid":{"rendered":"https:\/\/srv113897.seohost.com.pl\/?post_type=product&#038;p=3329"},"modified":"2026-05-04T00:05:16","modified_gmt":"2026-05-03T22:05:16","slug":"zestaw-manetka-zegary-wiazka-suzuki-df8a-250-nowa","status":"publish","type":"product","link":"https:\/\/srv113897.seohost.com.pl\/index.php\/produkt\/zestaw-manetka-zegary-wiazka-suzuki-df8a-250-nowa\/","title":{"rendered":"Zestaw Manetka Zegary Wi\u0105zka Suzuki DF8A-250 NOWA"},"content":{"rendered":"<p>W ofercie posiadamy:<\/p>\n<p>Oryginalny obrotomierz Suzuki z systemem ostrzegania za pomoc\u0105 kontrolek.<\/p>\n<p>Rozmiar 4&#8243;<\/p>\n<p>Zastosowanie do model\u00f3w: DF8A &#8211; 250<\/p>\n<p>Suzuki Marine 2 cale bia\u0142e wska\u017aniki trymu<\/p>\n<p>Produkt oryginalny suzuki suzuki 34200-93J11, 34800-93J11<\/p>\n<p>Komplet 2 zegary Mulit plus Trim<\/p>\n<p>Manetk\u0119 do silnika zaburtowego suzuki pasuje do :<\/p>\n<p>Silnik zaburtowy Suzuki 150HP DF 150AST Pocz\u0105tek VIN # 240001 do 24XXXX OPCJA: PILOT<\/p>\n<p>Silnik zaburtowy Suzuki 250HP DF 250Z Pocz\u0105tek VIN # 040001 do 04XXXX OPCJA: PILOT<\/p>\n<p>Silnik zaburtowy Suzuki 225HP DF 225Z Pocz\u0105tek VIN # 040001 do 04XXXX OPCJA: PILOT<\/p>\n<p>Silnik zaburtowy Suzuki 200HP DF 200AT Pocz\u0105tek VIN # 040001 do 04XXXX OPCJA: PILOT<\/p>\n<p>Silnik zaburtowy Suzuki 150HP DF 150AST Pocz\u0105tek VIN # 140001 do 14XXXX OPCJA: PILOT<\/p>\n<p>Silnik zaburtowy Suzuki 200HP DF 200AST Pocz\u0105tek VIN # 040001 do 04XXXX OPCJA: PILOT<\/p>\n<p>Silnik zaburtowy Suzuki 200HP DF 200AST Pocz\u0105tek VIN # 140001 do 14XXXX OPCJA: PILOT<\/p>\n<p>Silnik zaburtowy Suzuki 175HP DF 175AZ Pocz\u0105tek VIN #040001 do 04XXXX OPCJA: PILOT<\/p>\n<p>Silnik zaburtowy Suzuki 200HP DF 200AZ Pocz\u0105tek VIN # 040001 do 04XXXX OPCJA: PILOT<\/p>\n<p>Silnik zaburtowy Suzuki 150HP DF 150AST Pocz\u0105tek VIN # 040001 do 04XXXX OPCJA: PILOT<\/p>\n<p>Silnik zaburtowy Suzuki 175HP DF 175AT Pocz\u0105tek VIN #040001 do 04XXXX OPCJA: PILOT<\/p>\n<p>Silnik zaburtowy Suzuki 115HP DF 115AST Pocz\u0105tek VIN # 040001 do 04XXXX OPCJA: PILOT (N\/KEY BEZ STARTU) (E11) (E40)<\/p>\n<p>Silnik zaburtowy Suzuki 115HP DF 115AZ Pocz\u0105tek VIN # 040001 do 04XXXX OPCJA: PILOT (N\/KEY BEZ STARTU) (E11) (E40)<\/p>\n<p>Silnik zaburtowy Suzuki 140HP DF 140AZ Pocz\u0105tek VIN # 040001 do 04XXXX OPCJA: PILOT (N\/KEY BEZ STARTU) (E11) (E40)<\/p>\n<p>Silnik zaburtowy Suzuki 100HP DF 100AT Pocz\u0105tek VIN # 040001 do 04XXXX OPCJA: PILOT (N\/KEY BEZ STARTU) (E11) (E40)<\/p>\n<p>Numer oryginalny: suzuki 67200-93J60<\/p>\n<p>Nowy<\/p>\n<p>Wi\u0105zka elektryczna do silnika SUZUKI DF (6,5m) 36620-93J04<\/p>\n<p>Wi\u0105zka elektryczna do silnik\u00f3w SUZUKI DF<\/p>\n<p>mi\u0119dzy silnikiem a manetk\u0105.<\/p>\n<p>Do silnik\u00f3w zar\u00f3wno z systemem KLS jak i bez KLS.<\/p>\n<p>Numer oryginalny: suzuki 36620-93J04<\/p>\n<p>Stan jak na zdj\u0119ciu.<\/p>\n<p>Cze\u015b\u0107 w 100% sprawna.<\/p>\n<p>W przypadku w\u0105tpliwo\u015bci, wy\u015blij zapytanie .<\/p>\n<p>Zapraszamy r\u00f3wnie\u017c na inne nasze aukcje,\u00a0posiadamy szeroki wyb\u00f3r cz\u0119\u015bci do silnik\u00f3w zaburtowych oraz stacjonarnych.<\/p>\n","protected":false},"excerpt":{"rendered":"<p>W ofercie posiadamy: Oryginalny obrotomierz Suzuki z systemem ostrzegania za pomoc\u0105 kontrolek. Rozmiar 4&#8243; Zastosowanie do model\u00f3w: DF8A &#8211; 250 Suzuki Marine 2 cale bia\u0142e wska\u017aniki trymu Produkt oryginalny suzuki suzuki 34200-93J11, 34800-93J11 Komplet 2 zegary Mulit plus Trim Manetk\u0119 do silnika zaburtowego suzuki pasuje do : Silnik zaburtowy Suzuki 150HP DF 150AST Pocz\u0105tek VIN [&hellip;]<\/p>\n","protected":false},"featured_media":7492,"comment_status":"open","ping_status":"closed","template":"","meta":[],"product_brand":[63],"product_cat":[115,120],"product_tag":[],"class_list":{"0":"post-3329","1":"product","2":"type-product","3":"status-publish","4":"has-post-thumbnail","6":"product_brand-suzuki","7":"product_cat-osprzet-silnikow","8":"product_cat-manetki-osprzet-silnikow","10":"first","11":"instock","12":"shipping-taxable","13":"purchasable","14":"product-type-simple"},"_links":{"self":[{"href":"https:\/\/srv113897.seohost.com.pl\/index.php\/wp-json\/wp\/v2\/product\/3329","targetHints":{"allow":["GET"]}}],"collection":[{"href":"https:\/\/srv113897.seohost.com.pl\/index.php\/wp-json\/wp\/v2\/product"}],"about":[{"href":"https:\/\/srv113897.seohost.com.pl\/index.php\/wp-json\/wp\/v2\/types\/product"}],"replies":[{"embeddable":true,"href":"https:\/\/srv113897.seohost.com.pl\/index.php\/wp-json\/wp\/v2\/comments?post=3329"}],"wp:featuredmedia":[{"embeddable":true,"href":"https:\/\/srv113897.seohost.com.pl\/index.php\/wp-json\/wp\/v2\/media\/7492"}],"wp:attachment":[{"href":"https:\/\/srv113897.seohost.com.pl\/index.php\/wp-json\/wp\/v2\/media?parent=3329"}],"wp:term":[{"taxonomy":"product_brand","embeddable":true,"href":"https:\/\/srv113897.seohost.com.pl\/index.php\/wp-json\/wp\/v2\/product_brand?post=3329"},{"taxonomy":"product_cat","embeddable":true,"href":"https:\/\/srv113897.seohost.com.pl\/index.php\/wp-json\/wp\/v2\/product_cat?post=3329"},{"taxonomy":"product_tag","embeddable":true,"href":"https:\/\/srv113897.seohost.com.pl\/index.php\/wp-json\/wp\/v2\/product_tag?post=3329"}],"curies":[{"name":"wp","href":"https:\/\/api.w.org\/{rel}","templated":true}]}}