{"id":3326,"date":"2025-10-01T20:37:04","date_gmt":"2025-10-01T18:37:04","guid":{"rendered":"https:\/\/srv113897.seohost.com.pl\/?post_type=product&#038;p=3326"},"modified":"2026-05-04T00:05:01","modified_gmt":"2026-05-03T22:05:01","slug":"zegary-zestaw-obrotomierz-volt-lodz-majestic","status":"publish","type":"product","link":"https:\/\/srv113897.seohost.com.pl\/index.php\/produkt\/zegary-zestaw-obrotomierz-volt-lodz-majestic\/","title":{"rendered":"Zegary zestaw obrotomierz + volt \u0142\u00f3d\u017a Majestic"},"content":{"rendered":"<p><b>W ofercie posiadamy<\/b><b>:<\/b><\/p>\n<p><b>Zegar Obrotomierz, volt\u00a0 komplet<\/b><\/p>\n<p><b>MAJESTIC PONTON 2016 OBROTOMIERZ (RPM) 781489PMFB MARINE BOAT Sprzedam obrotomierz Majestic pontonowy 2016, nr cz\u0119\u015bci 781489PMFB Ten wska\u017anik ma srebrn\u0105 tarcz\u0119 i ramk\u0119 z czarnymi oznaczeniami. Obejmuje wspornik monta\u017cowy i elementy konstrukcyjne oraz ma \u015brednic\u0119 3 3\/4 cala (wraz z ramk\u0105), w komplecie z wska\u017anikiem volt.<\/b><\/p>\n<p><b>Stan &#8211; Nowy<\/b><\/p>\n<p>Cze\u015b\u0107 w sprawna.<\/p>\n<p>W przypadku w\u0105tpliwo\u015bci, czy dana cze\u015b\u0107 pasuje do danego silnika prosimy wy\u015blij zapytanie.<\/p>\n<p><b>Zapraszamy r\u00f3wnie\u017c na inne nasze aukcje,<\/b>\u00a0<b>posiadamy szeroki wyb\u00f3r cz\u0119\u015bci do silnik\u00f3w zaburtowych oraz stacjonarnych.<\/b><\/p>\n","protected":false},"excerpt":{"rendered":"<p>W ofercie posiadamy: Zegar Obrotomierz, volt\u00a0 komplet MAJESTIC PONTON 2016 OBROTOMIERZ (RPM) 781489PMFB MARINE BOAT Sprzedam obrotomierz Majestic pontonowy 2016, nr cz\u0119\u015bci 781489PMFB Ten wska\u017anik ma srebrn\u0105 tarcz\u0119 i ramk\u0119 z czarnymi oznaczeniami. Obejmuje wspornik monta\u017cowy i elementy konstrukcyjne oraz ma \u015brednic\u0119 3 3\/4 cala (wraz z ramk\u0105), w komplecie z wska\u017anikiem volt. Stan &#8211; [&hellip;]<\/p>\n","protected":false},"featured_media":7476,"comment_status":"open","ping_status":"closed","template":"","meta":[],"product_brand":[136],"product_cat":[115,119],"product_tag":[],"class_list":{"0":"post-3326","1":"product","2":"type-product","3":"status-publish","4":"has-post-thumbnail","6":"product_brand-inna","7":"product_cat-osprzet-silnikow","8":"product_cat-zegary","10":"first","11":"instock","12":"shipping-taxable","13":"purchasable","14":"product-type-simple"},"_links":{"self":[{"href":"https:\/\/srv113897.seohost.com.pl\/index.php\/wp-json\/wp\/v2\/product\/3326","targetHints":{"allow":["GET"]}}],"collection":[{"href":"https:\/\/srv113897.seohost.com.pl\/index.php\/wp-json\/wp\/v2\/product"}],"about":[{"href":"https:\/\/srv113897.seohost.com.pl\/index.php\/wp-json\/wp\/v2\/types\/product"}],"replies":[{"embeddable":true,"href":"https:\/\/srv113897.seohost.com.pl\/index.php\/wp-json\/wp\/v2\/comments?post=3326"}],"wp:featuredmedia":[{"embeddable":true,"href":"https:\/\/srv113897.seohost.com.pl\/index.php\/wp-json\/wp\/v2\/media\/7476"}],"wp:attachment":[{"href":"https:\/\/srv113897.seohost.com.pl\/index.php\/wp-json\/wp\/v2\/media?parent=3326"}],"wp:term":[{"taxonomy":"product_brand","embeddable":true,"href":"https:\/\/srv113897.seohost.com.pl\/index.php\/wp-json\/wp\/v2\/product_brand?post=3326"},{"taxonomy":"product_cat","embeddable":true,"href":"https:\/\/srv113897.seohost.com.pl\/index.php\/wp-json\/wp\/v2\/product_cat?post=3326"},{"taxonomy":"product_tag","embeddable":true,"href":"https:\/\/srv113897.seohost.com.pl\/index.php\/wp-json\/wp\/v2\/product_tag?post=3326"}],"curies":[{"name":"wp","href":"https:\/\/api.w.org\/{rel}","templated":true}]}}