{"id":3234,"date":"2025-10-01T20:36:16","date_gmt":"2025-10-01T18:36:16","guid":{"rendered":"https:\/\/srv113897.seohost.com.pl\/?post_type=product&#038;p=3234"},"modified":"2026-05-04T00:04:30","modified_gmt":"2026-05-03T22:04:30","slug":"zegar-wskaznik-trimu-suzuki-lodz-motorowka-nr-123","status":"publish","type":"product","link":"https:\/\/srv113897.seohost.com.pl\/index.php\/produkt\/zegar-wskaznik-trimu-suzuki-lodz-motorowka-nr-123\/","title":{"rendered":"Zegar wska\u017anik trimu Suzuki \u0142\u00f3d\u017a motor\u00f3wka nr. 123"},"content":{"rendered":"<p><b>W ofercie posiadamy<\/b><b>:<\/b><\/p>\n<p>Zegar wska\u017anik po\u0142o\u017cenia power trimu<\/p>\n<p><b>Stan jak na zdj\u0119ciu.<\/b><\/p>\n<p>W przypadku w\u0105tpliwo\u015bci, wy\u015blij zapytanie .<\/p>\n<p><b>Zapraszamy r\u00f3wnie\u017c na inne nasze aukcje,<\/b>\u00a0<b>posiadamy szeroki wyb\u00f3r cz\u0119\u015bci do silnik\u00f3w zaburtowych oraz stacjonarnych.<\/b><\/p>\n","protected":false},"excerpt":{"rendered":"<p>W ofercie posiadamy: Zegar wska\u017anik po\u0142o\u017cenia power trimu Stan jak na zdj\u0119ciu. W przypadku w\u0105tpliwo\u015bci, wy\u015blij zapytanie . Zapraszamy r\u00f3wnie\u017c na inne nasze aukcje,\u00a0posiadamy szeroki wyb\u00f3r cz\u0119\u015bci do silnik\u00f3w zaburtowych oraz stacjonarnych.<\/p>\n","protected":false},"featured_media":7407,"comment_status":"open","ping_status":"closed","template":"","meta":[],"product_brand":[63],"product_cat":[115,119],"product_tag":[],"class_list":{"0":"post-3234","1":"product","2":"type-product","3":"status-publish","4":"has-post-thumbnail","6":"product_brand-suzuki","7":"product_cat-osprzet-silnikow","8":"product_cat-zegary","10":"first","11":"instock","12":"shipping-taxable","13":"purchasable","14":"product-type-simple"},"_links":{"self":[{"href":"https:\/\/srv113897.seohost.com.pl\/index.php\/wp-json\/wp\/v2\/product\/3234","targetHints":{"allow":["GET"]}}],"collection":[{"href":"https:\/\/srv113897.seohost.com.pl\/index.php\/wp-json\/wp\/v2\/product"}],"about":[{"href":"https:\/\/srv113897.seohost.com.pl\/index.php\/wp-json\/wp\/v2\/types\/product"}],"replies":[{"embeddable":true,"href":"https:\/\/srv113897.seohost.com.pl\/index.php\/wp-json\/wp\/v2\/comments?post=3234"}],"wp:featuredmedia":[{"embeddable":true,"href":"https:\/\/srv113897.seohost.com.pl\/index.php\/wp-json\/wp\/v2\/media\/7407"}],"wp:attachment":[{"href":"https:\/\/srv113897.seohost.com.pl\/index.php\/wp-json\/wp\/v2\/media?parent=3234"}],"wp:term":[{"taxonomy":"product_brand","embeddable":true,"href":"https:\/\/srv113897.seohost.com.pl\/index.php\/wp-json\/wp\/v2\/product_brand?post=3234"},{"taxonomy":"product_cat","embeddable":true,"href":"https:\/\/srv113897.seohost.com.pl\/index.php\/wp-json\/wp\/v2\/product_cat?post=3234"},{"taxonomy":"product_tag","embeddable":true,"href":"https:\/\/srv113897.seohost.com.pl\/index.php\/wp-json\/wp\/v2\/product_tag?post=3234"}],"curies":[{"name":"wp","href":"https:\/\/api.w.org\/{rel}","templated":true}]}}