{"id":3229,"date":"2025-10-01T20:36:15","date_gmt":"2025-10-01T18:36:15","guid":{"rendered":"https:\/\/srv113897.seohost.com.pl\/?post_type=product&#038;p=3229"},"modified":"2026-05-04T00:04:10","modified_gmt":"2026-05-03T22:04:10","slug":"silnik-zaburtowy-mariner-50-km-czesci","status":"publish","type":"product","link":"https:\/\/srv113897.seohost.com.pl\/index.php\/produkt\/silnik-zaburtowy-mariner-50-km-czesci\/","title":{"rendered":"Silnik zaburtowy MARINER 50 KM cz\u0119\u015bci"},"content":{"rendered":"<p>Do sprzedania cz\u0119\u015bci do silnika MARINER 50 km<\/p>\n","protected":false},"excerpt":{"rendered":"<p>Do sprzedania cz\u0119\u015bci do silnika MARINER 50 km<\/p>\n","protected":false},"featured_media":7383,"comment_status":"open","ping_status":"closed","template":"","meta":[],"product_brand":[70],"product_cat":[48,51,54],"product_tag":[],"class_list":{"0":"post-3229","1":"product","2":"type-product","3":"status-publish","4":"has-post-thumbnail","6":"product_brand-mariner","7":"product_cat-czesci-silnikowe","8":"product_cat-silniki-zaburtowe","9":"product_cat-silniki-od-26-do-50-km","11":"first","12":"instock","13":"shipping-taxable","14":"product-type-simple"},"_links":{"self":[{"href":"https:\/\/srv113897.seohost.com.pl\/index.php\/wp-json\/wp\/v2\/product\/3229","targetHints":{"allow":["GET"]}}],"collection":[{"href":"https:\/\/srv113897.seohost.com.pl\/index.php\/wp-json\/wp\/v2\/product"}],"about":[{"href":"https:\/\/srv113897.seohost.com.pl\/index.php\/wp-json\/wp\/v2\/types\/product"}],"replies":[{"embeddable":true,"href":"https:\/\/srv113897.seohost.com.pl\/index.php\/wp-json\/wp\/v2\/comments?post=3229"}],"wp:featuredmedia":[{"embeddable":true,"href":"https:\/\/srv113897.seohost.com.pl\/index.php\/wp-json\/wp\/v2\/media\/7383"}],"wp:attachment":[{"href":"https:\/\/srv113897.seohost.com.pl\/index.php\/wp-json\/wp\/v2\/media?parent=3229"}],"wp:term":[{"taxonomy":"product_brand","embeddable":true,"href":"https:\/\/srv113897.seohost.com.pl\/index.php\/wp-json\/wp\/v2\/product_brand?post=3229"},{"taxonomy":"product_cat","embeddable":true,"href":"https:\/\/srv113897.seohost.com.pl\/index.php\/wp-json\/wp\/v2\/product_cat?post=3229"},{"taxonomy":"product_tag","embeddable":true,"href":"https:\/\/srv113897.seohost.com.pl\/index.php\/wp-json\/wp\/v2\/product_tag?post=3229"}],"curies":[{"name":"wp","href":"https:\/\/api.w.org\/{rel}","templated":true}]}}