{"id":3227,"date":"2025-10-01T20:36:15","date_gmt":"2025-10-01T18:36:15","guid":{"rendered":"https:\/\/srv113897.seohost.com.pl\/?post_type=product&#038;p=3227"},"modified":"2026-05-04T00:04:07","modified_gmt":"2026-05-03T22:04:07","slug":"yamaha-autolube-v4-140km-wszystko-na-czesci","status":"publish","type":"product","link":"https:\/\/srv113897.seohost.com.pl\/index.php\/produkt\/yamaha-autolube-v4-140km-wszystko-na-czesci\/","title":{"rendered":"Yamaha Autolube V4 140KM Wszystko na cz\u0119\u015bci"},"content":{"rendered":"<p>Ca\u0142y silnik na cz\u0119\u015bci brak bloku w razie pyta\u0144 prosz\u0119 kontakt telefoniczny lub wys\u0142anie wiadomo\u015bci ze strony.<\/p>\n","protected":false},"excerpt":{"rendered":"<p>Ca\u0142y silnik na cz\u0119\u015bci brak bloku w razie pyta\u0144 prosz\u0119 kontakt telefoniczny lub wys\u0142anie wiadomo\u015bci ze strony.<\/p>\n","protected":false},"featured_media":7368,"comment_status":"open","ping_status":"closed","template":"","meta":[],"product_brand":[64],"product_cat":[48,125,51],"product_tag":[],"class_list":{"0":"post-3227","1":"product","2":"type-product","3":"status-publish","4":"has-post-thumbnail","6":"product_brand-yamaha","7":"product_cat-czesci-silnikowe","8":"product_cat-silniki-na-czesci","9":"product_cat-silniki-zaburtowe","11":"first","12":"instock","13":"shipping-taxable","14":"product-type-simple"},"_links":{"self":[{"href":"https:\/\/srv113897.seohost.com.pl\/index.php\/wp-json\/wp\/v2\/product\/3227","targetHints":{"allow":["GET"]}}],"collection":[{"href":"https:\/\/srv113897.seohost.com.pl\/index.php\/wp-json\/wp\/v2\/product"}],"about":[{"href":"https:\/\/srv113897.seohost.com.pl\/index.php\/wp-json\/wp\/v2\/types\/product"}],"replies":[{"embeddable":true,"href":"https:\/\/srv113897.seohost.com.pl\/index.php\/wp-json\/wp\/v2\/comments?post=3227"}],"wp:featuredmedia":[{"embeddable":true,"href":"https:\/\/srv113897.seohost.com.pl\/index.php\/wp-json\/wp\/v2\/media\/7368"}],"wp:attachment":[{"href":"https:\/\/srv113897.seohost.com.pl\/index.php\/wp-json\/wp\/v2\/media?parent=3227"}],"wp:term":[{"taxonomy":"product_brand","embeddable":true,"href":"https:\/\/srv113897.seohost.com.pl\/index.php\/wp-json\/wp\/v2\/product_brand?post=3227"},{"taxonomy":"product_cat","embeddable":true,"href":"https:\/\/srv113897.seohost.com.pl\/index.php\/wp-json\/wp\/v2\/product_cat?post=3227"},{"taxonomy":"product_tag","embeddable":true,"href":"https:\/\/srv113897.seohost.com.pl\/index.php\/wp-json\/wp\/v2\/product_tag?post=3227"}],"curies":[{"name":"wp","href":"https:\/\/api.w.org\/{rel}","templated":true}]}}