{"id":2778,"date":"2025-10-01T20:31:18","date_gmt":"2025-10-01T18:31:18","guid":{"rendered":"https:\/\/srv113897.seohost.com.pl\/?post_type=product&#038;p=2778"},"modified":"2026-05-04T00:01:17","modified_gmt":"2026-05-03T22:01:17","slug":"system-bez-kluczykowy-keyless-suzuki-outboard","status":"publish","type":"product","link":"https:\/\/srv113897.seohost.com.pl\/index.php\/produkt\/system-bez-kluczykowy-keyless-suzuki-outboard\/","title":{"rendered":"System bez kluczykowy keyless Suzuki outboard"},"content":{"rendered":"<p><b>W ofercie posiadamy<\/b><b>:<\/b><\/p>\n<p>BEZKLUCZYKOWY SYSTEM URUCHAMIANIA TYLKO DLA SILNIK\u00d3W SUZUKI 2.0.<\/p>\n<p>NIE WSP\u00d3\u0141PRACUJE Z SILNIKAMI MECHANICZNYMI<\/p>\n<p>Sterowanie precyzyjne Suzuki 2.0 (SPC 2.0)<\/p>\n<p>Pasuje do: modeli DF115BG\/140BG\/150AP\/175AP\/200AP\/250AP\/300AP\/300B\/325A\/350A, 2022+.<\/p>\n<p><b>Zapraszamy r\u00f3wnie\u017c na inne nasze aukcje,<\/b>\u00a0<b>posiadamy szeroki wyb\u00f3r cz\u0119\u015bci do silnik\u00f3w zaburtowych oraz stacjonarnych.<\/b><\/p>\n","protected":false},"excerpt":{"rendered":"<p>W ofercie posiadamy: BEZKLUCZYKOWY SYSTEM URUCHAMIANIA TYLKO DLA SILNIK\u00d3W SUZUKI 2.0. NIE WSP\u00d3\u0141PRACUJE Z SILNIKAMI MECHANICZNYMI Sterowanie precyzyjne Suzuki 2.0 (SPC 2.0) Pasuje do: modeli DF115BG\/140BG\/150AP\/175AP\/200AP\/250AP\/300AP\/300B\/325A\/350A, 2022+. Zapraszamy r\u00f3wnie\u017c na inne nasze aukcje,\u00a0posiadamy szeroki wyb\u00f3r cz\u0119\u015bci do silnik\u00f3w zaburtowych oraz stacjonarnych.<\/p>\n","protected":false},"featured_media":7075,"comment_status":"open","ping_status":"closed","template":"","meta":[],"product_brand":[63],"product_cat":[115,128],"product_tag":[],"class_list":{"0":"post-2778","1":"product","2":"type-product","3":"status-publish","4":"has-post-thumbnail","6":"product_brand-suzuki","7":"product_cat-osprzet-silnikow","8":"product_cat-stacyjki-wlaczniki","10":"first","11":"instock","12":"shipping-taxable","13":"purchasable","14":"product-type-simple"},"_links":{"self":[{"href":"https:\/\/srv113897.seohost.com.pl\/index.php\/wp-json\/wp\/v2\/product\/2778","targetHints":{"allow":["GET"]}}],"collection":[{"href":"https:\/\/srv113897.seohost.com.pl\/index.php\/wp-json\/wp\/v2\/product"}],"about":[{"href":"https:\/\/srv113897.seohost.com.pl\/index.php\/wp-json\/wp\/v2\/types\/product"}],"replies":[{"embeddable":true,"href":"https:\/\/srv113897.seohost.com.pl\/index.php\/wp-json\/wp\/v2\/comments?post=2778"}],"wp:featuredmedia":[{"embeddable":true,"href":"https:\/\/srv113897.seohost.com.pl\/index.php\/wp-json\/wp\/v2\/media\/7075"}],"wp:attachment":[{"href":"https:\/\/srv113897.seohost.com.pl\/index.php\/wp-json\/wp\/v2\/media?parent=2778"}],"wp:term":[{"taxonomy":"product_brand","embeddable":true,"href":"https:\/\/srv113897.seohost.com.pl\/index.php\/wp-json\/wp\/v2\/product_brand?post=2778"},{"taxonomy":"product_cat","embeddable":true,"href":"https:\/\/srv113897.seohost.com.pl\/index.php\/wp-json\/wp\/v2\/product_cat?post=2778"},{"taxonomy":"product_tag","embeddable":true,"href":"https:\/\/srv113897.seohost.com.pl\/index.php\/wp-json\/wp\/v2\/product_tag?post=2778"}],"curies":[{"name":"wp","href":"https:\/\/api.w.org\/{rel}","templated":true}]}}