{"id":2777,"date":"2025-10-01T20:31:18","date_gmt":"2025-10-01T18:31:18","guid":{"rendered":"https:\/\/srv113897.seohost.com.pl\/?post_type=product&#038;p=2777"},"modified":"2026-05-04T00:01:13","modified_gmt":"2026-05-03T22:01:13","slug":"suzuki-oem-przelacznik-sterowania-trybem-trollingu","status":"publish","type":"product","link":"https:\/\/srv113897.seohost.com.pl\/index.php\/produkt\/suzuki-oem-przelacznik-sterowania-trybem-trollingu\/","title":{"rendered":"Suzuki OEM prze\u0142\u0105cznik sterowania trybem trollingu"},"content":{"rendered":"<p><b>W ofercie posiadamy<\/b><b>:<\/b><\/p>\n<p>Suzuki OEM prze\u0142\u0105cznik sterowania trybem trollingu 37860-87L00 dla DF40A\/DF50A\/DF50AV\/DF60A\/DF60AV\/DF70A\/DF90A\/DF115A\/DF115SS\/DF140A\/DF150A\/DF150AP\/DF175A\/DF175AP\/DF200A\/DF250AP\/DF300AP\/DF350A<\/p>\n<p><b>Numer oryginalny: suzuki 37860-87L00<\/b><\/p>\n<p><b>Stan jak na zdj\u0119ciu.<\/b><\/p>\n<p><b>Nowy<\/b><\/p>\n<p>Cze\u015b\u0107 w 100% sprawna.<\/p>\n<p>W przypadku w\u0105tpliwo\u015bci, czy dana cze\u015b\u0107 pasuje do danego silnika prosz\u0119 zada\u0107 pytanie. Aukcja dotyczy jednej sztuki.<\/p>\n<p><b>Zapraszamy r\u00f3wnie\u017c na inne nasze aukcje,<\/b>\u00a0<b>posiadamy szeroki wyb\u00f3r cz\u0119\u015bci do silnik\u00f3w zaburtowych oraz stacjonarnych.<\/b><\/p>\n","protected":false},"excerpt":{"rendered":"<p>W ofercie posiadamy: Suzuki OEM prze\u0142\u0105cznik sterowania trybem trollingu 37860-87L00 dla DF40A\/DF50A\/DF50AV\/DF60A\/DF60AV\/DF70A\/DF90A\/DF115A\/DF115SS\/DF140A\/DF150A\/DF150AP\/DF175A\/DF175AP\/DF200A\/DF250AP\/DF300AP\/DF350A Numer oryginalny: suzuki 37860-87L00 Stan jak na zdj\u0119ciu. Nowy Cze\u015b\u0107 w 100% sprawna. W przypadku w\u0105tpliwo\u015bci, czy dana cze\u015b\u0107 pasuje do danego silnika prosz\u0119 zada\u0107 pytanie. Aukcja dotyczy jednej sztuki. Zapraszamy r\u00f3wnie\u017c na inne nasze aukcje,\u00a0posiadamy szeroki wyb\u00f3r cz\u0119\u015bci do silnik\u00f3w zaburtowych oraz [&hellip;]<\/p>\n","protected":false},"featured_media":7074,"comment_status":"open","ping_status":"closed","template":"","meta":[],"product_brand":[63],"product_cat":[115,120],"product_tag":[],"class_list":{"0":"post-2777","1":"product","2":"type-product","3":"status-publish","4":"has-post-thumbnail","6":"product_brand-suzuki","7":"product_cat-osprzet-silnikow","8":"product_cat-manetki-osprzet-silnikow","10":"first","11":"instock","12":"shipping-taxable","13":"purchasable","14":"product-type-simple"},"_links":{"self":[{"href":"https:\/\/srv113897.seohost.com.pl\/index.php\/wp-json\/wp\/v2\/product\/2777","targetHints":{"allow":["GET"]}}],"collection":[{"href":"https:\/\/srv113897.seohost.com.pl\/index.php\/wp-json\/wp\/v2\/product"}],"about":[{"href":"https:\/\/srv113897.seohost.com.pl\/index.php\/wp-json\/wp\/v2\/types\/product"}],"replies":[{"embeddable":true,"href":"https:\/\/srv113897.seohost.com.pl\/index.php\/wp-json\/wp\/v2\/comments?post=2777"}],"wp:featuredmedia":[{"embeddable":true,"href":"https:\/\/srv113897.seohost.com.pl\/index.php\/wp-json\/wp\/v2\/media\/7074"}],"wp:attachment":[{"href":"https:\/\/srv113897.seohost.com.pl\/index.php\/wp-json\/wp\/v2\/media?parent=2777"}],"wp:term":[{"taxonomy":"product_brand","embeddable":true,"href":"https:\/\/srv113897.seohost.com.pl\/index.php\/wp-json\/wp\/v2\/product_brand?post=2777"},{"taxonomy":"product_cat","embeddable":true,"href":"https:\/\/srv113897.seohost.com.pl\/index.php\/wp-json\/wp\/v2\/product_cat?post=2777"},{"taxonomy":"product_tag","embeddable":true,"href":"https:\/\/srv113897.seohost.com.pl\/index.php\/wp-json\/wp\/v2\/product_tag?post=2777"}],"curies":[{"name":"wp","href":"https:\/\/api.w.org\/{rel}","templated":true}]}}