{"id":2776,"date":"2025-10-01T20:31:18","date_gmt":"2025-10-01T18:31:18","guid":{"rendered":"https:\/\/srv113897.seohost.com.pl\/?post_type=product&#038;p=2776"},"modified":"2026-05-04T00:01:12","modified_gmt":"2026-05-03T22:01:12","slug":"suzuki-multi-zegar-trym-komplet-nowe-nr-68","status":"publish","type":"product","link":"https:\/\/srv113897.seohost.com.pl\/index.php\/produkt\/suzuki-multi-zegar-trym-komplet-nowe-nr-68\/","title":{"rendered":"Suzuki multi zegar trym Komplet Nowe nr. 68"},"content":{"rendered":"<p>W ofercie posiadamy:<\/p>\n<p>Oryginalny obrotomierz Suzuki z systemem ostrzegania za pomoc\u0105 kontrolek.<\/p>\n<p>Rozmiar 4&#8243;<\/p>\n<p>Zastosowanie do model\u00f3w: DF8A &#8211; 250<\/p>\n<p>Suzuki Marine 2 cale bia\u0142e wska\u017aniki trymu<\/p>\n<p>Produkt oryginalny suzuki suzuki 34200-93J11, 34800-93J11<\/p>\n<p>Komplet 2 zegary Mulit plus Trim<\/p>\n<p>Nowy<\/p>\n<p>Stan jak na zdj\u0119ciu.<\/p>\n<p>Cze\u015b\u0107 w 100% sprawna.<\/p>\n<p>W przypadku w\u0105tpliwo\u015bci, wy\u015blij zapytanie .<\/p>\n<p>Zapraszamy r\u00f3wnie\u017c na inne nasze aukcje, posiadamy szeroki wyb\u00f3r cz\u0119\u015bci do silnik\u00f3w zaburtowych oraz stacjonarnych.<\/p>\n","protected":false},"excerpt":{"rendered":"<p>W ofercie posiadamy: Oryginalny obrotomierz Suzuki z systemem ostrzegania za pomoc\u0105 kontrolek. Rozmiar 4&#8243; Zastosowanie do model\u00f3w: DF8A &#8211; 250 Suzuki Marine 2 cale bia\u0142e wska\u017aniki trymu Produkt oryginalny suzuki suzuki 34200-93J11, 34800-93J11 Komplet 2 zegary Mulit plus Trim Nowy Stan jak na zdj\u0119ciu. Cze\u015b\u0107 w 100% sprawna. W przypadku w\u0105tpliwo\u015bci, wy\u015blij zapytanie . Zapraszamy [&hellip;]<\/p>\n","protected":false},"featured_media":7066,"comment_status":"open","ping_status":"closed","template":"","meta":[],"product_brand":[63],"product_cat":[115,119],"product_tag":[],"class_list":{"0":"post-2776","1":"product","2":"type-product","3":"status-publish","4":"has-post-thumbnail","6":"product_brand-suzuki","7":"product_cat-osprzet-silnikow","8":"product_cat-zegary","10":"first","11":"instock","12":"shipping-taxable","13":"purchasable","14":"product-type-simple"},"_links":{"self":[{"href":"https:\/\/srv113897.seohost.com.pl\/index.php\/wp-json\/wp\/v2\/product\/2776","targetHints":{"allow":["GET"]}}],"collection":[{"href":"https:\/\/srv113897.seohost.com.pl\/index.php\/wp-json\/wp\/v2\/product"}],"about":[{"href":"https:\/\/srv113897.seohost.com.pl\/index.php\/wp-json\/wp\/v2\/types\/product"}],"replies":[{"embeddable":true,"href":"https:\/\/srv113897.seohost.com.pl\/index.php\/wp-json\/wp\/v2\/comments?post=2776"}],"wp:featuredmedia":[{"embeddable":true,"href":"https:\/\/srv113897.seohost.com.pl\/index.php\/wp-json\/wp\/v2\/media\/7066"}],"wp:attachment":[{"href":"https:\/\/srv113897.seohost.com.pl\/index.php\/wp-json\/wp\/v2\/media?parent=2776"}],"wp:term":[{"taxonomy":"product_brand","embeddable":true,"href":"https:\/\/srv113897.seohost.com.pl\/index.php\/wp-json\/wp\/v2\/product_brand?post=2776"},{"taxonomy":"product_cat","embeddable":true,"href":"https:\/\/srv113897.seohost.com.pl\/index.php\/wp-json\/wp\/v2\/product_cat?post=2776"},{"taxonomy":"product_tag","embeddable":true,"href":"https:\/\/srv113897.seohost.com.pl\/index.php\/wp-json\/wp\/v2\/product_tag?post=2776"}],"curies":[{"name":"wp","href":"https:\/\/api.w.org\/{rel}","templated":true}]}}