{"id":2742,"date":"2025-10-01T20:30:54","date_gmt":"2025-10-01T18:30:54","guid":{"rendered":"https:\/\/srv113897.seohost.com.pl\/?post_type=product&#038;p=2742"},"modified":"2026-05-04T00:00:37","modified_gmt":"2026-05-03T22:00:37","slug":"suzuki-manetka-boczna-df8a-250-10sztuk-nowe","status":"publish","type":"product","link":"https:\/\/srv113897.seohost.com.pl\/index.php\/produkt\/suzuki-manetka-boczna-df8a-250-10sztuk-nowe\/","title":{"rendered":"Suzuki manetka boczna DF8A-250 10sztuk NOWE"},"content":{"rendered":"<p>W ofercie posiadamy:<\/p>\n<p>Cena za 10 komplet\u00f3w.<\/p>\n<p>Na aukcji oferujemy zestaw 10 sztuk manetek nowe nie u\u017cywane.<\/p>\n<p>Manetk\u0119 do silnika zaburtowego suzuki pasuje do :<\/p>\n<p>Silnik zaburtowy Suzuki 150HP DF 150AST Pocz\u0105tek VIN # 240001 do 24XXXX OPCJA: PILOT<\/p>\n<p>Silnik zaburtowy Suzuki 250HP DF 250Z Pocz\u0105tek VIN # 040001 do 04XXXX OPCJA: PILOT<\/p>\n<p>Silnik zaburtowy Suzuki 225HP DF 225Z Pocz\u0105tek VIN # 040001 do 04XXXX OPCJA: PILOT<\/p>\n<p>Silnik zaburtowy Suzuki 200HP DF 200AT Pocz\u0105tek VIN # 040001 do 04XXXX OPCJA: PILOT<\/p>\n<p>Silnik zaburtowy Suzuki 150HP DF 150AST Pocz\u0105tek VIN # 140001 do 14XXXX OPCJA: PILOT<\/p>\n<p>Silnik zaburtowy Suzuki 200HP DF 200AST Pocz\u0105tek VIN # 040001 do 04XXXX OPCJA: PILOT<\/p>\n<p>Silnik zaburtowy Suzuki 200HP DF 200AST Pocz\u0105tek VIN # 140001 do 14XXXX OPCJA: PILOT<\/p>\n<p>Silnik zaburtowy Suzuki 175HP DF 175AZ Pocz\u0105tek VIN #040001 do 04XXXX OPCJA: PILOT<\/p>\n<p>Silnik zaburtowy Suzuki 200HP DF 200AZ Pocz\u0105tek VIN # 040001 do 04XXXX OPCJA: PILOT<\/p>\n<p>Silnik zaburtowy Suzuki 150HP DF 150AST Pocz\u0105tek VIN # 040001 do 04XXXX OPCJA: PILOT<\/p>\n<p>Silnik zaburtowy Suzuki 175HP DF 175AT Pocz\u0105tek VIN #040001 do 04XXXX OPCJA: PILOT<\/p>\n<p>Silnik zaburtowy Suzuki 115HP DF 115AST Pocz\u0105tek VIN # 040001 do 04XXXX OPCJA: PILOT (N\/KEY BEZ STARTU) (E11) (E40)<\/p>\n<p>Silnik zaburtowy Suzuki 115HP DF 115AZ Pocz\u0105tek VIN # 040001 do 04XXXX OPCJA: PILOT (N\/KEY BEZ STARTU) (E11) (E40)<\/p>\n<p>Silnik zaburtowy Suzuki 140HP DF 140AZ Pocz\u0105tek VIN # 040001 do 04XXXX OPCJA: PILOT (N\/KEY BEZ STARTU) (E11) (E40)<\/p>\n<p>Silnik zaburtowy Suzuki 100HP DF 100AT Pocz\u0105tek VIN # 040001 do 04XXXX OPCJA: PILOT (N\/KEY BEZ STARTU) (E11) (E40)<\/p>\n<p>Numer oryginalny: suzuki 67200-93J60<\/p>\n<p>Stan jak na zdj\u0119ciu.<\/p>\n<p>Nowy<\/p>\n<p>Cze\u015b\u0107 w 100% sprawna.<\/p>\n","protected":false},"excerpt":{"rendered":"<p>W ofercie posiadamy: Cena za 10 komplet\u00f3w. Na aukcji oferujemy zestaw 10 sztuk manetek nowe nie u\u017cywane. Manetk\u0119 do silnika zaburtowego suzuki pasuje do : Silnik zaburtowy Suzuki 150HP DF 150AST Pocz\u0105tek VIN # 240001 do 24XXXX OPCJA: PILOT Silnik zaburtowy Suzuki 250HP DF 250Z Pocz\u0105tek VIN # 040001 do 04XXXX OPCJA: PILOT Silnik zaburtowy [&hellip;]<\/p>\n","protected":false},"featured_media":7021,"comment_status":"open","ping_status":"closed","template":"","meta":[],"product_brand":[63],"product_cat":[115,120],"product_tag":[],"class_list":{"0":"post-2742","1":"product","2":"type-product","3":"status-publish","4":"has-post-thumbnail","6":"product_brand-suzuki","7":"product_cat-osprzet-silnikow","8":"product_cat-manetki-osprzet-silnikow","10":"first","11":"instock","12":"shipping-taxable","13":"purchasable","14":"product-type-simple"},"_links":{"self":[{"href":"https:\/\/srv113897.seohost.com.pl\/index.php\/wp-json\/wp\/v2\/product\/2742","targetHints":{"allow":["GET"]}}],"collection":[{"href":"https:\/\/srv113897.seohost.com.pl\/index.php\/wp-json\/wp\/v2\/product"}],"about":[{"href":"https:\/\/srv113897.seohost.com.pl\/index.php\/wp-json\/wp\/v2\/types\/product"}],"replies":[{"embeddable":true,"href":"https:\/\/srv113897.seohost.com.pl\/index.php\/wp-json\/wp\/v2\/comments?post=2742"}],"wp:featuredmedia":[{"embeddable":true,"href":"https:\/\/srv113897.seohost.com.pl\/index.php\/wp-json\/wp\/v2\/media\/7021"}],"wp:attachment":[{"href":"https:\/\/srv113897.seohost.com.pl\/index.php\/wp-json\/wp\/v2\/media?parent=2742"}],"wp:term":[{"taxonomy":"product_brand","embeddable":true,"href":"https:\/\/srv113897.seohost.com.pl\/index.php\/wp-json\/wp\/v2\/product_brand?post=2742"},{"taxonomy":"product_cat","embeddable":true,"href":"https:\/\/srv113897.seohost.com.pl\/index.php\/wp-json\/wp\/v2\/product_cat?post=2742"},{"taxonomy":"product_tag","embeddable":true,"href":"https:\/\/srv113897.seohost.com.pl\/index.php\/wp-json\/wp\/v2\/product_tag?post=2742"}],"curies":[{"name":"wp","href":"https:\/\/api.w.org\/{rel}","templated":true}]}}