{"id":2508,"date":"2025-10-01T20:28:08","date_gmt":"2025-10-01T18:28:08","guid":{"rendered":"https:\/\/srv113897.seohost.com.pl\/?post_type=product&#038;p=2508"},"modified":"2026-05-03T23:59:04","modified_gmt":"2026-05-03T21:59:04","slug":"obrotomierz-paliwo-zegar-lodz-motorowka","status":"publish","type":"product","link":"https:\/\/srv113897.seohost.com.pl\/index.php\/produkt\/obrotomierz-paliwo-zegar-lodz-motorowka\/","title":{"rendered":"Obrotomierz paliwo Zegar \u0142\u00f3d\u017a motor\u00f3wka"},"content":{"rendered":"<div class=\"djc_fulltext\">\n<p><b>W ofercie posiadamy<\/b><b>:<\/b><\/p>\n<p><b>Zegar wska\u017anik Obrot\u00f3w silnika oraz paliwa\u00a0 Mariner<\/b><\/p>\n<p><b>Nowy<\/b><\/p>\n<p><b>Zapraszamy r\u00f3wnie\u017c na inne nasze aukcje,<\/b>\u00a0<b>posiadamy szeroki wyb\u00f3r cz\u0119\u015bci do silnik\u00f3w zaburtowych oraz stacjonarnych.<\/b><\/p>\n<\/div>\n<div class=\"djc_comments djc_clearfix\"><\/div>\n","protected":false},"excerpt":{"rendered":"<p>W ofercie posiadamy: Zegar wska\u017anik Obrot\u00f3w silnika oraz paliwa\u00a0 Mariner Nowy Zapraszamy r\u00f3wnie\u017c na inne nasze aukcje,\u00a0posiadamy szeroki wyb\u00f3r cz\u0119\u015bci do silnik\u00f3w zaburtowych oraz stacjonarnych.<\/p>\n","protected":false},"featured_media":6864,"comment_status":"open","ping_status":"closed","template":"","meta":[],"product_brand":[70],"product_cat":[115,119],"product_tag":[],"class_list":{"0":"post-2508","1":"product","2":"type-product","3":"status-publish","4":"has-post-thumbnail","6":"product_brand-mariner","7":"product_cat-osprzet-silnikow","8":"product_cat-zegary","10":"first","11":"instock","12":"shipping-taxable","13":"purchasable","14":"product-type-simple"},"_links":{"self":[{"href":"https:\/\/srv113897.seohost.com.pl\/index.php\/wp-json\/wp\/v2\/product\/2508","targetHints":{"allow":["GET"]}}],"collection":[{"href":"https:\/\/srv113897.seohost.com.pl\/index.php\/wp-json\/wp\/v2\/product"}],"about":[{"href":"https:\/\/srv113897.seohost.com.pl\/index.php\/wp-json\/wp\/v2\/types\/product"}],"replies":[{"embeddable":true,"href":"https:\/\/srv113897.seohost.com.pl\/index.php\/wp-json\/wp\/v2\/comments?post=2508"}],"wp:featuredmedia":[{"embeddable":true,"href":"https:\/\/srv113897.seohost.com.pl\/index.php\/wp-json\/wp\/v2\/media\/6864"}],"wp:attachment":[{"href":"https:\/\/srv113897.seohost.com.pl\/index.php\/wp-json\/wp\/v2\/media?parent=2508"}],"wp:term":[{"taxonomy":"product_brand","embeddable":true,"href":"https:\/\/srv113897.seohost.com.pl\/index.php\/wp-json\/wp\/v2\/product_brand?post=2508"},{"taxonomy":"product_cat","embeddable":true,"href":"https:\/\/srv113897.seohost.com.pl\/index.php\/wp-json\/wp\/v2\/product_cat?post=2508"},{"taxonomy":"product_tag","embeddable":true,"href":"https:\/\/srv113897.seohost.com.pl\/index.php\/wp-json\/wp\/v2\/product_tag?post=2508"}],"curies":[{"name":"wp","href":"https:\/\/api.w.org\/{rel}","templated":true}]}}