{"id":2506,"date":"2025-10-01T20:28:08","date_gmt":"2025-10-01T18:28:08","guid":{"rendered":"https:\/\/srv113897.seohost.com.pl\/?post_type=product&#038;p=2506"},"modified":"2026-05-03T23:58:53","modified_gmt":"2026-05-03T21:58:53","slug":"nawigacja-gps-garmin-echomap-plus-42cv","status":"publish","type":"product","link":"https:\/\/srv113897.seohost.com.pl\/index.php\/produkt\/nawigacja-gps-garmin-echomap-plus-42cv\/","title":{"rendered":"Nawigacja GPS Garmin ECHOMAP Plus 42cv"},"content":{"rendered":"<h3>W ofercie posiadamy:<\/h3>\n<p><b>Doskona\u0142e wyposa\u017cenie na ka\u017cdy rejs lub po\u0142\u00f3w<\/b><\/p>\n<p>Urz\u0105dzenie wielofunkcyjne z jasnym, czytelnym w pe\u0142nym s\u0142o\u0144cu ekranem 4.3<\/p>\n<p>Wbudowana obs\u0142uga tradycyjnej echosondy Garmin CHIRP i echosondy skanuj\u0105cej CHIRP ClearV\u00fc\u2122\u00a0(przetwornik do nabycia osobno)<\/p>\n<p>Fabrycznie za\u0142adowana mapa bazowa ca\u0142ego \u015bwiata; zgodna z BlueChart\u00ae\u00a0g3 oraz zaawansowanymi mapami brzegowymi BlueChart\u00ae\u00a0g3 Vision ze zintegrowanymi danymi Navionics\u00ae\u00a0i technologi\u0105 nawigacji automatycznej1<\/p>\n<p>Zawiera oprogramowanie Garmin Quickdraw\u2122\u00a0Contours, dzi\u0119ki kt\u00f3remu stworzysz na ekranie swoje w\u0142asne mapy z izobatami co 30\u00a0cm podczas w\u0119dkowania.<\/p>\n<p>Udost\u0119pniaj punkty trasy i trasy innym urz\u0105dzeniom ECHOMAP\u2122\u00a0i STRIKER\u2122<\/p>\n<p>To kompaktowe urz\u0105dzenie wielofunkcyjne jest doskonale wyposa\u017cone. Jest niezwykle \u0142atwe w monta\u017cu i obs\u0142udze oraz ma jasny ekran o przek\u0105tnej 4.3\u2033, czytelny nawet w najbardziej s\u0142oneczne dni na wodzie. Urz\u0105dzenie obs\u0142uguje tradycyjn\u0105 echosond\u0119 Garmin CHIRP zapewniaj\u0105c\u0105 wyra\u017ane rozr\u00f3\u017cnianie obiekt\u00f3w podwodnych i echosond\u0119 skanuj\u0105c\u0105 CHIRP ClearV\u00fc, kt\u00f3ra dostarcza obraz o niemal fotograficznej jako\u015bci. Urz\u0105dzenie jest wyposa\u017cone w fabrycznie za\u0142adowan\u0105 map\u0119 bazow\u0105 ca\u0142ego \u015bwiata i jest zgodne z\u00a0BlueChart g3\u00a0oraz zaawansowanymi mapami brzegowymi\u00a0BlueChart g3 Vision\u00a0ze zintegrowanymi danymi Navionics i technologi\u0105 nawigacji automatycznej1. Dodatkowo\u00a0oprogramowanie Quickdraw Contours,\u00a0dzi\u0119ki kt\u00f3remu stworzysz na ekranie swoje w\u0142asne mapy z izobatami co 30\u00a0cm podczas w\u0119dkowania. Udost\u0119pniaj punkty trasy i trasy innym urz\u0105dzeniom ECHOMAP i STRIKER. Uchwyt z szybkim mechanizmem zwalniaj\u0105cym umo\u017cliwia b\u0142yskawiczne od\u0142\u0105czenie urz\u0105dzenia od zasilania i od uchwytu.<\/p>\n<p><b>Przewaga dzi\u0119ki urz\u0105dzeniom Garmin CHIRP<\/b><\/p>\n<p>Wbudowane funkcje echosondy urz\u0105dzenia ECHOMAP Plus 42cv obejmuj\u0105 tradycyjn\u0105 echosond\u0119 CHIRP, czyli najbardziej zaawansowan\u0105 technologi\u0119 echosondy dost\u0119pn\u0105 dla w\u0119dkarzy i \u017ceglarzy. Tradycyjna echosonda CHIRP zapewnia doskona\u0142\u0105 rozdzielczo\u015b\u0107 i rozr\u00f3\u017cnianie cel\u00f3w, poniewa\u017c skupia jeszcze wi\u0119cej energii na celu ni\u017c tradycyjna echosonda. Urz\u0105dzenie umo\u017cliwia tak\u017ce obs\u0142ug\u0119 tradycyjnej echosondy w po\u0142\u0105czeniu z silnikami zaburtowymi Minn Kota\u00ae\u00a0i MotorGuide\u00ae\u00a0ze zintegrowanymi przetwornikami.<\/p>\n<p><b>Bez przetwornika tylko kabel zasilaj\u0105cy<\/b><\/p>\n<p><b>Produkt oryginalny.<\/b><\/p>\n<p><b>Stan jak na zdj\u0119ciu.<\/b><\/p>\n<p><b>Zapraszamy r\u00f3wnie\u017c na inne nasze aukcje,<\/b>\u00a0<b>posiadamy szeroki wyb\u00f3r cz\u0119\u015bci do silnik\u00f3w zaburtowych oraz stacjonarnych.<\/b><\/p>\n","protected":false},"excerpt":{"rendered":"<p>W ofercie posiadamy: Doskona\u0142e wyposa\u017cenie na ka\u017cdy rejs lub po\u0142\u00f3w Urz\u0105dzenie wielofunkcyjne z jasnym, czytelnym w pe\u0142nym s\u0142o\u0144cu ekranem 4.3 Wbudowana obs\u0142uga tradycyjnej echosondy Garmin CHIRP i echosondy skanuj\u0105cej CHIRP ClearV\u00fc\u2122\u00a0(przetwornik do nabycia osobno) Fabrycznie za\u0142adowana mapa bazowa ca\u0142ego \u015bwiata; zgodna z BlueChart\u00ae\u00a0g3 oraz zaawansowanymi mapami brzegowymi BlueChart\u00ae\u00a0g3 Vision ze zintegrowanymi danymi Navionics\u00ae\u00a0i technologi\u0105 nawigacji [&hellip;]<\/p>\n","protected":false},"featured_media":6847,"comment_status":"open","ping_status":"closed","template":"","meta":[],"product_brand":[127],"product_cat":[115,122],"product_tag":[],"class_list":{"0":"post-2506","1":"product","2":"type-product","3":"status-publish","4":"has-post-thumbnail","6":"product_brand-garmin","7":"product_cat-osprzet-silnikow","8":"product_cat-kompasy-nawigacja","10":"first","11":"instock","12":"shipping-taxable","13":"purchasable","14":"product-type-simple"},"_links":{"self":[{"href":"https:\/\/srv113897.seohost.com.pl\/index.php\/wp-json\/wp\/v2\/product\/2506","targetHints":{"allow":["GET"]}}],"collection":[{"href":"https:\/\/srv113897.seohost.com.pl\/index.php\/wp-json\/wp\/v2\/product"}],"about":[{"href":"https:\/\/srv113897.seohost.com.pl\/index.php\/wp-json\/wp\/v2\/types\/product"}],"replies":[{"embeddable":true,"href":"https:\/\/srv113897.seohost.com.pl\/index.php\/wp-json\/wp\/v2\/comments?post=2506"}],"wp:featuredmedia":[{"embeddable":true,"href":"https:\/\/srv113897.seohost.com.pl\/index.php\/wp-json\/wp\/v2\/media\/6847"}],"wp:attachment":[{"href":"https:\/\/srv113897.seohost.com.pl\/index.php\/wp-json\/wp\/v2\/media?parent=2506"}],"wp:term":[{"taxonomy":"product_brand","embeddable":true,"href":"https:\/\/srv113897.seohost.com.pl\/index.php\/wp-json\/wp\/v2\/product_brand?post=2506"},{"taxonomy":"product_cat","embeddable":true,"href":"https:\/\/srv113897.seohost.com.pl\/index.php\/wp-json\/wp\/v2\/product_cat?post=2506"},{"taxonomy":"product_tag","embeddable":true,"href":"https:\/\/srv113897.seohost.com.pl\/index.php\/wp-json\/wp\/v2\/product_tag?post=2506"}],"curies":[{"name":"wp","href":"https:\/\/api.w.org\/{rel}","templated":true}]}}