{"id":2505,"date":"2025-10-01T20:28:07","date_gmt":"2025-10-01T18:28:07","guid":{"rendered":"https:\/\/srv113897.seohost.com.pl\/?post_type=product&#038;p=2505"},"modified":"2026-05-03T23:58:46","modified_gmt":"2026-05-03T21:58:46","slug":"nawigacja-gps-furuno-navigator-gp-32","status":"publish","type":"product","link":"https:\/\/srv113897.seohost.com.pl\/index.php\/produkt\/nawigacja-gps-furuno-navigator-gp-32\/","title":{"rendered":"Nawigacja GPS Furuno Navigator GP-32"},"content":{"rendered":"<h1>W ofercie posiadamy:<\/h1>\n<p>Monochromatyczny wy\u015bwietlacz LCD, odbiornik WAAS\/GPS i nawigator z kablem Power\/Data Combo<\/p>\n<p>GP -32 Kompaktowy, wodoodporny, a jednocze\u015bnie du\u017cy pod wzgl\u0119dem mocy, funkcji i wydajno\u015bci, FURUNO GP-32 jest idealny do szerokiej gamy mniejszych \u0142odzi rybackich i \u0142odzi rekreacyjnych. Dane techniczne: 12-kana\u0142owy odbiornik GPS z r\u00f3wnoleg\u0142ym \u015bledzeniem z technologi\u0105 WAAS, gotowy na DGPS Pr\u0119dko\u015b\u0107 \u015bledzenia do 900 w\u0119z\u0142\u00f3w 20-sekundowa akwizycja ciep\u0142ego startu Dok\u0142adno\u015b\u0107 1-3M (95% czasu z w\u0142\u0105czonym WAAS i wy\u0142\u0105czonym SA) 4,5-calowy, monochromatyczny, monochromatyczny, srebrny, jasny ekran LCD o wysokim kontra\u015bcie Transfer danych punktu i trasy przez komputer do innego GP32 5 dost\u0119pnych tryb\u00f3w wy\u015bwietlania Ploter \u2013 14 skal wykres\u00f3w od 0,2 \u2013 320 N.M. NavData \u2013 Wskazanie pozycji w TD Sterowanie \u2014 graficzna informacja o kursie statku, pozycji i pr\u0119dko\u015bci Autostrada \u2013 8 skal zasi\u0119gu od 0,2 \u2013 16 N.M. Pr\u0119dko\u015bciomierz z wy\u015bwietlaczem analogowym lub cyfrowym Dwa ekrany konfigurowalne przez u\u017cytkownika Klucz \u201ecz\u0142owiek za burt\u0105\u201d Wej\u015bcie do punktu przez TD Loran-C (tryb autostrady) Alarmy przylotu, XTE, obserwacja kotwicy i punkty wysokiej\/niskiej pr\u0119dko\u015bci Pojemno\u015b\u0107 pami\u0119ci: 1000 punkt\u00f3w toru statku, 999 punkt\u00f3w dla punkt\u00f3w trasy i znaki oraz 50 tras sk\u0142adaj\u0105cych si\u0119 z maksymalnie 30 punkt\u00f3w trasy Komentarze punkt\u00f3w orientacyjnych do 16 znak\u00f3w Znaki zdarze\u0144 wprowadzone za pomoc\u0105 jednego z dziewi\u0119ciu symboli 2 porty danych dla RS422 i RS232 Przesy\u0142aj dane nawigacyjne do radaru, plotera nawigacyjnego, autopilota lub sondy przez port NMEA0183 Przesy\u0142aj\/pobieraj punkty i trasy bezpo\u015brednio z wy\u015bwietlacza NavNet Wbudowany symulator do wy\u015bwietlania i szkolenia w salonie<\/p>\n<p><b>Produkt oryginalny.<\/b><\/p>\n<p><b>Stan jak na zdj\u0119ciu.<\/b><\/p>\n<p>Cze\u015b\u0107 w 100% sprawna.<\/p>\n<p>W przypadku w\u0105tpliwo\u015bci, czy dana cze\u015b\u0107 pasuje do danego silnika prosimy o zadanie pytania.<\/p>\n<p><b>Zapraszamy r\u00f3wnie\u017c na inne nasze aukcje,<\/b>\u00a0<b>posiadamy szeroki wyb\u00f3r cz\u0119\u015bci do silnik\u00f3w zaburtowych oraz stacjonarnych.<\/b><\/p>\n","protected":false},"excerpt":{"rendered":"<p>W ofercie posiadamy: Monochromatyczny wy\u015bwietlacz LCD, odbiornik WAAS\/GPS i nawigator z kablem Power\/Data Combo GP -32 Kompaktowy, wodoodporny, a jednocze\u015bnie du\u017cy pod wzgl\u0119dem mocy, funkcji i wydajno\u015bci, FURUNO GP-32 jest idealny do szerokiej gamy mniejszych \u0142odzi rybackich i \u0142odzi rekreacyjnych. Dane techniczne: 12-kana\u0142owy odbiornik GPS z r\u00f3wnoleg\u0142ym \u015bledzeniem z technologi\u0105 WAAS, gotowy na DGPS Pr\u0119dko\u015b\u0107 [&hellip;]<\/p>\n","protected":false},"featured_media":6843,"comment_status":"open","ping_status":"closed","template":"","meta":[],"product_brand":[126],"product_cat":[115,122],"product_tag":[],"class_list":{"0":"post-2505","1":"product","2":"type-product","3":"status-publish","4":"has-post-thumbnail","6":"product_brand-furuno","7":"product_cat-osprzet-silnikow","8":"product_cat-kompasy-nawigacja","10":"first","11":"instock","12":"shipping-taxable","13":"purchasable","14":"product-type-simple"},"_links":{"self":[{"href":"https:\/\/srv113897.seohost.com.pl\/index.php\/wp-json\/wp\/v2\/product\/2505","targetHints":{"allow":["GET"]}}],"collection":[{"href":"https:\/\/srv113897.seohost.com.pl\/index.php\/wp-json\/wp\/v2\/product"}],"about":[{"href":"https:\/\/srv113897.seohost.com.pl\/index.php\/wp-json\/wp\/v2\/types\/product"}],"replies":[{"embeddable":true,"href":"https:\/\/srv113897.seohost.com.pl\/index.php\/wp-json\/wp\/v2\/comments?post=2505"}],"wp:featuredmedia":[{"embeddable":true,"href":"https:\/\/srv113897.seohost.com.pl\/index.php\/wp-json\/wp\/v2\/media\/6843"}],"wp:attachment":[{"href":"https:\/\/srv113897.seohost.com.pl\/index.php\/wp-json\/wp\/v2\/media?parent=2505"}],"wp:term":[{"taxonomy":"product_brand","embeddable":true,"href":"https:\/\/srv113897.seohost.com.pl\/index.php\/wp-json\/wp\/v2\/product_brand?post=2505"},{"taxonomy":"product_cat","embeddable":true,"href":"https:\/\/srv113897.seohost.com.pl\/index.php\/wp-json\/wp\/v2\/product_cat?post=2505"},{"taxonomy":"product_tag","embeddable":true,"href":"https:\/\/srv113897.seohost.com.pl\/index.php\/wp-json\/wp\/v2\/product_tag?post=2505"}],"curies":[{"name":"wp","href":"https:\/\/api.w.org\/{rel}","templated":true}]}}