{"id":2504,"date":"2025-10-01T20:28:07","date_gmt":"2025-10-01T18:28:07","guid":{"rendered":"https:\/\/srv113897.seohost.com.pl\/?post_type=product&#038;p=2504"},"modified":"2026-05-03T23:58:43","modified_gmt":"2026-05-03T21:58:43","slug":"multi-zegar-kolorowy-lcd-suzuki-df9-9b-do-250","status":"publish","type":"product","link":"https:\/\/srv113897.seohost.com.pl\/index.php\/produkt\/multi-zegar-kolorowy-lcd-suzuki-df9-9b-do-250\/","title":{"rendered":"Multi zegar kolorowy LCD SUZUKI DF9.9B do 250"},"content":{"rendered":"<p>W ofercie posiadamy:<\/p>\n<p>Oryginalny cyfrowy multizegar Suzuki<\/p>\n<p>ORYGINALNE CZ\u0118\u015aCI SUZUKI SMG4 ZESTAW WY\u015aWIETLACZA 34000-96L49 WIELOFUNKCYJNY ZABURTOWY ZABURTOWY SUZUKI NAJNOWOCZE\u015aNIEJSZY KOLOROWY WY\u015aWIETLACZ LCD W PE\u0141NI KOMPATYBILNY Z SYSTEMAMI NMEA 2K WSP\u00d3\u0141PRACUJE Z: DF9.9B do 250 4-SUWOWYCH SILNIK\u00d3W ZABURTOWYCH SUZUKI S\/N 310001 I WI\u0118CEJ.<\/p>\n<p>NOWY wielofunkcyjny zestaw wska\u017anik\u00f3w SMG4 wykorzystuje najnowocze\u015bniejszy wy\u015bwietlacz LCD o wysokim kontra\u015bcie do monitorowania i wprowadzania danych graficznych i liczbowych w czasie rzeczywistym. Po pod\u0142\u0105czeniu do systemu SMIS mo\u017ce monitorowa\u0107 wszystkie funkcje silnika, pr\u0119dko\u015bciomierz, obrotomierz i GPS. Wraz z wieloma innymi funkcjami. Ten wska\u017anik jest dostarczany z adapterem wska\u017anika wymaganym do prawid\u0142owego dzia\u0142ania ze wszystkimi silnikami sterowanymi MECHANICZNIE. Jeden zestaw na aplikacj\u0119 silnika. Nie b\u0119dziesz potrzebowa\u0107 czujnika poziomu p\u0142ynu. Miernik jest kompatybilny z nadajnikami paliwa WEMA i dostarcza dane dla maksymalnie dw\u00f3ch zbiornik\u00f3w paliwa na \u0142odzi.<\/p>\n<p>Zastosowanie do model\u00f3w: DF9.9B do 250 4-SUWOWYCH SILNIK\u00d3W ZABURTOWYCH SUZUKI S\/N 310001 I WI\u0118CEJ.<\/p>\n<p>Produkt oryginalny suzuki suzuki 34000-96L49<\/p>\n<p>Nowy<\/p>\n<p>Stan jak na zdj\u0119ciu.<\/p>\n<p>Cze\u015b\u0107 w 100% sprawna.<\/p>\n<p>W przypadku w\u0105tpliwo\u015bci, wy\u015blij zapytanie .<\/p>\n<p>Zapraszamy r\u00f3wnie\u017c na inne nasze aukcje, posiadamy szeroki wyb\u00f3r cz\u0119\u015bci do silnik\u00f3w zaburtowych oraz stacjonarnych.<\/p>\n","protected":false},"excerpt":{"rendered":"<p>W ofercie posiadamy: Oryginalny cyfrowy multizegar Suzuki ORYGINALNE CZ\u0118\u015aCI SUZUKI SMG4 ZESTAW WY\u015aWIETLACZA 34000-96L49 WIELOFUNKCYJNY ZABURTOWY ZABURTOWY SUZUKI NAJNOWOCZE\u015aNIEJSZY KOLOROWY WY\u015aWIETLACZ LCD W PE\u0141NI KOMPATYBILNY Z SYSTEMAMI NMEA 2K WSP\u00d3\u0141PRACUJE Z: DF9.9B do 250 4-SUWOWYCH SILNIK\u00d3W ZABURTOWYCH SUZUKI S\/N 310001 I WI\u0118CEJ. NOWY wielofunkcyjny zestaw wska\u017anik\u00f3w SMG4 wykorzystuje najnowocze\u015bniejszy wy\u015bwietlacz LCD o wysokim kontra\u015bcie do [&hellip;]<\/p>\n","protected":false},"featured_media":6836,"comment_status":"open","ping_status":"closed","template":"","meta":[],"product_brand":[63],"product_cat":[115,119],"product_tag":[],"class_list":{"0":"post-2504","1":"product","2":"type-product","3":"status-publish","4":"has-post-thumbnail","6":"product_brand-suzuki","7":"product_cat-osprzet-silnikow","8":"product_cat-zegary","10":"first","11":"instock","12":"shipping-taxable","13":"purchasable","14":"product-type-simple"},"_links":{"self":[{"href":"https:\/\/srv113897.seohost.com.pl\/index.php\/wp-json\/wp\/v2\/product\/2504","targetHints":{"allow":["GET"]}}],"collection":[{"href":"https:\/\/srv113897.seohost.com.pl\/index.php\/wp-json\/wp\/v2\/product"}],"about":[{"href":"https:\/\/srv113897.seohost.com.pl\/index.php\/wp-json\/wp\/v2\/types\/product"}],"replies":[{"embeddable":true,"href":"https:\/\/srv113897.seohost.com.pl\/index.php\/wp-json\/wp\/v2\/comments?post=2504"}],"wp:featuredmedia":[{"embeddable":true,"href":"https:\/\/srv113897.seohost.com.pl\/index.php\/wp-json\/wp\/v2\/media\/6836"}],"wp:attachment":[{"href":"https:\/\/srv113897.seohost.com.pl\/index.php\/wp-json\/wp\/v2\/media?parent=2504"}],"wp:term":[{"taxonomy":"product_brand","embeddable":true,"href":"https:\/\/srv113897.seohost.com.pl\/index.php\/wp-json\/wp\/v2\/product_brand?post=2504"},{"taxonomy":"product_cat","embeddable":true,"href":"https:\/\/srv113897.seohost.com.pl\/index.php\/wp-json\/wp\/v2\/product_cat?post=2504"},{"taxonomy":"product_tag","embeddable":true,"href":"https:\/\/srv113897.seohost.com.pl\/index.php\/wp-json\/wp\/v2\/product_tag?post=2504"}],"curies":[{"name":"wp","href":"https:\/\/api.w.org\/{rel}","templated":true}]}}