{"id":2503,"date":"2025-10-01T20:28:07","date_gmt":"2025-10-01T18:28:07","guid":{"rendered":"https:\/\/srv113897.seohost.com.pl\/?post_type=product&#038;p=2503"},"modified":"2026-05-03T23:58:41","modified_gmt":"2026-05-03T21:58:41","slug":"mieszek-wydechowy-sx-omc-cobra-omc-cobra-1986-1993","status":"publish","type":"product","link":"https:\/\/srv113897.seohost.com.pl\/index.php\/produkt\/mieszek-wydechowy-sx-omc-cobra-omc-cobra-1986-1993\/","title":{"rendered":"Mieszek wydechowy SX\/OMC Cobra OMC Cobra 1986-1993"},"content":{"rendered":"<p><b>W ofercie posiadamy<\/b><b>:<\/b><\/p>\n<ul>\n<li>Zestaw mieszk\u00f3w paw\u0119\u017cy do SX \/ OMC Cobra, pasuje do OMC Cobra 1986-1993, pasuje do SX-C SX-M.<\/li>\n<li>Numery cz\u0119\u015bci zamiennych w celach informacyjnych: 3854127 3850426 3852352, idealnie pasuj\u0105.<\/li>\n<li>Przyjmuje wysokiej jako\u015bci stal nierdzewn\u0105 i gum\u0119 klasy morskiej, profesjonalnie przetworzon\u0105, odporn\u0105 na wod\u0119 morsk\u0105 i ma d\u0142ug\u0105 \u017cywotno\u015b\u0107.<\/li>\n<li>Mieszek ma cienk\u0105 \u015bcian\u0119, wy\u017csz\u0105 czu\u0142o\u015b\u0107 i mo\u017ce zapewni\u0107 lepsz\u0105 wydajno\u015b\u0107 silnika zaburtowego.<\/li>\n<li>Oryginalny standard, wspania\u0142a wymiana lub naprawa starego lub uszkodzonego.<\/li>\n<\/ul>\n<p><b>Zapraszamy r\u00f3wnie\u017c na inne nasze aukcje,<\/b>\u00a0<b>posiadamy szeroki wyb\u00f3r cz\u0119\u015bci do silnik\u00f3w zaburtowych oraz stacjonarnych.<\/b><\/p>\n","protected":false},"excerpt":{"rendered":"<p>W ofercie posiadamy: Zestaw mieszk\u00f3w paw\u0119\u017cy do SX \/ OMC Cobra, pasuje do OMC Cobra 1986-1993, pasuje do SX-C SX-M. Numery cz\u0119\u015bci zamiennych w celach informacyjnych: 3854127 3850426 3852352, idealnie pasuj\u0105. Przyjmuje wysokiej jako\u015bci stal nierdzewn\u0105 i gum\u0119 klasy morskiej, profesjonalnie przetworzon\u0105, odporn\u0105 na wod\u0119 morsk\u0105 i ma d\u0142ug\u0105 \u017cywotno\u015b\u0107. Mieszek ma cienk\u0105 \u015bcian\u0119, wy\u017csz\u0105 [&hellip;]<\/p>\n","protected":false},"featured_media":6831,"comment_status":"open","ping_status":"closed","template":"","meta":[],"product_brand":[105],"product_cat":[115,121],"product_tag":[],"class_list":{"0":"post-2503","1":"product","2":"type-product","3":"status-publish","4":"has-post-thumbnail","6":"product_brand-omc","7":"product_cat-osprzet-silnikow","8":"product_cat-uszczelki-przekladni","10":"first","11":"instock","12":"shipping-taxable","13":"purchasable","14":"product-type-simple"},"_links":{"self":[{"href":"https:\/\/srv113897.seohost.com.pl\/index.php\/wp-json\/wp\/v2\/product\/2503","targetHints":{"allow":["GET"]}}],"collection":[{"href":"https:\/\/srv113897.seohost.com.pl\/index.php\/wp-json\/wp\/v2\/product"}],"about":[{"href":"https:\/\/srv113897.seohost.com.pl\/index.php\/wp-json\/wp\/v2\/types\/product"}],"replies":[{"embeddable":true,"href":"https:\/\/srv113897.seohost.com.pl\/index.php\/wp-json\/wp\/v2\/comments?post=2503"}],"wp:featuredmedia":[{"embeddable":true,"href":"https:\/\/srv113897.seohost.com.pl\/index.php\/wp-json\/wp\/v2\/media\/6831"}],"wp:attachment":[{"href":"https:\/\/srv113897.seohost.com.pl\/index.php\/wp-json\/wp\/v2\/media?parent=2503"}],"wp:term":[{"taxonomy":"product_brand","embeddable":true,"href":"https:\/\/srv113897.seohost.com.pl\/index.php\/wp-json\/wp\/v2\/product_brand?post=2503"},{"taxonomy":"product_cat","embeddable":true,"href":"https:\/\/srv113897.seohost.com.pl\/index.php\/wp-json\/wp\/v2\/product_cat?post=2503"},{"taxonomy":"product_tag","embeddable":true,"href":"https:\/\/srv113897.seohost.com.pl\/index.php\/wp-json\/wp\/v2\/product_tag?post=2503"}],"curies":[{"name":"wp","href":"https:\/\/api.w.org\/{rel}","templated":true}]}}