{"id":2448,"date":"2025-10-01T20:27:25","date_gmt":"2025-10-01T18:27:25","guid":{"rendered":"https:\/\/srv113897.seohost.com.pl\/?post_type=product&#038;p=2448"},"modified":"2026-05-03T23:57:59","modified_gmt":"2026-05-03T21:57:59","slug":"manetka-topowa-do-silnika-zaburtowego-suzuki","status":"publish","type":"product","link":"https:\/\/srv113897.seohost.com.pl\/index.php\/produkt\/manetka-topowa-do-silnika-zaburtowego-suzuki\/","title":{"rendered":"Manetka topowa do silnika zaburtowego SUZUKI"},"content":{"rendered":"<p><b>W ofercie posiadamy<\/b><b>:<\/b><\/p>\n<p>Oryginalna manetka Topowa do\u00a0 silnik\u00f3w Suzuki<\/p>\n<p>Oryginalna manetka topowa do silnik\u00f3w Suzuki Marine DF z prze\u0142\u0105cznikiem power trim&#8217;u.<\/p>\n<p>Do modeli DF8AR-140AT\/Z 150T\/Z 175T\/Z 200T\/Z-250T\/Z<\/p>\n<p><b>Numer oryginalny: suzuki 67200-88L01<\/b><\/p>\n<p><b>Produkt oryginalny<\/b><\/p>\n<p>Cze\u015b\u0107\u00a0 sprawna.<\/p>\n<p><b>Zapraszamy r\u00f3wnie\u017c na inne nasze aukcje,<\/b>\u00a0<b>posiadamy szeroki wyb\u00f3r cz\u0119\u015bci do silnik\u00f3w zaburtowych oraz stacjonarnych.<\/b><\/p>\n","protected":false},"excerpt":{"rendered":"<p>W ofercie posiadamy: Oryginalna manetka Topowa do\u00a0 silnik\u00f3w Suzuki Oryginalna manetka topowa do silnik\u00f3w Suzuki Marine DF z prze\u0142\u0105cznikiem power trim&#8217;u. Do modeli DF8AR-140AT\/Z 150T\/Z 175T\/Z 200T\/Z-250T\/Z Numer oryginalny: suzuki 67200-88L01 Produkt oryginalny Cze\u015b\u0107\u00a0 sprawna. Zapraszamy r\u00f3wnie\u017c na inne nasze aukcje,\u00a0posiadamy szeroki wyb\u00f3r cz\u0119\u015bci do silnik\u00f3w zaburtowych oraz stacjonarnych.<\/p>\n","protected":false},"featured_media":6775,"comment_status":"open","ping_status":"closed","template":"","meta":[],"product_brand":[63],"product_cat":[115,120],"product_tag":[],"class_list":{"0":"post-2448","1":"product","2":"type-product","3":"status-publish","4":"has-post-thumbnail","6":"product_brand-suzuki","7":"product_cat-osprzet-silnikow","8":"product_cat-manetki-osprzet-silnikow","10":"first","11":"instock","12":"shipping-taxable","13":"purchasable","14":"product-type-simple"},"_links":{"self":[{"href":"https:\/\/srv113897.seohost.com.pl\/index.php\/wp-json\/wp\/v2\/product\/2448","targetHints":{"allow":["GET"]}}],"collection":[{"href":"https:\/\/srv113897.seohost.com.pl\/index.php\/wp-json\/wp\/v2\/product"}],"about":[{"href":"https:\/\/srv113897.seohost.com.pl\/index.php\/wp-json\/wp\/v2\/types\/product"}],"replies":[{"embeddable":true,"href":"https:\/\/srv113897.seohost.com.pl\/index.php\/wp-json\/wp\/v2\/comments?post=2448"}],"wp:featuredmedia":[{"embeddable":true,"href":"https:\/\/srv113897.seohost.com.pl\/index.php\/wp-json\/wp\/v2\/media\/6775"}],"wp:attachment":[{"href":"https:\/\/srv113897.seohost.com.pl\/index.php\/wp-json\/wp\/v2\/media?parent=2448"}],"wp:term":[{"taxonomy":"product_brand","embeddable":true,"href":"https:\/\/srv113897.seohost.com.pl\/index.php\/wp-json\/wp\/v2\/product_brand?post=2448"},{"taxonomy":"product_cat","embeddable":true,"href":"https:\/\/srv113897.seohost.com.pl\/index.php\/wp-json\/wp\/v2\/product_cat?post=2448"},{"taxonomy":"product_tag","embeddable":true,"href":"https:\/\/srv113897.seohost.com.pl\/index.php\/wp-json\/wp\/v2\/product_tag?post=2448"}],"curies":[{"name":"wp","href":"https:\/\/api.w.org\/{rel}","templated":true}]}}